{"id":21994,"date":"2025-09-17T19:38:46","date_gmt":"2025-09-17T18:38:46","guid":{"rendered":"https:\/\/tremunpiercing.com\/?post_type=product&#038;p=21994"},"modified":"2026-03-18T16:21:28","modified_gmt":"2026-03-18T15:21:28","slug":"lena-sw-mint-green","status":"publish","type":"product","link":"https:\/\/tremunpiercing.com\/fr\/product\/lena-sw-mint-green\/","title":{"rendered":"Lena - SW Vert Menthe"},"content":{"rendered":"<p>Le Lena - SW Mint Green ajoute une touche de couleur amusante \u00e0 toute ligne de piercing professionnelle. Fabriqu\u00e9e en titane F-136 de qualit\u00e9 implantaire, cette pi\u00e8ce de 16G, \u00e0 filetage interne de 3 mm, est orn\u00e9e d'un magnifique cristal Swarovski vert menthe, qui brille d'une \u00e9nergie fra\u00eeche. Convenant aux piercings labrets, h\u00e9lix et tragus, cette pi\u00e8ce allie confort et beaut\u00e9.<\/p>\n<p>Les fils internes permettent un port s\u00fbr et facile et minimisent les risques d'irritation. Con\u00e7u pour les studios qui privil\u00e9gient la s\u00e9curit\u00e9 et la qualit\u00e9, le Lena Mint Green allie qualit\u00e9, couleur et luxe. Cette pi\u00e8ce est un parfait compl\u00e9ment d'exposition haut de gamme !<\/p>","protected":false},"excerpt":{"rendered":"<ul>\n<li>Filetage interne<\/li>\n<li>Mat\u00e9riau : Titane de qualit\u00e9 implantaire F-136<\/li>\n<li>Taille : 3 mm<\/li>\n<li>Pierre pr\u00e9cieuse : Cristal de Swarovski<\/li>\n<li>Jauge : 16G<\/li>\n<\/ul>","protected":false},"featured_media":22378,"comment_status":"closed","ping_status":"closed","template":"","meta":{"_acf_changed":false},"product_brand":[],"product_cat":[442,340,343],"product_tag":[187,188,189,210,211,199,190,183,184],"class_list":{"0":"post-21994","1":"product","2":"type-product","3":"status-publish","4":"has-post-thumbnail","6":"product_cat-sw","7":"product_cat-titanium-jewelry","8":"product_cat-tops-titanium-jewelry","9":"product_tag-conch","10":"product_tag-ear","11":"product_tag-helix","12":"product_tag-labret","13":"product_tag-lip","14":"product_tag-nostril","15":"product_tag-oreja","16":"product_tag-perforacion","17":"product_tag-piercing","19":"first","20":"instock","21":"taxable","22":"shipping-taxable","23":"purchasable","24":"product-type-simple"},"acf":[],"gallery_images":[27502,27503],"_links":{"self":[{"href":"https:\/\/tremunpiercing.com\/fr\/wp-json\/wp\/v2\/product\/21994","targetHints":{"allow":["GET"]}}],"collection":[{"href":"https:\/\/tremunpiercing.com\/fr\/wp-json\/wp\/v2\/product"}],"about":[{"href":"https:\/\/tremunpiercing.com\/fr\/wp-json\/wp\/v2\/types\/product"}],"replies":[{"embeddable":true,"href":"https:\/\/tremunpiercing.com\/fr\/wp-json\/wp\/v2\/comments?post=21994"}],"version-history":[{"count":1,"href":"https:\/\/tremunpiercing.com\/fr\/wp-json\/wp\/v2\/product\/21994\/revisions"}],"predecessor-version":[{"id":27504,"href":"https:\/\/tremunpiercing.com\/fr\/wp-json\/wp\/v2\/product\/21994\/revisions\/27504"}],"wp:featuredmedia":[{"embeddable":true,"href":"https:\/\/tremunpiercing.com\/fr\/wp-json\/wp\/v2\/media\/22378"}],"wp:attachment":[{"href":"https:\/\/tremunpiercing.com\/fr\/wp-json\/wp\/v2\/media?parent=21994"}],"wp:term":[{"taxonomy":"product_brand","embeddable":true,"href":"https:\/\/tremunpiercing.com\/fr\/wp-json\/wp\/v2\/product_brand?post=21994"},{"taxonomy":"product_cat","embeddable":true,"href":"https:\/\/tremunpiercing.com\/fr\/wp-json\/wp\/v2\/product_cat?post=21994"},{"taxonomy":"product_tag","embeddable":true,"href":"https:\/\/tremunpiercing.com\/fr\/wp-json\/wp\/v2\/product_tag?post=21994"}],"curies":[{"name":"wp","href":"https:\/\/api.w.org\/{rel}","templated":true}]}}