{"id":22004,"date":"2025-09-17T19:46:58","date_gmt":"2025-09-17T18:46:58","guid":{"rendered":"https:\/\/tremunpiercing.com\/?post_type=product&#038;p=22004"},"modified":"2026-04-14T16:47:26","modified_gmt":"2026-04-14T15:47:26","slug":"lena-sw-light-peony","status":"publish","type":"product","link":"https:\/\/tremunpiercing.com\/fr\/product\/lena-sw-light-peony\/","title":{"rendered":"Lena - Opal Light Peony"},"content":{"rendered":"<p>Le Lena-Opal Light Peony est con\u00e7u pour celles qui aiment les d\u00e9tails doux et f\u00e9minins. La pierre Opal Light Peony est magnifiquement lumineuse et le bijou en titane F-136 de qualit\u00e9 implantaire est dot\u00e9 d'un filetage interne pour plus de confort et de s\u00e9curit\u00e9.<\/p>\n<p>Cette pi\u00e8ce est accentu\u00e9e par une taille d'environ 3 mm, parfaite pour les piercings au tragus, \u00e0 l'h\u00e9lix, au labret et plats. L'\u00e9clat pastel de l'Opale transmet une douceur dans la fa\u00e7on dont elle capte la lumi\u00e8re, tout en offrant un scintillement d\u00e9licat parfait pour un usage quotidien.<\/p>\n<p>En tant qu'option r\u00e9put\u00e9e et fiable parmi les studios de piercing et les professionnels, le Lena Opal Light Peony offre un charme sup\u00e9rieur, une biocompatibilit\u00e9 et une r\u00e9sistance centr\u00e9e sur le titane - un bijou de haute qualit\u00e9 essentiel dans toute collection ax\u00e9e sur l'\u00e9l\u00e9gance.<\/p>","protected":false},"excerpt":{"rendered":"<ul>\n<li>Filetage interne<\/li>\n<li>Mat\u00e9riau : Titane de qualit\u00e9 implantaire F-136<\/li>\n<li>Taille : 3 mm<\/li>\n<li>Gemmes : Opale Pivoine claire<\/li>\n<li>Jauge : 16G<\/li>\n<\/ul>","protected":false},"featured_media":22005,"comment_status":"closed","ping_status":"closed","template":"","meta":{"_acf_changed":false},"product_brand":[],"product_cat":[340,343],"product_tag":[187,188,189,210,211,199,190,183,184],"class_list":{"0":"post-22004","1":"product","2":"type-product","3":"status-publish","4":"has-post-thumbnail","6":"product_cat-titanium-jewelry","7":"product_cat-tops-titanium-jewelry","8":"product_tag-conch","9":"product_tag-ear","10":"product_tag-helix","11":"product_tag-labret","12":"product_tag-lip","13":"product_tag-nostril","14":"product_tag-oreja","15":"product_tag-perforacion","16":"product_tag-piercing","18":"first","19":"instock","20":"taxable","21":"shipping-taxable","22":"purchasable","23":"product-type-simple"},"acf":[],"gallery_images":[27498,27499],"_links":{"self":[{"href":"https:\/\/tremunpiercing.com\/fr\/wp-json\/wp\/v2\/product\/22004","targetHints":{"allow":["GET"]}}],"collection":[{"href":"https:\/\/tremunpiercing.com\/fr\/wp-json\/wp\/v2\/product"}],"about":[{"href":"https:\/\/tremunpiercing.com\/fr\/wp-json\/wp\/v2\/types\/product"}],"replies":[{"embeddable":true,"href":"https:\/\/tremunpiercing.com\/fr\/wp-json\/wp\/v2\/comments?post=22004"}],"version-history":[{"count":1,"href":"https:\/\/tremunpiercing.com\/fr\/wp-json\/wp\/v2\/product\/22004\/revisions"}],"predecessor-version":[{"id":27501,"href":"https:\/\/tremunpiercing.com\/fr\/wp-json\/wp\/v2\/product\/22004\/revisions\/27501"}],"wp:featuredmedia":[{"embeddable":true,"href":"https:\/\/tremunpiercing.com\/fr\/wp-json\/wp\/v2\/media\/22005"}],"wp:attachment":[{"href":"https:\/\/tremunpiercing.com\/fr\/wp-json\/wp\/v2\/media?parent=22004"}],"wp:term":[{"taxonomy":"product_brand","embeddable":true,"href":"https:\/\/tremunpiercing.com\/fr\/wp-json\/wp\/v2\/product_brand?post=22004"},{"taxonomy":"product_cat","embeddable":true,"href":"https:\/\/tremunpiercing.com\/fr\/wp-json\/wp\/v2\/product_cat?post=22004"},{"taxonomy":"product_tag","embeddable":true,"href":"https:\/\/tremunpiercing.com\/fr\/wp-json\/wp\/v2\/product_tag?post=22004"}],"curies":[{"name":"wp","href":"https:\/\/api.w.org\/{rel}","templated":true}]}}