{"id":22165,"date":"2025-09-22T23:13:19","date_gmt":"2025-09-22T22:13:19","guid":{"rendered":"https:\/\/tremunpiercing.com\/?post_type=product&#038;p=22165"},"modified":"2026-04-19T23:03:56","modified_gmt":"2026-04-19T22:03:56","slug":"emily-tourmalated-quartz-black-cz","status":"publish","type":"product","link":"https:\/\/tremunpiercing.com\/fr\/product\/emily-tourmalated-quartz-black-cz\/","title":{"rendered":"Emily &#8211; Tourmalated Quartz &amp; Black CZ"},"content":{"rendered":"<p>Le bracelet Emily en quartz tourmal\u00e9 et CZ noir est d'une sophistication audacieuse. Fabriqu\u00e9e en titane F-136 de qualit\u00e9 implantaire, cette pi\u00e8ce \u00e0 filetage interne 16G allie la nature myst\u00e9rieuse du quartz tourmal\u00e9 et les caract\u00e9ristiques \u00e9l\u00e9gantes du CZ noir.<\/p>\n<p>Ce style \u00e9tonnant et audacieux est id\u00e9al pour les piercings de conque, d'h\u00e9lix ou de lobe, avec des textures et des couleurs contrast\u00e9es. L'installation par un professionnel est essentielle ; son syst\u00e8me filet\u00e9 permet aux clients de se sentir \u00e0 l'aise et d'avoir une belle apparence.<\/p>\n<p>Solides, r\u00e9sistantes au ternissement et \u00e0 la corrosion, ces pi\u00e8ces allient durabilit\u00e9 et style moderne et sombre. Elles sont parfaites pour les sp\u00e9cialistes du piercing et les d\u00e9taillants dont les clients sont \u00e0 la recherche d'un style alternatif \u00e9l\u00e9gant.<\/p>","protected":false},"excerpt":{"rendered":"<ul>\n<li>Filetage interne<\/li>\n<li>Mat\u00e9riau : Titane de qualit\u00e9 implantaire F-136<\/li>\n<li>Jauge : 16G<\/li>\n<li>Gemmes : Quartz tourmal\u00e9 + CZ noir<\/li>\n<\/ul>","protected":false},"featured_media":22166,"comment_status":"closed","ping_status":"closed","template":"","meta":{"_acf_changed":false},"product_brand":[],"product_cat":[340,343],"product_tag":[187,188,189,205,206,190,183,184,207],"class_list":{"0":"post-22165","1":"product","2":"type-product","3":"status-publish","4":"has-post-thumbnail","6":"product_cat-titanium-jewelry","7":"product_cat-tops-titanium-jewelry","8":"product_tag-conch","9":"product_tag-ear","10":"product_tag-helix","11":"product_tag-lobe","12":"product_tag-lobulo","13":"product_tag-oreja","14":"product_tag-perforacion","15":"product_tag-piercing","16":"product_tag-tragus","18":"first","19":"instock","20":"taxable","21":"shipping-taxable","22":"purchasable","23":"product-type-simple"},"acf":[],"gallery_images":[26873,26874],"_links":{"self":[{"href":"https:\/\/tremunpiercing.com\/fr\/wp-json\/wp\/v2\/product\/22165","targetHints":{"allow":["GET"]}}],"collection":[{"href":"https:\/\/tremunpiercing.com\/fr\/wp-json\/wp\/v2\/product"}],"about":[{"href":"https:\/\/tremunpiercing.com\/fr\/wp-json\/wp\/v2\/types\/product"}],"replies":[{"embeddable":true,"href":"https:\/\/tremunpiercing.com\/fr\/wp-json\/wp\/v2\/comments?post=22165"}],"version-history":[{"count":1,"href":"https:\/\/tremunpiercing.com\/fr\/wp-json\/wp\/v2\/product\/22165\/revisions"}],"predecessor-version":[{"id":26875,"href":"https:\/\/tremunpiercing.com\/fr\/wp-json\/wp\/v2\/product\/22165\/revisions\/26875"}],"wp:featuredmedia":[{"embeddable":true,"href":"https:\/\/tremunpiercing.com\/fr\/wp-json\/wp\/v2\/media\/22166"}],"wp:attachment":[{"href":"https:\/\/tremunpiercing.com\/fr\/wp-json\/wp\/v2\/media?parent=22165"}],"wp:term":[{"taxonomy":"product_brand","embeddable":true,"href":"https:\/\/tremunpiercing.com\/fr\/wp-json\/wp\/v2\/product_brand?post=22165"},{"taxonomy":"product_cat","embeddable":true,"href":"https:\/\/tremunpiercing.com\/fr\/wp-json\/wp\/v2\/product_cat?post=22165"},{"taxonomy":"product_tag","embeddable":true,"href":"https:\/\/tremunpiercing.com\/fr\/wp-json\/wp\/v2\/product_tag?post=22165"}],"curies":[{"name":"wp","href":"https:\/\/api.w.org\/{rel}","templated":true}]}}