{"id":22171,"date":"2025-09-22T23:19:25","date_gmt":"2025-09-22T22:19:25","guid":{"rendered":"https:\/\/tremunpiercing.com\/?post_type=product&#038;p=22171"},"modified":"2026-04-20T16:10:05","modified_gmt":"2026-04-20T15:10:05","slug":"oval-cab-amethyst","status":"publish","type":"product","link":"https:\/\/tremunpiercing.com\/fr\/product\/oval-cab-amethyst\/","title":{"rendered":"Cabine ovale - Am\u00e9thyste"},"content":{"rendered":"<p>L'Oval Cab - Amethyst met en valeur la beaut\u00e9 de l'am\u00e9thyste naturelle, sertie dans du titane F-136 de qualit\u00e9 implantaire, ce qui signifie que vous pouvez la porter en toute s\u00e9curit\u00e9 sur le long terme. Le cabochon ovale (5,6 mm x 3,3 mm) est une pi\u00e8ce lisse et polie, d'une riche coloration violette. Il n'est pas \u00e9tonnant qu'il ait fait une impression imm\u00e9diate sur ceux qui appr\u00e9cient \u00e0 la fois la qualit\u00e9 et l'esth\u00e9tique. La tige 16G \u00e0 filetage interne est con\u00e7ue pour s'adapter solidement tout en \u00e9vitant les irritations. Elle est \u00e9galement id\u00e9ale pour les piercings \u00e0 l'h\u00e9lix, au lobe et au tragus.<\/p>\n<p>Chacune d'entre elles met en valeur le caract\u00e8re unique des pierres naturelles, de sorte que chaque pi\u00e8ce devrait pr\u00e9senter une petite diff\u00e9rence. Cette pi\u00e8ce a \u00e9t\u00e9 con\u00e7ue pour les professionnels, ce qui signifie qu'elle est parfaite pour les artistes du piercing et les fournisseurs de bijoux qui veulent quelque chose d'organique et d'\u00e9l\u00e9gant dans les moindres d\u00e9tails !<\/p>","protected":false},"excerpt":{"rendered":"<ul>\n<li>Filetage interne<\/li>\n<li>Mat\u00e9riau : Titane de qualit\u00e9 implantaire F-136<\/li>\n<li>Jauge : 16G<\/li>\n<li>Gemme : Am\u00e9thyste - Pierre naturelle<\/li>\n<li>Taille des pierres : 5.6mm x 3.3mm<\/li>\n<\/ul>","protected":false},"featured_media":22172,"comment_status":"closed","ping_status":"closed","template":"","meta":{"_acf_changed":false},"product_brand":[],"product_cat":[340,343],"product_tag":[187,179,180,188,209,189,210,211,212,190,183,184,207],"class_list":{"0":"post-22171","1":"product","2":"type-product","3":"status-publish","4":"has-post-thumbnail","6":"product_cat-titanium-jewelry","7":"product_cat-tops-titanium-jewelry","8":"product_tag-conch","9":"product_tag-cristal","10":"product_tag-cz","11":"product_tag-ear","12":"product_tag-faux-rook","13":"product_tag-helix","14":"product_tag-labret","15":"product_tag-lip","16":"product_tag-medusa","17":"product_tag-oreja","18":"product_tag-perforacion","19":"product_tag-piercing","20":"product_tag-tragus","22":"first","23":"instock","24":"taxable","25":"shipping-taxable","26":"purchasable","27":"product-type-simple"},"acf":[],"gallery_images":[22173,27444,27443],"_links":{"self":[{"href":"https:\/\/tremunpiercing.com\/fr\/wp-json\/wp\/v2\/product\/22171","targetHints":{"allow":["GET"]}}],"collection":[{"href":"https:\/\/tremunpiercing.com\/fr\/wp-json\/wp\/v2\/product"}],"about":[{"href":"https:\/\/tremunpiercing.com\/fr\/wp-json\/wp\/v2\/types\/product"}],"replies":[{"embeddable":true,"href":"https:\/\/tremunpiercing.com\/fr\/wp-json\/wp\/v2\/comments?post=22171"}],"version-history":[{"count":1,"href":"https:\/\/tremunpiercing.com\/fr\/wp-json\/wp\/v2\/product\/22171\/revisions"}],"predecessor-version":[{"id":27445,"href":"https:\/\/tremunpiercing.com\/fr\/wp-json\/wp\/v2\/product\/22171\/revisions\/27445"}],"wp:featuredmedia":[{"embeddable":true,"href":"https:\/\/tremunpiercing.com\/fr\/wp-json\/wp\/v2\/media\/22172"}],"wp:attachment":[{"href":"https:\/\/tremunpiercing.com\/fr\/wp-json\/wp\/v2\/media?parent=22171"}],"wp:term":[{"taxonomy":"product_brand","embeddable":true,"href":"https:\/\/tremunpiercing.com\/fr\/wp-json\/wp\/v2\/product_brand?post=22171"},{"taxonomy":"product_cat","embeddable":true,"href":"https:\/\/tremunpiercing.com\/fr\/wp-json\/wp\/v2\/product_cat?post=22171"},{"taxonomy":"product_tag","embeddable":true,"href":"https:\/\/tremunpiercing.com\/fr\/wp-json\/wp\/v2\/product_tag?post=22171"}],"curies":[{"name":"wp","href":"https:\/\/api.w.org\/{rel}","templated":true}]}}