{"id":22175,"date":"2025-09-22T23:23:19","date_gmt":"2025-09-22T22:23:19","guid":{"rendered":"https:\/\/tremunpiercing.com\/?post_type=product&#038;p=22175"},"modified":"2026-04-20T16:10:05","modified_gmt":"2026-04-20T15:10:05","slug":"oval-cab-labradorite","status":"publish","type":"product","link":"https:\/\/tremunpiercing.com\/fr\/product\/oval-cab-labradorite\/","title":{"rendered":"Cabine ovale - Labradorite"},"content":{"rendered":"<p>La labradorite Oval Cab allie une beaut\u00e9 organique \u00e0 une esth\u00e9tique tr\u00e8s travaill\u00e9e. Incrust\u00e9e d'un quartz tourmal\u00e9 naturel de 5,6 mm x 3,3 mm, cette pi\u00e8ce offre une profondeur de couleur \u00e9tonnante. Ce bijou \u00e0 filetage interne 16G, fabriqu\u00e9 en titane F-136 de qualit\u00e9 implantaire, peut \u00eatre port\u00e9 en toute s\u00e9curit\u00e9 et est confortable.<\/p>\n<p>La qualit\u00e9 iridescente de la gemme de taille ovale en fait une excellente option pour les piercings de conque, de lobe ou plats pour ceux qui appr\u00e9cient la beaut\u00e9 organique. L'Oval Cab est une excellente option pour les studios disposant d'une collection de pierres pr\u00e9cieuses. Il s'agit d'une \u0153uvre d'art, mais aussi d'un objet fonctionnel. La base en titane poli cr\u00e9e l'\u00e9clat ultime, faisant de chaque pi\u00e8ce une touche finale exceptionnelle et unique.<\/p>","protected":false},"excerpt":{"rendered":"<ul>\n<li>Filetage interne<\/li>\n<li>Mat\u00e9riau : Titane de qualit\u00e9 implantaire F-136<\/li>\n<li>Jauge : 16G<\/li>\n<li>Gemme : Labradorite<\/li>\n<li>Taille des pierres : 5.6mm x 3.3mm<\/li>\n<\/ul>","protected":false},"featured_media":22176,"comment_status":"closed","ping_status":"closed","template":"","meta":{"_acf_changed":false},"product_brand":[],"product_cat":[340,343],"product_tag":[187,179,180,188,209,189,210,211,212,190,183,184,207],"class_list":{"0":"post-22175","1":"product","2":"type-product","3":"status-publish","4":"has-post-thumbnail","6":"product_cat-titanium-jewelry","7":"product_cat-tops-titanium-jewelry","8":"product_tag-conch","9":"product_tag-cristal","10":"product_tag-cz","11":"product_tag-ear","12":"product_tag-faux-rook","13":"product_tag-helix","14":"product_tag-labret","15":"product_tag-lip","16":"product_tag-medusa","17":"product_tag-oreja","18":"product_tag-perforacion","19":"product_tag-piercing","20":"product_tag-tragus","22":"first","23":"instock","24":"taxable","25":"shipping-taxable","26":"purchasable","27":"product-type-simple"},"acf":[],"gallery_images":[22177,27440,27441],"_links":{"self":[{"href":"https:\/\/tremunpiercing.com\/fr\/wp-json\/wp\/v2\/product\/22175","targetHints":{"allow":["GET"]}}],"collection":[{"href":"https:\/\/tremunpiercing.com\/fr\/wp-json\/wp\/v2\/product"}],"about":[{"href":"https:\/\/tremunpiercing.com\/fr\/wp-json\/wp\/v2\/types\/product"}],"replies":[{"embeddable":true,"href":"https:\/\/tremunpiercing.com\/fr\/wp-json\/wp\/v2\/comments?post=22175"}],"version-history":[{"count":1,"href":"https:\/\/tremunpiercing.com\/fr\/wp-json\/wp\/v2\/product\/22175\/revisions"}],"predecessor-version":[{"id":27442,"href":"https:\/\/tremunpiercing.com\/fr\/wp-json\/wp\/v2\/product\/22175\/revisions\/27442"}],"wp:featuredmedia":[{"embeddable":true,"href":"https:\/\/tremunpiercing.com\/fr\/wp-json\/wp\/v2\/media\/22176"}],"wp:attachment":[{"href":"https:\/\/tremunpiercing.com\/fr\/wp-json\/wp\/v2\/media?parent=22175"}],"wp:term":[{"taxonomy":"product_brand","embeddable":true,"href":"https:\/\/tremunpiercing.com\/fr\/wp-json\/wp\/v2\/product_brand?post=22175"},{"taxonomy":"product_cat","embeddable":true,"href":"https:\/\/tremunpiercing.com\/fr\/wp-json\/wp\/v2\/product_cat?post=22175"},{"taxonomy":"product_tag","embeddable":true,"href":"https:\/\/tremunpiercing.com\/fr\/wp-json\/wp\/v2\/product_tag?post=22175"}],"curies":[{"name":"wp","href":"https:\/\/api.w.org\/{rel}","templated":true}]}}