{"id":22201,"date":"2025-09-23T19:51:14","date_gmt":"2025-09-23T18:51:14","guid":{"rendered":"https:\/\/tremunpiercing.com\/?post_type=product&#038;p=22201"},"modified":"2026-04-19T10:21:22","modified_gmt":"2026-04-19T09:21:22","slug":"angel-sw-white","status":"publish","type":"product","link":"https:\/\/tremunpiercing.com\/fr\/product\/angel-sw-white\/","title":{"rendered":"Ange - SW Blanc"},"content":{"rendered":"<p>L'Angel SW White rayonne de luxe avec une brillance exquise, orn\u00e9 de pierres SW Zirconia. Fabriqu\u00e9 en titane F-136 de qualit\u00e9 implantaire, ce bijou est d'une qualit\u00e9 sup\u00e9rieure, biocompatible et durable. Le filetage interne 16G est tr\u00e8s appr\u00e9ci\u00e9 des perceurs en raison de son confort et de sa facilit\u00e9 d'utilisation. L'\u00e9clat brillant est parfait pour les piercings de l'h\u00e9lix, du lobe et du tragus, ce qui en fait une excellente option pour les clients qui veulent un look \u00e9l\u00e9gant sans les inconv\u00e9nients de l'inconfort.<\/p>\n<p>Con\u00e7u pour des performances de qualit\u00e9 studio, Angel ajoute toujours de la sophistication \u00e0 chaque collection de bijoux. Chaque d\u00e9tail est con\u00e7u pour incarner la pr\u00e9cision, la puret\u00e9 et l'attrait \u00e9ternel des bijoux contemporains.<\/p>","protected":false},"excerpt":{"rendered":"<ul>\n<li>Filetage interne<\/li>\n<li>Mat\u00e9riau : Titane de qualit\u00e9 implantaire F-136<\/li>\n<li>Jauge : 16G<\/li>\n<li>Gem : SW - Zircone Premium<\/li>\n<li>Taille : 3mm x 6mm<\/li>\n<\/ul>","protected":false},"featured_media":22202,"comment_status":"closed","ping_status":"closed","template":"","meta":{"_acf_changed":false},"product_brand":[],"product_cat":[442,340,343],"product_tag":[187,179,180,188,209,189,210,211,212,190,183,184,207],"class_list":{"0":"post-22201","1":"product","2":"type-product","3":"status-publish","4":"has-post-thumbnail","6":"product_cat-sw","7":"product_cat-titanium-jewelry","8":"product_cat-tops-titanium-jewelry","9":"product_tag-conch","10":"product_tag-cristal","11":"product_tag-cz","12":"product_tag-ear","13":"product_tag-faux-rook","14":"product_tag-helix","15":"product_tag-labret","16":"product_tag-lip","17":"product_tag-medusa","18":"product_tag-oreja","19":"product_tag-perforacion","20":"product_tag-piercing","21":"product_tag-tragus","23":"first","24":"instock","25":"taxable","26":"shipping-taxable","27":"purchasable","28":"product-type-variable"},"acf":[],"gallery_images":[22203,27419,27420],"_links":{"self":[{"href":"https:\/\/tremunpiercing.com\/fr\/wp-json\/wp\/v2\/product\/22201","targetHints":{"allow":["GET"]}}],"collection":[{"href":"https:\/\/tremunpiercing.com\/fr\/wp-json\/wp\/v2\/product"}],"about":[{"href":"https:\/\/tremunpiercing.com\/fr\/wp-json\/wp\/v2\/types\/product"}],"replies":[{"embeddable":true,"href":"https:\/\/tremunpiercing.com\/fr\/wp-json\/wp\/v2\/comments?post=22201"}],"version-history":[{"count":1,"href":"https:\/\/tremunpiercing.com\/fr\/wp-json\/wp\/v2\/product\/22201\/revisions"}],"predecessor-version":[{"id":27421,"href":"https:\/\/tremunpiercing.com\/fr\/wp-json\/wp\/v2\/product\/22201\/revisions\/27421"}],"wp:featuredmedia":[{"embeddable":true,"href":"https:\/\/tremunpiercing.com\/fr\/wp-json\/wp\/v2\/media\/22202"}],"wp:attachment":[{"href":"https:\/\/tremunpiercing.com\/fr\/wp-json\/wp\/v2\/media?parent=22201"}],"wp:term":[{"taxonomy":"product_brand","embeddable":true,"href":"https:\/\/tremunpiercing.com\/fr\/wp-json\/wp\/v2\/product_brand?post=22201"},{"taxonomy":"product_cat","embeddable":true,"href":"https:\/\/tremunpiercing.com\/fr\/wp-json\/wp\/v2\/product_cat?post=22201"},{"taxonomy":"product_tag","embeddable":true,"href":"https:\/\/tremunpiercing.com\/fr\/wp-json\/wp\/v2\/product_tag?post=22201"}],"curies":[{"name":"wp","href":"https:\/\/api.w.org\/{rel}","templated":true}]}}