{"id":22229,"date":"2025-09-23T20:23:16","date_gmt":"2025-09-23T19:23:16","guid":{"rendered":"https:\/\/tremunpiercing.com\/?post_type=product&#038;p=22229"},"modified":"2026-04-18T13:47:22","modified_gmt":"2026-04-18T12:47:22","slug":"cecilia-black","status":"publish","type":"product","link":"https:\/\/tremunpiercing.com\/fr\/product\/cecilia-black\/","title":{"rendered":"Cecilia - Noir"},"content":{"rendered":"<p>Le labret Cecilia Black r\u00e9pond \u00e0 un besoin de style \u00e9pur\u00e9 et moderne. Dot\u00e9 d'un zircon cubique noir parfaitement taill\u00e9, ce labret est une alternative chic et moderne aux pierres transparentes traditionnelles. Les d\u00e9licates griffes de la monture Cecilia cr\u00e9ent un style homog\u00e8ne et minimaliste qui met magnifiquement en valeur la pierre noire. Fabriqu\u00e9 en titane de qualit\u00e9 Implant (F-136) avec une tige \u00e0 filetage interne 16G, ce labret garantit confort et s\u00e9curit\u00e9.<\/p>\n<p>Le Cecilia est une pi\u00e8ce de base pour chaque studio, pour un client souhaitant un look monochromatique audacieux pour son oreille ou pour un piercing unique. En raison de sa nature classique et de sa polyvalence, il s'agit d'une n\u00e9cessit\u00e9 et d'un article tr\u00e8s demand\u00e9 par les perceurs qui s'adressent \u00e0 une client\u00e8le \u00e0 la pointe de la mode.<\/p>","protected":false},"excerpt":{"rendered":"<ul>\n<li>Filetage interne<\/li>\n<li>Mat\u00e9riau : Titane de qualit\u00e9 implantaire F-136<\/li>\n<li>Jauge : 16G<\/li>\n<li>Gemmes : Zircone cubique<\/li>\n<\/ul>","protected":false},"featured_media":22230,"comment_status":"closed","ping_status":"closed","template":"","meta":{"_acf_changed":false},"product_brand":[],"product_cat":[340,343],"product_tag":[187,179,180,188,209,189,210,211,212,190,183,184,207],"class_list":{"0":"post-22229","1":"product","2":"type-product","3":"status-publish","4":"has-post-thumbnail","6":"product_cat-titanium-jewelry","7":"product_cat-tops-titanium-jewelry","8":"product_tag-conch","9":"product_tag-cristal","10":"product_tag-cz","11":"product_tag-ear","12":"product_tag-faux-rook","13":"product_tag-helix","14":"product_tag-labret","15":"product_tag-lip","16":"product_tag-medusa","17":"product_tag-oreja","18":"product_tag-perforacion","19":"product_tag-piercing","20":"product_tag-tragus","22":"first","23":"instock","24":"taxable","25":"shipping-taxable","26":"purchasable","27":"product-type-simple"},"acf":[],"gallery_images":[27364,27363],"_links":{"self":[{"href":"https:\/\/tremunpiercing.com\/fr\/wp-json\/wp\/v2\/product\/22229","targetHints":{"allow":["GET"]}}],"collection":[{"href":"https:\/\/tremunpiercing.com\/fr\/wp-json\/wp\/v2\/product"}],"about":[{"href":"https:\/\/tremunpiercing.com\/fr\/wp-json\/wp\/v2\/types\/product"}],"replies":[{"embeddable":true,"href":"https:\/\/tremunpiercing.com\/fr\/wp-json\/wp\/v2\/comments?post=22229"}],"version-history":[{"count":1,"href":"https:\/\/tremunpiercing.com\/fr\/wp-json\/wp\/v2\/product\/22229\/revisions"}],"predecessor-version":[{"id":27365,"href":"https:\/\/tremunpiercing.com\/fr\/wp-json\/wp\/v2\/product\/22229\/revisions\/27365"}],"wp:featuredmedia":[{"embeddable":true,"href":"https:\/\/tremunpiercing.com\/fr\/wp-json\/wp\/v2\/media\/22230"}],"wp:attachment":[{"href":"https:\/\/tremunpiercing.com\/fr\/wp-json\/wp\/v2\/media?parent=22229"}],"wp:term":[{"taxonomy":"product_brand","embeddable":true,"href":"https:\/\/tremunpiercing.com\/fr\/wp-json\/wp\/v2\/product_brand?post=22229"},{"taxonomy":"product_cat","embeddable":true,"href":"https:\/\/tremunpiercing.com\/fr\/wp-json\/wp\/v2\/product_cat?post=22229"},{"taxonomy":"product_tag","embeddable":true,"href":"https:\/\/tremunpiercing.com\/fr\/wp-json\/wp\/v2\/product_tag?post=22229"}],"curies":[{"name":"wp","href":"https:\/\/api.w.org\/{rel}","templated":true}]}}