{"id":22232,"date":"2025-09-23T20:25:52","date_gmt":"2025-09-23T19:25:52","guid":{"rendered":"https:\/\/tremunpiercing.com\/?post_type=product&#038;p=22232"},"modified":"2026-03-28T22:02:23","modified_gmt":"2026-03-28T21:02:23","slug":"cecilia-topaz-blue-cz","status":"publish","type":"product","link":"https:\/\/tremunpiercing.com\/fr\/product\/cecilia-topaz-blue-cz\/","title":{"rendered":"Cecilia - Topaze Bleu CZ"},"content":{"rendered":"<h2>Cecilia Topaz Blue CZ labret<\/h2>\n<p>Le labret Cecilia Topaz Blue CZ offre un look cool et sophistiqu\u00e9. Le design pr\u00e9sente un magnifique zircon cubique bleu glac\u00e9 qui capture toute la beaut\u00e9 de la topaze brillante en une seule pierre magnifique sertie dans le style Cecilia pour un look propre et moderne qui accentue la couleur \u00e9blouissante de la pierre bleue.<\/p>\n<p>Fabriqu\u00e9 en titane de qualit\u00e9 implantaire (F-136) avec une tige \u00e0 filetage interne 16G, vos clients peuvent compter sur un ajustement confortable et s\u00fbr. La couleur bleue sereine est polyvalente, en particulier pour les personnes souhaitant une touche de couleur propre et fra\u00eeche pour leur conque, leur h\u00e9lix ou leur piercing de narine. Vous serez en mesure d'am\u00e9liorer les options de couleur de votre studio et de pr\u00e9senter \u00e0 tous vos clients cette magnifique couleur bleue tr\u00e8s populaire.<\/p>","protected":false},"excerpt":{"rendered":"<ul>\n<li>Filetage interne<\/li>\n<li>Mat\u00e9riau : Titane de qualit\u00e9 implantaire F-136<\/li>\n<li>Jauge : 16G<\/li>\n<li>Gemmes : Zircone cubique<\/li>\n<li>Taille : 4 mm x 6,7 mm<\/li>\n<\/ul>","protected":false},"featured_media":22233,"comment_status":"closed","ping_status":"closed","template":"","meta":{"_acf_changed":false},"product_brand":[],"product_cat":[340,343],"product_tag":[187,179,180,188,209,189,210,211,212,190,183,184,207],"class_list":{"0":"post-22232","1":"product","2":"type-product","3":"status-publish","4":"has-post-thumbnail","6":"product_cat-titanium-jewelry","7":"product_cat-tops-titanium-jewelry","8":"product_tag-conch","9":"product_tag-cristal","10":"product_tag-cz","11":"product_tag-ear","12":"product_tag-faux-rook","13":"product_tag-helix","14":"product_tag-labret","15":"product_tag-lip","16":"product_tag-medusa","17":"product_tag-oreja","18":"product_tag-perforacion","19":"product_tag-piercing","20":"product_tag-tragus","22":"first","23":"instock","24":"taxable","25":"shipping-taxable","26":"purchasable","27":"product-type-simple"},"acf":[],"gallery_images":[27366,27367],"_links":{"self":[{"href":"https:\/\/tremunpiercing.com\/fr\/wp-json\/wp\/v2\/product\/22232","targetHints":{"allow":["GET"]}}],"collection":[{"href":"https:\/\/tremunpiercing.com\/fr\/wp-json\/wp\/v2\/product"}],"about":[{"href":"https:\/\/tremunpiercing.com\/fr\/wp-json\/wp\/v2\/types\/product"}],"replies":[{"embeddable":true,"href":"https:\/\/tremunpiercing.com\/fr\/wp-json\/wp\/v2\/comments?post=22232"}],"version-history":[{"count":1,"href":"https:\/\/tremunpiercing.com\/fr\/wp-json\/wp\/v2\/product\/22232\/revisions"}],"predecessor-version":[{"id":27368,"href":"https:\/\/tremunpiercing.com\/fr\/wp-json\/wp\/v2\/product\/22232\/revisions\/27368"}],"wp:featuredmedia":[{"embeddable":true,"href":"https:\/\/tremunpiercing.com\/fr\/wp-json\/wp\/v2\/media\/22233"}],"wp:attachment":[{"href":"https:\/\/tremunpiercing.com\/fr\/wp-json\/wp\/v2\/media?parent=22232"}],"wp:term":[{"taxonomy":"product_brand","embeddable":true,"href":"https:\/\/tremunpiercing.com\/fr\/wp-json\/wp\/v2\/product_brand?post=22232"},{"taxonomy":"product_cat","embeddable":true,"href":"https:\/\/tremunpiercing.com\/fr\/wp-json\/wp\/v2\/product_cat?post=22232"},{"taxonomy":"product_tag","embeddable":true,"href":"https:\/\/tremunpiercing.com\/fr\/wp-json\/wp\/v2\/product_tag?post=22232"}],"curies":[{"name":"wp","href":"https:\/\/api.w.org\/{rel}","templated":true}]}}