{"id":22241,"date":"2025-09-23T20:38:48","date_gmt":"2025-09-23T19:38:48","guid":{"rendered":"https:\/\/tremunpiercing.com\/?post_type=product&#038;p=22241"},"modified":"2026-04-20T16:10:04","modified_gmt":"2026-04-20T15:10:04","slug":"cecilia-strawberry-quartz","status":"publish","type":"product","link":"https:\/\/tremunpiercing.com\/fr\/product\/cecilia-strawberry-quartz\/","title":{"rendered":"Cecilia - Quartz fraise"},"content":{"rendered":"<p>Ajoutez une touche de douceur et de rose \u00e0 votre collection de bijoux avec le labret Cecilia Strawberry Quartz. Ce labret pr\u00e9sente un cabochon de quartz fraise magnifiquement poli, connu pour sa couleur rose tendre et ses petites inclusions naturelles. La signature Cecilia, avec ses griffes minimalistes, fixe la pierre tout en laissant passer autant de lumi\u00e8re que possible pour mettre en valeur sa couleur d\u00e9licate.<\/p>\n<p>Fabriqu\u00e9 en titane de qualit\u00e9 implantaire (F-136) avec une tige 16G \u00e0 filetage interne, ce labret est garanti hypoallerg\u00e9nique et s\u00fbr. Ce labret est une excellente option pour vos clientes qui souhaitent ajouter une touche de couleur f\u00e9minine. Doux et sophistiqu\u00e9, ce mod\u00e8le est un excellent moyen d'introduire les pierres pr\u00e9cieuses de couleur dans votre studio.<\/p>","protected":false},"excerpt":{"rendered":"<ul>\n<li>Filetage interne<\/li>\n<li>Mat\u00e9riau : Titane de qualit\u00e9 implantaire F-136<\/li>\n<li>Jauge : 16G<\/li>\n<li>Gemmes : Quartz fraise<\/li>\n<li>Taille : 4 mm x 6,7 mm<\/li>\n<\/ul>","protected":false},"featured_media":22242,"comment_status":"closed","ping_status":"closed","template":"","meta":{"_acf_changed":false},"product_brand":[],"product_cat":[340,343],"product_tag":[187,179,180,188,209,189,210,211,212,190,183,184,207],"class_list":{"0":"post-22241","1":"product","2":"type-product","3":"status-publish","4":"has-post-thumbnail","6":"product_cat-titanium-jewelry","7":"product_cat-tops-titanium-jewelry","8":"product_tag-conch","9":"product_tag-cristal","10":"product_tag-cz","11":"product_tag-ear","12":"product_tag-faux-rook","13":"product_tag-helix","14":"product_tag-labret","15":"product_tag-lip","16":"product_tag-medusa","17":"product_tag-oreja","18":"product_tag-perforacion","19":"product_tag-piercing","20":"product_tag-tragus","22":"first","23":"instock","24":"taxable","25":"shipping-taxable","26":"purchasable","27":"product-type-simple"},"acf":[],"gallery_images":[27353,27354],"_links":{"self":[{"href":"https:\/\/tremunpiercing.com\/fr\/wp-json\/wp\/v2\/product\/22241","targetHints":{"allow":["GET"]}}],"collection":[{"href":"https:\/\/tremunpiercing.com\/fr\/wp-json\/wp\/v2\/product"}],"about":[{"href":"https:\/\/tremunpiercing.com\/fr\/wp-json\/wp\/v2\/types\/product"}],"replies":[{"embeddable":true,"href":"https:\/\/tremunpiercing.com\/fr\/wp-json\/wp\/v2\/comments?post=22241"}],"version-history":[{"count":1,"href":"https:\/\/tremunpiercing.com\/fr\/wp-json\/wp\/v2\/product\/22241\/revisions"}],"predecessor-version":[{"id":27356,"href":"https:\/\/tremunpiercing.com\/fr\/wp-json\/wp\/v2\/product\/22241\/revisions\/27356"}],"wp:featuredmedia":[{"embeddable":true,"href":"https:\/\/tremunpiercing.com\/fr\/wp-json\/wp\/v2\/media\/22242"}],"wp:attachment":[{"href":"https:\/\/tremunpiercing.com\/fr\/wp-json\/wp\/v2\/media?parent=22241"}],"wp:term":[{"taxonomy":"product_brand","embeddable":true,"href":"https:\/\/tremunpiercing.com\/fr\/wp-json\/wp\/v2\/product_brand?post=22241"},{"taxonomy":"product_cat","embeddable":true,"href":"https:\/\/tremunpiercing.com\/fr\/wp-json\/wp\/v2\/product_cat?post=22241"},{"taxonomy":"product_tag","embeddable":true,"href":"https:\/\/tremunpiercing.com\/fr\/wp-json\/wp\/v2\/product_tag?post=22241"}],"curies":[{"name":"wp","href":"https:\/\/api.w.org\/{rel}","templated":true}]}}