{"id":22249,"date":"2025-09-23T20:46:07","date_gmt":"2025-09-23T19:46:07","guid":{"rendered":"https:\/\/tremunpiercing.com\/?post_type=product&#038;p=22249"},"modified":"2026-04-16T15:33:52","modified_gmt":"2026-04-16T14:33:52","slug":"clare-light-peony","status":"publish","type":"product","link":"https:\/\/tremunpiercing.com\/fr\/product\/clare-light-peony\/","title":{"rendered":"Clare - Pivoine claire"},"content":{"rendered":"<p>Le labret Clare - Light Peony illumine votre pr\u00e9sentation d'une touche de couleur douce. Cette pi\u00e8ce met en valeur une superbe opale Light Peony taill\u00e9e en cabochon, qui pr\u00e9sente un doux jeu de rose et de l\u00e9g\u00e8res irisations. L'opale est ins\u00e9r\u00e9e dans un anneau lisse et confortable en titane de qualit\u00e9 implantaire (F-136), ce qui le rend parfait pour les nouveaux piercings ou les peaux sensibles. Sa forme ovale de 8,7 mm x 3,25 mm lui conf\u00e8re une taille agr\u00e9able sans \u00eatre trop imposante. Elle est parfaite pour les placements comme la conque ou le daith en tant que pi\u00e8ce d'honneur.<\/p>\n<p>Le m\u00e9canisme \u00e0 filetage interne 16G est facile et fiable. Cette pi\u00e8ce sera un succ\u00e8s pour tous ceux qui veulent ajouter une couleur douce et f\u00e9minine et construire leur r\u00e9pertoire de pi\u00e8ces qui correspondent \u00e0 ce march\u00e9 croissant pour les bijoux de style minimal et de haute qualit\u00e9.<\/p>","protected":false},"excerpt":{"rendered":"<ul>\n<li>Filetage interne<\/li>\n<li>Mat\u00e9riau : Titane de qualit\u00e9 implantaire F-136<\/li>\n<li>Jauge : 16G<\/li>\n<li>Gemme : Opale pivoine claire<\/li>\n<li>Taille : 8,7 mm x 3,25 mm<\/li>\n<\/ul>","protected":false},"featured_media":22250,"comment_status":"closed","ping_status":"closed","template":"","meta":{"_acf_changed":false},"product_brand":[],"product_cat":[340,343],"product_tag":[187,179,180,188,209,189,210,211,212,190,183,184,207],"class_list":{"0":"post-22249","1":"product","2":"type-product","3":"status-publish","4":"has-post-thumbnail","6":"product_cat-titanium-jewelry","7":"product_cat-tops-titanium-jewelry","8":"product_tag-conch","9":"product_tag-cristal","10":"product_tag-cz","11":"product_tag-ear","12":"product_tag-faux-rook","13":"product_tag-helix","14":"product_tag-labret","15":"product_tag-lip","16":"product_tag-medusa","17":"product_tag-oreja","18":"product_tag-perforacion","19":"product_tag-piercing","20":"product_tag-tragus","22":"first","23":"instock","24":"taxable","25":"shipping-taxable","26":"purchasable","27":"product-type-simple"},"acf":[],"gallery_images":[27404,27403],"_links":{"self":[{"href":"https:\/\/tremunpiercing.com\/fr\/wp-json\/wp\/v2\/product\/22249","targetHints":{"allow":["GET"]}}],"collection":[{"href":"https:\/\/tremunpiercing.com\/fr\/wp-json\/wp\/v2\/product"}],"about":[{"href":"https:\/\/tremunpiercing.com\/fr\/wp-json\/wp\/v2\/types\/product"}],"replies":[{"embeddable":true,"href":"https:\/\/tremunpiercing.com\/fr\/wp-json\/wp\/v2\/comments?post=22249"}],"version-history":[{"count":1,"href":"https:\/\/tremunpiercing.com\/fr\/wp-json\/wp\/v2\/product\/22249\/revisions"}],"predecessor-version":[{"id":27406,"href":"https:\/\/tremunpiercing.com\/fr\/wp-json\/wp\/v2\/product\/22249\/revisions\/27406"}],"wp:featuredmedia":[{"embeddable":true,"href":"https:\/\/tremunpiercing.com\/fr\/wp-json\/wp\/v2\/media\/22250"}],"wp:attachment":[{"href":"https:\/\/tremunpiercing.com\/fr\/wp-json\/wp\/v2\/media?parent=22249"}],"wp:term":[{"taxonomy":"product_brand","embeddable":true,"href":"https:\/\/tremunpiercing.com\/fr\/wp-json\/wp\/v2\/product_brand?post=22249"},{"taxonomy":"product_cat","embeddable":true,"href":"https:\/\/tremunpiercing.com\/fr\/wp-json\/wp\/v2\/product_cat?post=22249"},{"taxonomy":"product_tag","embeddable":true,"href":"https:\/\/tremunpiercing.com\/fr\/wp-json\/wp\/v2\/product_tag?post=22249"}],"curies":[{"name":"wp","href":"https:\/\/api.w.org\/{rel}","templated":true}]}}