{"id":22252,"date":"2025-09-23T20:52:45","date_gmt":"2025-09-23T19:52:45","guid":{"rendered":"https:\/\/tremunpiercing.com\/?post_type=product&#038;p=22252"},"modified":"2026-03-20T16:09:11","modified_gmt":"2026-03-20T15:09:11","slug":"grace-moss-agate","status":"publish","type":"product","link":"https:\/\/tremunpiercing.com\/fr\/product\/grace-moss-agate\/","title":{"rendered":"Grace - Agate mousse"},"content":{"rendered":"<p>Apportez une touche d'\u00e9l\u00e9gance organique \u00e0 votre ligne de bijoux avec le labret Grace Moss Agate. Il se compose d'une magnifique plaque naturelle et polie d'agate mousse authentique, avec des inclusions vertes uniques qui \u00e9voquent un paysage minuscule. Il est solidement serti dans une lunette nette et discr\u00e8te, fabriqu\u00e9e en titane de qualit\u00e9 implantaire (F-136) pour un haut niveau de biocompatibilit\u00e9.<\/p>\n<p>La tige 16G \u00e0 filetage interne s'adapte \u00e0 vos clients de mani\u00e8re s\u00fbre et confortable. Avec sa face g\u00e9n\u00e9reuse de 8 mm x 4 mm, il fait une belle d\u00e9claration organique dans un piercing \u00e0 la conque, au lobe ou \u00e0 l'h\u00e9lix. Il s\u00e9duira les clients \u00e0 la recherche d'un look \u00e9lev\u00e9 et unique et constitue un excellent ajout \u00e0 la collection de tout studio professionnel.<\/p>","protected":false},"excerpt":{"rendered":"<ul>\n<li>Filetage interne<\/li>\n<li>Mat\u00e9riau : Titane de qualit\u00e9 implantaire F-136<\/li>\n<li>Jauge : 16G<\/li>\n<li>Gem : <span data-sheets-root=\"1\">Agate mousse<\/span><\/li>\n<li>Taille : 8mm x 4mm<\/li>\n<\/ul>","protected":false},"featured_media":22253,"comment_status":"closed","ping_status":"closed","template":"","meta":{"_acf_changed":false},"product_brand":[],"product_cat":[343,340],"product_tag":[187,188,209,189,205,206,190,183,184,207],"class_list":{"0":"post-22252","1":"product","2":"type-product","3":"status-publish","4":"has-post-thumbnail","6":"product_cat-tops-titanium-jewelry","7":"product_cat-titanium-jewelry","8":"product_tag-conch","9":"product_tag-ear","10":"product_tag-faux-rook","11":"product_tag-helix","12":"product_tag-lobe","13":"product_tag-lobulo","14":"product_tag-oreja","15":"product_tag-perforacion","16":"product_tag-piercing","17":"product_tag-tragus","19":"first","20":"instock","21":"taxable","22":"shipping-taxable","23":"purchasable","24":"product-type-simple"},"acf":[],"gallery_images":[27398,27399],"_links":{"self":[{"href":"https:\/\/tremunpiercing.com\/fr\/wp-json\/wp\/v2\/product\/22252","targetHints":{"allow":["GET"]}}],"collection":[{"href":"https:\/\/tremunpiercing.com\/fr\/wp-json\/wp\/v2\/product"}],"about":[{"href":"https:\/\/tremunpiercing.com\/fr\/wp-json\/wp\/v2\/types\/product"}],"replies":[{"embeddable":true,"href":"https:\/\/tremunpiercing.com\/fr\/wp-json\/wp\/v2\/comments?post=22252"}],"version-history":[{"count":1,"href":"https:\/\/tremunpiercing.com\/fr\/wp-json\/wp\/v2\/product\/22252\/revisions"}],"predecessor-version":[{"id":27400,"href":"https:\/\/tremunpiercing.com\/fr\/wp-json\/wp\/v2\/product\/22252\/revisions\/27400"}],"wp:featuredmedia":[{"embeddable":true,"href":"https:\/\/tremunpiercing.com\/fr\/wp-json\/wp\/v2\/media\/22253"}],"wp:attachment":[{"href":"https:\/\/tremunpiercing.com\/fr\/wp-json\/wp\/v2\/media?parent=22252"}],"wp:term":[{"taxonomy":"product_brand","embeddable":true,"href":"https:\/\/tremunpiercing.com\/fr\/wp-json\/wp\/v2\/product_brand?post=22252"},{"taxonomy":"product_cat","embeddable":true,"href":"https:\/\/tremunpiercing.com\/fr\/wp-json\/wp\/v2\/product_cat?post=22252"},{"taxonomy":"product_tag","embeddable":true,"href":"https:\/\/tremunpiercing.com\/fr\/wp-json\/wp\/v2\/product_tag?post=22252"}],"curies":[{"name":"wp","href":"https:\/\/api.w.org\/{rel}","templated":true}]}}