{"id":22255,"date":"2025-09-23T21:00:52","date_gmt":"2025-09-23T20:00:52","guid":{"rendered":"https:\/\/tremunpiercing.com\/?post_type=product&#038;p=22255"},"modified":"2026-04-15T15:30:56","modified_gmt":"2026-04-15T14:30:56","slug":"prong-sw-ab","status":"publish","type":"product","link":"https:\/\/tremunpiercing.com\/fr\/product\/prong-sw-ab\/","title":{"rendered":"Prong SW - AB"},"content":{"rendered":"<p>Saisissez la lumi\u00e8re et l'attention de vos clients avec notre labret Prong SW AB. Fabriqu\u00e9 en titane de qualit\u00e9 implantaire (F-136), il est indispensable au studio. Le sertissage \u00e0 quatre branches maintient en toute s\u00e9curit\u00e9 l'\u00e9tonnante zircone cubique Aurora Borealis qui capte la lumi\u00e8re pour produire un arc-en-ciel iris\u00e9 lors des mouvements. Le filetage interne permet un ajustement en douceur, sans irritation, pour les piercings en cours de cicatrisation ou pour les piercings cicatris\u00e9s.<\/p>\n<p>Disponible avec une taille de visage de 3 mm \u00e0 6 mm et une tige 16G. Un objet de conversation parfait pour les narines, les l\u00e8vres et plus encore, stockez ce best-seller, un bijou visuellement attrayant pour que vos clients puissent profiter d'une option vraiment \u00e9tonnante qui est s\u00fbre, hypoallerg\u00e9nique, et s'inscrit dans la viabilit\u00e9 comp\u00e9titive de votre studio.<\/p>","protected":false},"excerpt":{"rendered":"<ul>\n<li>Filetage interne<\/li>\n<li>Mat\u00e9riau : Titane de qualit\u00e9 implantaire F-136<\/li>\n<li>Jauge : 16G<\/li>\n<li>Taille : 3mm - 4mm - 5mm - 6mm<\/li>\n<li>Gemme : Zircone cubique Aurora Borealis<\/li>\n<\/ul>","protected":false},"featured_media":22257,"comment_status":"closed","ping_status":"closed","template":"","meta":{"_acf_changed":false},"product_brand":[],"product_cat":[442,340,343],"product_tag":[187,179,180,188,209,189,210,211,212,190,183,184,207],"class_list":{"0":"post-22255","1":"product","2":"type-product","3":"status-publish","4":"has-post-thumbnail","6":"product_cat-sw","7":"product_cat-titanium-jewelry","8":"product_cat-tops-titanium-jewelry","9":"product_tag-conch","10":"product_tag-cristal","11":"product_tag-cz","12":"product_tag-ear","13":"product_tag-faux-rook","14":"product_tag-helix","15":"product_tag-labret","16":"product_tag-lip","17":"product_tag-medusa","18":"product_tag-oreja","19":"product_tag-perforacion","20":"product_tag-piercing","21":"product_tag-tragus","23":"first","24":"instock","25":"taxable","26":"shipping-taxable","27":"purchasable","28":"product-type-variable"},"acf":[],"gallery_images":[27402,27401],"_links":{"self":[{"href":"https:\/\/tremunpiercing.com\/fr\/wp-json\/wp\/v2\/product\/22255","targetHints":{"allow":["GET"]}}],"collection":[{"href":"https:\/\/tremunpiercing.com\/fr\/wp-json\/wp\/v2\/product"}],"about":[{"href":"https:\/\/tremunpiercing.com\/fr\/wp-json\/wp\/v2\/types\/product"}],"replies":[{"embeddable":true,"href":"https:\/\/tremunpiercing.com\/fr\/wp-json\/wp\/v2\/comments?post=22255"}],"version-history":[{"count":1,"href":"https:\/\/tremunpiercing.com\/fr\/wp-json\/wp\/v2\/product\/22255\/revisions"}],"predecessor-version":[{"id":27405,"href":"https:\/\/tremunpiercing.com\/fr\/wp-json\/wp\/v2\/product\/22255\/revisions\/27405"}],"wp:featuredmedia":[{"embeddable":true,"href":"https:\/\/tremunpiercing.com\/fr\/wp-json\/wp\/v2\/media\/22257"}],"wp:attachment":[{"href":"https:\/\/tremunpiercing.com\/fr\/wp-json\/wp\/v2\/media?parent=22255"}],"wp:term":[{"taxonomy":"product_brand","embeddable":true,"href":"https:\/\/tremunpiercing.com\/fr\/wp-json\/wp\/v2\/product_brand?post=22255"},{"taxonomy":"product_cat","embeddable":true,"href":"https:\/\/tremunpiercing.com\/fr\/wp-json\/wp\/v2\/product_cat?post=22255"},{"taxonomy":"product_tag","embeddable":true,"href":"https:\/\/tremunpiercing.com\/fr\/wp-json\/wp\/v2\/product_tag?post=22255"}],"curies":[{"name":"wp","href":"https:\/\/api.w.org\/{rel}","templated":true}]}}