{"id":22548,"date":"2025-10-03T21:27:01","date_gmt":"2025-10-03T20:27:01","guid":{"rendered":"https:\/\/tremunpiercing.com\/?post_type=product&#038;p=22548"},"modified":"2026-04-10T22:54:06","modified_gmt":"2026-04-10T21:54:06","slug":"crimson-heart","status":"publish","type":"product","link":"https:\/\/tremunpiercing.com\/fr\/product\/crimson-heart\/","title":{"rendered":"C\u0153ur pourpre"},"content":{"rendered":"<p>Le Crimson Heart est un top en titane \u00e0 la fois romantique et audacieux qui exprime l'individualit\u00e9. Fabriqu\u00e9 en titane de qualit\u00e9 implantaire (F-136), le c\u0153ur est dot\u00e9 d'un filetage interne de 16G, ce qui ajoute au confort et \u00e0 la s\u00e9curit\u00e9 lorsqu'il est port\u00e9 quotidiennement. Le design du c\u0153ur est un ornement audacieux et passionn\u00e9 pour votre piercing d'oreille ou plat qui, nous le savons, sera un favori parmi vos clients qui aiment les bijoux d'affirmation. Cet article est id\u00e9al pour les studios de piercing et les fournisseurs qui recherchent la mode et une beaut\u00e9 durable.<\/p>","protected":false},"excerpt":{"rendered":"<ul>\n<li>Filetage interne<\/li>\n<li>Mat\u00e9riau : Titane de qualit\u00e9 implantaire F-136<\/li>\n<li>Jauge : 16G<\/li>\n<li>Taille : 6mm x 7mm<\/li>\n<\/ul>","protected":false},"featured_media":22584,"comment_status":"closed","ping_status":"closed","template":"","meta":{"_acf_changed":false},"product_brand":[],"product_cat":[340,343],"product_tag":[187,188,209,189,205,206,190,183,184,207],"class_list":{"0":"post-22548","1":"product","2":"type-product","3":"status-publish","4":"has-post-thumbnail","6":"product_cat-titanium-jewelry","7":"product_cat-tops-titanium-jewelry","8":"product_tag-conch","9":"product_tag-ear","10":"product_tag-faux-rook","11":"product_tag-helix","12":"product_tag-lobe","13":"product_tag-lobulo","14":"product_tag-oreja","15":"product_tag-perforacion","16":"product_tag-piercing","17":"product_tag-tragus","19":"first","20":"instock","21":"taxable","22":"shipping-taxable","23":"purchasable","24":"product-type-simple"},"acf":[],"gallery_images":[27325,27324],"_links":{"self":[{"href":"https:\/\/tremunpiercing.com\/fr\/wp-json\/wp\/v2\/product\/22548","targetHints":{"allow":["GET"]}}],"collection":[{"href":"https:\/\/tremunpiercing.com\/fr\/wp-json\/wp\/v2\/product"}],"about":[{"href":"https:\/\/tremunpiercing.com\/fr\/wp-json\/wp\/v2\/types\/product"}],"replies":[{"embeddable":true,"href":"https:\/\/tremunpiercing.com\/fr\/wp-json\/wp\/v2\/comments?post=22548"}],"version-history":[{"count":1,"href":"https:\/\/tremunpiercing.com\/fr\/wp-json\/wp\/v2\/product\/22548\/revisions"}],"predecessor-version":[{"id":27326,"href":"https:\/\/tremunpiercing.com\/fr\/wp-json\/wp\/v2\/product\/22548\/revisions\/27326"}],"wp:featuredmedia":[{"embeddable":true,"href":"https:\/\/tremunpiercing.com\/fr\/wp-json\/wp\/v2\/media\/22584"}],"wp:attachment":[{"href":"https:\/\/tremunpiercing.com\/fr\/wp-json\/wp\/v2\/media?parent=22548"}],"wp:term":[{"taxonomy":"product_brand","embeddable":true,"href":"https:\/\/tremunpiercing.com\/fr\/wp-json\/wp\/v2\/product_brand?post=22548"},{"taxonomy":"product_cat","embeddable":true,"href":"https:\/\/tremunpiercing.com\/fr\/wp-json\/wp\/v2\/product_cat?post=22548"},{"taxonomy":"product_tag","embeddable":true,"href":"https:\/\/tremunpiercing.com\/fr\/wp-json\/wp\/v2\/product_tag?post=22548"}],"curies":[{"name":"wp","href":"https:\/\/api.w.org\/{rel}","templated":true}]}}