{"id":22550,"date":"2025-10-03T21:29:16","date_gmt":"2025-10-03T20:29:16","guid":{"rendered":"https:\/\/tremunpiercing.com\/?post_type=product&#038;p=22550"},"modified":"2026-03-31T14:29:22","modified_gmt":"2026-03-31T13:29:22","slug":"gamma-black-onyx","status":"publish","type":"product","link":"https:\/\/tremunpiercing.com\/fr\/product\/gamma-black-onyx\/","title":{"rendered":"Gamma - Onyx noir"},"content":{"rendered":"<p>L'embout Gamma-Black Onyx est une pi\u00e8ce audacieuse et intemporelle qui pr\u00e9sente un aspect propre et professionnel. Fabriqu\u00e9 en titane F-136 de qualit\u00e9 implantaire et dot\u00e9 d'un filetage interne 16G, cet embout est s\u00fbr, r\u00e9sistant \u00e0 la corrosion et con\u00e7u pour \u00eatre port\u00e9 quotidiennement. La pierre d'onyx d'un noir profond d\u00e9gage force et confiance et constitue le choix id\u00e9al pour les piercings d'oreille, les conques ou les piercings plats. Une pi\u00e8ce de choix pour les artistes du piercing qui veulent un top minimaliste en pierres pr\u00e9cieuses qui s'accorde avec tous les styles et tous les arrangements de bijoux.<\/p>","protected":false},"excerpt":{"rendered":"<ul>\n<li>Filetage interne<\/li>\n<li>Mat\u00e9riau : Titane de qualit\u00e9 implantaire F-136<\/li>\n<li>Jauge : 16G<\/li>\n<li>Gem : Onyx noir<\/li>\n<li>Taille : 6 mm<\/li>\n<\/ul>","protected":false},"featured_media":22585,"comment_status":"closed","ping_status":"closed","template":"","meta":{"_acf_changed":false},"product_brand":[],"product_cat":[340,343],"product_tag":[187,188,209,189,205,206,190,183,184,207],"class_list":{"0":"post-22550","1":"product","2":"type-product","3":"status-publish","4":"has-post-thumbnail","6":"product_cat-titanium-jewelry","7":"product_cat-tops-titanium-jewelry","8":"product_tag-conch","9":"product_tag-ear","10":"product_tag-faux-rook","11":"product_tag-helix","12":"product_tag-lobe","13":"product_tag-lobulo","14":"product_tag-oreja","15":"product_tag-perforacion","16":"product_tag-piercing","17":"product_tag-tragus","19":"first","20":"instock","21":"taxable","22":"shipping-taxable","23":"purchasable","24":"product-type-simple"},"acf":[],"gallery_images":[27341,27342],"_links":{"self":[{"href":"https:\/\/tremunpiercing.com\/fr\/wp-json\/wp\/v2\/product\/22550","targetHints":{"allow":["GET"]}}],"collection":[{"href":"https:\/\/tremunpiercing.com\/fr\/wp-json\/wp\/v2\/product"}],"about":[{"href":"https:\/\/tremunpiercing.com\/fr\/wp-json\/wp\/v2\/types\/product"}],"replies":[{"embeddable":true,"href":"https:\/\/tremunpiercing.com\/fr\/wp-json\/wp\/v2\/comments?post=22550"}],"version-history":[{"count":1,"href":"https:\/\/tremunpiercing.com\/fr\/wp-json\/wp\/v2\/product\/22550\/revisions"}],"predecessor-version":[{"id":27343,"href":"https:\/\/tremunpiercing.com\/fr\/wp-json\/wp\/v2\/product\/22550\/revisions\/27343"}],"wp:featuredmedia":[{"embeddable":true,"href":"https:\/\/tremunpiercing.com\/fr\/wp-json\/wp\/v2\/media\/22585"}],"wp:attachment":[{"href":"https:\/\/tremunpiercing.com\/fr\/wp-json\/wp\/v2\/media?parent=22550"}],"wp:term":[{"taxonomy":"product_brand","embeddable":true,"href":"https:\/\/tremunpiercing.com\/fr\/wp-json\/wp\/v2\/product_brand?post=22550"},{"taxonomy":"product_cat","embeddable":true,"href":"https:\/\/tremunpiercing.com\/fr\/wp-json\/wp\/v2\/product_cat?post=22550"},{"taxonomy":"product_tag","embeddable":true,"href":"https:\/\/tremunpiercing.com\/fr\/wp-json\/wp\/v2\/product_tag?post=22550"}],"curies":[{"name":"wp","href":"https:\/\/api.w.org\/{rel}","templated":true}]}}