{"id":22568,"date":"2025-10-03T22:02:58","date_gmt":"2025-10-03T21:02:58","guid":{"rendered":"https:\/\/tremunpiercing.com\/?post_type=product&#038;p=22568"},"modified":"2026-04-07T11:40:57","modified_gmt":"2026-04-07T10:40:57","slug":"coffin-red-garnet","status":"publish","type":"product","link":"https:\/\/tremunpiercing.com\/fr\/product\/coffin-red-garnet\/","title":{"rendered":"Cercueil - Grenat rouge"},"content":{"rendered":"<p>Le Coffin - Red Garnet conf\u00e8re \u00e0 un design gothique un \u00e9l\u00e9ment de dynamisme. Cette pi\u00e8ce est fabriqu\u00e9e en titane F-136 de qualit\u00e9 implantaire et comprend un grenat rouge fonc\u00e9 de 3 mm x 6 mm taill\u00e9 en forme de cercueil, avec un filetage interne pour un confort et une s\u00e9curit\u00e9 d'utilisation optimaux. C'est une excellente option pour les piercings d'oreille, d'h\u00e9lix ou de l\u00e8vre, qui se marie facilement avec l'esth\u00e9tique sombre et l'attention port\u00e9e aux d\u00e9tails de l'artisanat.<\/p>\n<p>Con\u00e7ue sp\u00e9cialement pour les pierceurs, la base en titane massif permet une durabilit\u00e9, un polissage durable et une absence de corrosion, ce qui en fait une excellente option pour les personnes int\u00e9ress\u00e9es par des bijoux gothiques de haute qualit\u00e9 dans un studio professionnel. Une pi\u00e8ce audacieuse et artistique.<\/p>","protected":false},"excerpt":{"rendered":"<ul>\n<li>Filetage interne<\/li>\n<li>Mat\u00e9riau : Titane de qualit\u00e9 implantaire F-136<\/li>\n<li>Jauge : 16G<\/li>\n<li>Gemmes : Grenat rouge<\/li>\n<li>Taille : 3mm x 6mm<\/li>\n<\/ul>","protected":false},"featured_media":22591,"comment_status":"closed","ping_status":"closed","template":"","meta":{"_acf_changed":false},"product_brand":[],"product_cat":[340,343],"product_tag":[187,179,180,188,209,189,210,211,212,190,183,184,207],"class_list":{"0":"post-22568","1":"product","2":"type-product","3":"status-publish","4":"has-post-thumbnail","6":"product_cat-titanium-jewelry","7":"product_cat-tops-titanium-jewelry","8":"product_tag-conch","9":"product_tag-cristal","10":"product_tag-cz","11":"product_tag-ear","12":"product_tag-faux-rook","13":"product_tag-helix","14":"product_tag-labret","15":"product_tag-lip","16":"product_tag-medusa","17":"product_tag-oreja","18":"product_tag-perforacion","19":"product_tag-piercing","20":"product_tag-tragus","22":"first","23":"instock","24":"taxable","25":"shipping-taxable","26":"purchasable","27":"product-type-simple"},"acf":[],"gallery_images":[27314,27315],"_links":{"self":[{"href":"https:\/\/tremunpiercing.com\/fr\/wp-json\/wp\/v2\/product\/22568","targetHints":{"allow":["GET"]}}],"collection":[{"href":"https:\/\/tremunpiercing.com\/fr\/wp-json\/wp\/v2\/product"}],"about":[{"href":"https:\/\/tremunpiercing.com\/fr\/wp-json\/wp\/v2\/types\/product"}],"replies":[{"embeddable":true,"href":"https:\/\/tremunpiercing.com\/fr\/wp-json\/wp\/v2\/comments?post=22568"}],"version-history":[{"count":1,"href":"https:\/\/tremunpiercing.com\/fr\/wp-json\/wp\/v2\/product\/22568\/revisions"}],"predecessor-version":[{"id":27316,"href":"https:\/\/tremunpiercing.com\/fr\/wp-json\/wp\/v2\/product\/22568\/revisions\/27316"}],"wp:featuredmedia":[{"embeddable":true,"href":"https:\/\/tremunpiercing.com\/fr\/wp-json\/wp\/v2\/media\/22591"}],"wp:attachment":[{"href":"https:\/\/tremunpiercing.com\/fr\/wp-json\/wp\/v2\/media?parent=22568"}],"wp:term":[{"taxonomy":"product_brand","embeddable":true,"href":"https:\/\/tremunpiercing.com\/fr\/wp-json\/wp\/v2\/product_brand?post=22568"},{"taxonomy":"product_cat","embeddable":true,"href":"https:\/\/tremunpiercing.com\/fr\/wp-json\/wp\/v2\/product_cat?post=22568"},{"taxonomy":"product_tag","embeddable":true,"href":"https:\/\/tremunpiercing.com\/fr\/wp-json\/wp\/v2\/product_tag?post=22568"}],"curies":[{"name":"wp","href":"https:\/\/api.w.org\/{rel}","templated":true}]}}