{"id":22578,"date":"2025-10-03T22:16:19","date_gmt":"2025-10-03T21:16:19","guid":{"rendered":"https:\/\/tremunpiercing.com\/?post_type=product&#038;p=22578"},"modified":"2026-04-01T16:29:32","modified_gmt":"2026-04-01T15:29:32","slug":"plague-mask","status":"publish","type":"product","link":"https:\/\/tremunpiercing.com\/fr\/product\/plague-mask\/","title":{"rendered":"Masque de peste"},"content":{"rendered":"<p>Le masque de peste est un piercing moderne au style audacieux et gothique. Fabriqu\u00e9 en titane F-136 de qualit\u00e9 implantaire, ce bijou \u00e0 filetage interne est rehauss\u00e9 d'une \u00e9l\u00e9gante zircone cubique noire qui lui conf\u00e8re un \u00e9clat s\u00e9duisant. Inspir\u00e9 du masque historique d'un m\u00e9decin sp\u00e9cialiste de la peste, ce bijou est id\u00e9al pour les clients \u00e0 la recherche d'un bijou unique et accrocheur.<\/p>\n<p>Ce bijou convient aux piercings d'oreille, d'h\u00e9lix et de labret et offre un design audacieux mais biocompatible. En tant que pi\u00e8ce de design \u00e0 usage professionnel, il est poli avec durabilit\u00e9 pour une finition corrosive et poli pour cr\u00e9er un look dramatique durable.<\/p>","protected":false},"excerpt":{"rendered":"<ul>\n<li>Filetage interne<\/li>\n<li>Mat\u00e9riau : Titane de qualit\u00e9 implantaire F-136<\/li>\n<li>Jauge : 16G<\/li>\n<li>Gemmes : Zircone cubique noire<\/li>\n<li>Taille : 6mm x 9mm<\/li>\n<\/ul>","protected":false},"featured_media":22718,"comment_status":"closed","ping_status":"closed","template":"","meta":{"_acf_changed":false},"product_brand":[],"product_cat":[340,343],"product_tag":[187,188,209,189,205,206,190,183,184,207],"class_list":{"0":"post-22578","1":"product","2":"type-product","3":"status-publish","4":"has-post-thumbnail","6":"product_cat-titanium-jewelry","7":"product_cat-tops-titanium-jewelry","8":"product_tag-conch","9":"product_tag-ear","10":"product_tag-faux-rook","11":"product_tag-helix","12":"product_tag-lobe","13":"product_tag-lobulo","14":"product_tag-oreja","15":"product_tag-perforacion","16":"product_tag-piercing","17":"product_tag-tragus","19":"first","20":"instock","21":"taxable","22":"shipping-taxable","23":"purchasable","24":"product-type-simple"},"acf":[],"gallery_images":[27294,27293],"_links":{"self":[{"href":"https:\/\/tremunpiercing.com\/fr\/wp-json\/wp\/v2\/product\/22578","targetHints":{"allow":["GET"]}}],"collection":[{"href":"https:\/\/tremunpiercing.com\/fr\/wp-json\/wp\/v2\/product"}],"about":[{"href":"https:\/\/tremunpiercing.com\/fr\/wp-json\/wp\/v2\/types\/product"}],"replies":[{"embeddable":true,"href":"https:\/\/tremunpiercing.com\/fr\/wp-json\/wp\/v2\/comments?post=22578"}],"version-history":[{"count":1,"href":"https:\/\/tremunpiercing.com\/fr\/wp-json\/wp\/v2\/product\/22578\/revisions"}],"predecessor-version":[{"id":27295,"href":"https:\/\/tremunpiercing.com\/fr\/wp-json\/wp\/v2\/product\/22578\/revisions\/27295"}],"wp:featuredmedia":[{"embeddable":true,"href":"https:\/\/tremunpiercing.com\/fr\/wp-json\/wp\/v2\/media\/22718"}],"wp:attachment":[{"href":"https:\/\/tremunpiercing.com\/fr\/wp-json\/wp\/v2\/media?parent=22578"}],"wp:term":[{"taxonomy":"product_brand","embeddable":true,"href":"https:\/\/tremunpiercing.com\/fr\/wp-json\/wp\/v2\/product_brand?post=22578"},{"taxonomy":"product_cat","embeddable":true,"href":"https:\/\/tremunpiercing.com\/fr\/wp-json\/wp\/v2\/product_cat?post=22578"},{"taxonomy":"product_tag","embeddable":true,"href":"https:\/\/tremunpiercing.com\/fr\/wp-json\/wp\/v2\/product_tag?post=22578"}],"curies":[{"name":"wp","href":"https:\/\/api.w.org\/{rel}","templated":true}]}}