{"id":22682,"date":"2025-10-06T21:09:15","date_gmt":"2025-10-06T20:09:15","guid":{"rendered":"https:\/\/tremunpiercing.com\/?post_type=product&#038;p=22682"},"modified":"2026-04-15T20:44:04","modified_gmt":"2026-04-15T19:44:04","slug":"kitty-white-cz","status":"publish","type":"product","link":"https:\/\/tremunpiercing.com\/fr\/product\/kitty-white-cz\/","title":{"rendered":"Kitty - CZ blanc"},"content":{"rendered":"<p data-start=\"5206\" data-end=\"5775\">Classique et intemporel, le <em data-start=\"5251\" data-end=\"5269\">Kitty White CZ<\/em> est un must pour les professionnels du piercing. Fabriqu\u00e9 en <strong data-start=\"5323\" data-end=\"5355\">Titane de qualit\u00e9 implantaire F-136<\/strong>Gr\u00e2ce \u00e0 l'utilisation de l'acier inoxydable, ce bijou \u00e0 filetage interne garantit la s\u00e9curit\u00e9, la durabilit\u00e9 et l'\u00e9clat du bijou. Le zircon cubique blanc brillant ajoute une touche d'\u00e9l\u00e9gance qui convient \u00e0 tous les piercings, qu'il s'agisse de l'oreille, du nez ou du cartilage. Son design minimaliste et son poli miroir en font le favori des clients qui aiment la sophistication simple. Parfaite pour les studios qui privil\u00e9gient la qualit\u00e9 et le confort, cette pi\u00e8ce incarne la puret\u00e9 et la pr\u00e9cision.<\/p>\n<p data-start=\"5777\" data-end=\"5961\">","protected":false},"excerpt":{"rendered":"<ul>\n<li>Filetage interne<\/li>\n<li>Mat\u00e9riau : Titane de qualit\u00e9 implantaire F-136<\/li>\n<li>Jauge : 16G<\/li>\n<li>Gemmes : Zircone cubique<\/li>\n<li>Taille : 3,3mm x 5,7mm<\/li>\n<\/ul>","protected":false},"featured_media":23017,"comment_status":"closed","ping_status":"closed","template":"","meta":{"_acf_changed":false},"product_brand":[],"product_cat":[340,343],"product_tag":[187,179,180,188,209,189,210,211,212,199,190,183,213,184,214,185,207],"class_list":{"0":"post-22682","1":"product","2":"type-product","3":"status-publish","4":"has-post-thumbnail","6":"product_cat-titanium-jewelry","7":"product_cat-tops-titanium-jewelry","8":"product_tag-conch","9":"product_tag-cristal","10":"product_tag-cz","11":"product_tag-ear","12":"product_tag-faux-rook","13":"product_tag-helix","14":"product_tag-labret","15":"product_tag-lip","16":"product_tag-medusa","17":"product_tag-nostril","18":"product_tag-oreja","19":"product_tag-perforacion","20":"product_tag-philtrum","21":"product_tag-piercing","22":"product_tag-rook","23":"product_tag-shiny","24":"product_tag-tragus","26":"first","27":"instock","28":"taxable","29":"shipping-taxable","30":"purchasable","31":"product-type-simple"},"acf":[],"gallery_images":[27269,27270],"_links":{"self":[{"href":"https:\/\/tremunpiercing.com\/fr\/wp-json\/wp\/v2\/product\/22682","targetHints":{"allow":["GET"]}}],"collection":[{"href":"https:\/\/tremunpiercing.com\/fr\/wp-json\/wp\/v2\/product"}],"about":[{"href":"https:\/\/tremunpiercing.com\/fr\/wp-json\/wp\/v2\/types\/product"}],"replies":[{"embeddable":true,"href":"https:\/\/tremunpiercing.com\/fr\/wp-json\/wp\/v2\/comments?post=22682"}],"version-history":[{"count":1,"href":"https:\/\/tremunpiercing.com\/fr\/wp-json\/wp\/v2\/product\/22682\/revisions"}],"predecessor-version":[{"id":27271,"href":"https:\/\/tremunpiercing.com\/fr\/wp-json\/wp\/v2\/product\/22682\/revisions\/27271"}],"wp:featuredmedia":[{"embeddable":true,"href":"https:\/\/tremunpiercing.com\/fr\/wp-json\/wp\/v2\/media\/23017"}],"wp:attachment":[{"href":"https:\/\/tremunpiercing.com\/fr\/wp-json\/wp\/v2\/media?parent=22682"}],"wp:term":[{"taxonomy":"product_brand","embeddable":true,"href":"https:\/\/tremunpiercing.com\/fr\/wp-json\/wp\/v2\/product_brand?post=22682"},{"taxonomy":"product_cat","embeddable":true,"href":"https:\/\/tremunpiercing.com\/fr\/wp-json\/wp\/v2\/product_cat?post=22682"},{"taxonomy":"product_tag","embeddable":true,"href":"https:\/\/tremunpiercing.com\/fr\/wp-json\/wp\/v2\/product_tag?post=22682"}],"curies":[{"name":"wp","href":"https:\/\/api.w.org\/{rel}","templated":true}]}}