{"id":22690,"date":"2025-10-06T21:14:59","date_gmt":"2025-10-06T20:14:59","guid":{"rendered":"https:\/\/tremunpiercing.com\/?post_type=product&#038;p=22690"},"modified":"2026-03-31T20:02:52","modified_gmt":"2026-03-31T19:02:52","slug":"kitty-emerald-cz","status":"publish","type":"product","link":"https:\/\/tremunpiercing.com\/fr\/product\/kitty-emerald-cz\/","title":{"rendered":"Kitty - Emeraude CZ"},"content":{"rendered":"<p>Le Kitty Emerald CZ offre un \u00e9clat exquis et une qualit\u00e9 de fabrication sup\u00e9rieure. Fabriqu\u00e9 en titane F-136 de qualit\u00e9 implantaire, il est dot\u00e9 d'un filetage interne pour faciliter et s\u00e9curiser l'installation. L'\u00e9tonnante zircone cubique vert \u00e9meraude offre un \u00e9clat vif et vibrant, ce qui en fait une option parfaite pour les piercings d'oreille, d'h\u00e9lix ou de narine.<\/p>\n<p>Le Kitty est con\u00e7u pour une utilisation en studio afin de capturer l'\u00e9clat et la brillance, et parce qu'il peut \u00eatre st\u00e9rilis\u00e9 \u00e0 l'infini, vous et vos clients serez assur\u00e9s de sa fiabilit\u00e9. Le Kitty est id\u00e9al pour les studios qui souhaitent offrir \u00e0 leurs clients des options haut de gamme et fiables, alliant la beaut\u00e9 des pierres pr\u00e9cieuses \u00e0 la fiabilit\u00e9 du titane.<\/p>","protected":false},"excerpt":{"rendered":"<ul>\n<li>Filetage interne<\/li>\n<li>Mat\u00e9riau : Titane de qualit\u00e9 implantaire F-136<\/li>\n<li>Jauge : 16G<\/li>\n<li>Gemmes : Zircone cubique<\/li>\n<li>Taille : 3,3mm x 5,7mm<\/li>\n<\/ul>","protected":false},"featured_media":23019,"comment_status":"closed","ping_status":"closed","template":"","meta":{"_acf_changed":false},"product_brand":[],"product_cat":[340,343],"product_tag":[187,179,180,188,209,189,210,211,212,199,190,183,213,184,214,185,207],"class_list":{"0":"post-22690","1":"product","2":"type-product","3":"status-publish","4":"has-post-thumbnail","6":"product_cat-titanium-jewelry","7":"product_cat-tops-titanium-jewelry","8":"product_tag-conch","9":"product_tag-cristal","10":"product_tag-cz","11":"product_tag-ear","12":"product_tag-faux-rook","13":"product_tag-helix","14":"product_tag-labret","15":"product_tag-lip","16":"product_tag-medusa","17":"product_tag-nostril","18":"product_tag-oreja","19":"product_tag-perforacion","20":"product_tag-philtrum","21":"product_tag-piercing","22":"product_tag-rook","23":"product_tag-shiny","24":"product_tag-tragus","26":"first","27":"instock","28":"taxable","29":"shipping-taxable","30":"purchasable","31":"product-type-simple"},"acf":[],"gallery_images":[27261,27260],"_links":{"self":[{"href":"https:\/\/tremunpiercing.com\/fr\/wp-json\/wp\/v2\/product\/22690","targetHints":{"allow":["GET"]}}],"collection":[{"href":"https:\/\/tremunpiercing.com\/fr\/wp-json\/wp\/v2\/product"}],"about":[{"href":"https:\/\/tremunpiercing.com\/fr\/wp-json\/wp\/v2\/types\/product"}],"replies":[{"embeddable":true,"href":"https:\/\/tremunpiercing.com\/fr\/wp-json\/wp\/v2\/comments?post=22690"}],"version-history":[{"count":1,"href":"https:\/\/tremunpiercing.com\/fr\/wp-json\/wp\/v2\/product\/22690\/revisions"}],"predecessor-version":[{"id":27262,"href":"https:\/\/tremunpiercing.com\/fr\/wp-json\/wp\/v2\/product\/22690\/revisions\/27262"}],"wp:featuredmedia":[{"embeddable":true,"href":"https:\/\/tremunpiercing.com\/fr\/wp-json\/wp\/v2\/media\/23019"}],"wp:attachment":[{"href":"https:\/\/tremunpiercing.com\/fr\/wp-json\/wp\/v2\/media?parent=22690"}],"wp:term":[{"taxonomy":"product_brand","embeddable":true,"href":"https:\/\/tremunpiercing.com\/fr\/wp-json\/wp\/v2\/product_brand?post=22690"},{"taxonomy":"product_cat","embeddable":true,"href":"https:\/\/tremunpiercing.com\/fr\/wp-json\/wp\/v2\/product_cat?post=22690"},{"taxonomy":"product_tag","embeddable":true,"href":"https:\/\/tremunpiercing.com\/fr\/wp-json\/wp\/v2\/product_tag?post=22690"}],"curies":[{"name":"wp","href":"https:\/\/api.w.org\/{rel}","templated":true}]}}