{"id":22693,"date":"2025-10-06T21:16:28","date_gmt":"2025-10-06T20:16:28","guid":{"rendered":"https:\/\/tremunpiercing.com\/?post_type=product&#038;p=22693"},"modified":"2026-03-17T14:10:10","modified_gmt":"2026-03-17T13:10:10","slug":"kitty-vitrial-cz","status":"publish","type":"product","link":"https:\/\/tremunpiercing.com\/fr\/product\/kitty-vitrial-cz\/","title":{"rendered":"Kitty - Vitrial CZ"},"content":{"rendered":"<p>Le Kitty Vitrial CZ est amusant et sophistiqu\u00e9 pour accompagner la collection de bijoux professionnels. Fabriqu\u00e9 en titane F-136 de qualit\u00e9 implantaire, le mod\u00e8le \u00e0 filetage interne offre un confort sup\u00e9rieur et un ajustement s\u00fbr. La pierre pr\u00e9cieuse Vitrial Cubic Zirconia capture et \u00e9met une multitude de couleurs qui varient avec chaque rayon de lumi\u00e8re, ce qui, en soi, conf\u00e8re \u00e0 la pi\u00e8ce un facteur d'attraction ultime.<\/p>\n<p>Le Kitty convient aux piercings de l'oreille, du cartilage ou de la l\u00e8vre et a \u00e9t\u00e9 con\u00e7u pour satisfaire les clients en qu\u00eate d'\u00e9clat et de s\u00e9curit\u00e9. Il est fabriqu\u00e9 en titane de premi\u00e8re qualit\u00e9, de sorte que vous n'aurez pas \u00e0 vous soucier d'un quelconque ternissement ou d\u00e9coloration, ce qui en fait l'un des pr\u00e9f\u00e9r\u00e9s des magasins de piercing.<\/p>","protected":false},"excerpt":{"rendered":"<ul>\n<li>Filetage interne<\/li>\n<li>Mat\u00e9riau : Titane de qualit\u00e9 implantaire F-136<\/li>\n<li>Jauge : 16G<\/li>\n<li>Gemmes : Zircone cubique<\/li>\n<li>Taille : 3,3mm x 5,7mm<\/li>\n<\/ul>","protected":false},"featured_media":23021,"comment_status":"closed","ping_status":"closed","template":"","meta":{"_acf_changed":false},"product_brand":[],"product_cat":[340,343],"product_tag":[187,179,180,188,209,189,210,211,212,199,190,183,213,184,214,185,207],"class_list":{"0":"post-22693","1":"product","2":"type-product","3":"status-publish","4":"has-post-thumbnail","6":"product_cat-titanium-jewelry","7":"product_cat-tops-titanium-jewelry","8":"product_tag-conch","9":"product_tag-cristal","10":"product_tag-cz","11":"product_tag-ear","12":"product_tag-faux-rook","13":"product_tag-helix","14":"product_tag-labret","15":"product_tag-lip","16":"product_tag-medusa","17":"product_tag-nostril","18":"product_tag-oreja","19":"product_tag-perforacion","20":"product_tag-philtrum","21":"product_tag-piercing","22":"product_tag-rook","23":"product_tag-shiny","24":"product_tag-tragus","26":"first","27":"instock","28":"taxable","29":"shipping-taxable","30":"purchasable","31":"product-type-simple"},"acf":[],"gallery_images":[27257,27258],"_links":{"self":[{"href":"https:\/\/tremunpiercing.com\/fr\/wp-json\/wp\/v2\/product\/22693","targetHints":{"allow":["GET"]}}],"collection":[{"href":"https:\/\/tremunpiercing.com\/fr\/wp-json\/wp\/v2\/product"}],"about":[{"href":"https:\/\/tremunpiercing.com\/fr\/wp-json\/wp\/v2\/types\/product"}],"replies":[{"embeddable":true,"href":"https:\/\/tremunpiercing.com\/fr\/wp-json\/wp\/v2\/comments?post=22693"}],"version-history":[{"count":1,"href":"https:\/\/tremunpiercing.com\/fr\/wp-json\/wp\/v2\/product\/22693\/revisions"}],"predecessor-version":[{"id":27259,"href":"https:\/\/tremunpiercing.com\/fr\/wp-json\/wp\/v2\/product\/22693\/revisions\/27259"}],"wp:featuredmedia":[{"embeddable":true,"href":"https:\/\/tremunpiercing.com\/fr\/wp-json\/wp\/v2\/media\/23021"}],"wp:attachment":[{"href":"https:\/\/tremunpiercing.com\/fr\/wp-json\/wp\/v2\/media?parent=22693"}],"wp:term":[{"taxonomy":"product_brand","embeddable":true,"href":"https:\/\/tremunpiercing.com\/fr\/wp-json\/wp\/v2\/product_brand?post=22693"},{"taxonomy":"product_cat","embeddable":true,"href":"https:\/\/tremunpiercing.com\/fr\/wp-json\/wp\/v2\/product_cat?post=22693"},{"taxonomy":"product_tag","embeddable":true,"href":"https:\/\/tremunpiercing.com\/fr\/wp-json\/wp\/v2\/product_tag?post=22693"}],"curies":[{"name":"wp","href":"https:\/\/api.w.org\/{rel}","templated":true}]}}