{"id":22698,"date":"2025-10-06T21:22:13","date_gmt":"2025-10-06T20:22:13","guid":{"rendered":"https:\/\/tremunpiercing.com\/?post_type=product&#038;p=22698"},"modified":"2026-04-15T15:30:27","modified_gmt":"2026-04-15T14:30:27","slug":"stacy-green-onyx","status":"publish","type":"product","link":"https:\/\/tremunpiercing.com\/fr\/product\/stacy-green-onyx\/","title":{"rendered":"Stacy - Onyx vert"},"content":{"rendered":"<p>Le Stacy Green Onyx comprend une pierre d'un vert fonc\u00e9 saisissant dans un titane F-136 de haute qualit\u00e9 pour implants, \u00e0 la fois esth\u00e9tique et s\u00fbr pour les piercings professionnels. Les bijoux \u00e0 filetage interne r\u00e9pondent au besoin d'un ajustement s\u00fbr et souple, parfait pour les piercings cicatris\u00e9s et les personnes \u00e0 la peau sensible.<\/p>\n<p>L'onyx vert riche apporte une \u00e9nergie \u00e9l\u00e9gante, qui s'enracine, particuli\u00e8rement s\u00e9duisante pour les clients attir\u00e9s par les tons naturels et les styles plus terreux. Con\u00e7u pour une utilisation prolong\u00e9e, il est id\u00e9al pour les piercings du nez, des oreilles ou du cartilage. Con\u00e7u pour tous les studios de piercing et les professionnels, ce bijou est \u00e0 la fois luxueux et durable.<\/p>","protected":false},"excerpt":{"rendered":"<ul>\n<li>Filetage interne<\/li>\n<li>Mat\u00e9riau : Titane de qualit\u00e9 implantaire F-136<\/li>\n<li>Jauge : 16G<\/li>\n<li>Gem : <span data-sheets-root=\"1\">Onyx vert<\/span><\/li>\n<li>Taille : 3,1mm x 5,4mm<\/li>\n<\/ul>","protected":false},"featured_media":23027,"comment_status":"closed","ping_status":"closed","template":"","meta":{"_acf_changed":false},"product_brand":[],"product_cat":[340,343],"product_tag":[187,179,180,188,209,189,210,211,212,199,190,183,213,184,214,185,207],"class_list":{"0":"post-22698","1":"product","2":"type-product","3":"status-publish","4":"has-post-thumbnail","6":"product_cat-titanium-jewelry","7":"product_cat-tops-titanium-jewelry","8":"product_tag-conch","9":"product_tag-cristal","10":"product_tag-cz","11":"product_tag-ear","12":"product_tag-faux-rook","13":"product_tag-helix","14":"product_tag-labret","15":"product_tag-lip","16":"product_tag-medusa","17":"product_tag-nostril","18":"product_tag-oreja","19":"product_tag-perforacion","20":"product_tag-philtrum","21":"product_tag-piercing","22":"product_tag-rook","23":"product_tag-shiny","24":"product_tag-tragus","26":"first","27":"instock","28":"taxable","29":"shipping-taxable","30":"purchasable","31":"product-type-simple"},"acf":[],"gallery_images":[27252,27251],"_links":{"self":[{"href":"https:\/\/tremunpiercing.com\/fr\/wp-json\/wp\/v2\/product\/22698","targetHints":{"allow":["GET"]}}],"collection":[{"href":"https:\/\/tremunpiercing.com\/fr\/wp-json\/wp\/v2\/product"}],"about":[{"href":"https:\/\/tremunpiercing.com\/fr\/wp-json\/wp\/v2\/types\/product"}],"replies":[{"embeddable":true,"href":"https:\/\/tremunpiercing.com\/fr\/wp-json\/wp\/v2\/comments?post=22698"}],"version-history":[{"count":1,"href":"https:\/\/tremunpiercing.com\/fr\/wp-json\/wp\/v2\/product\/22698\/revisions"}],"predecessor-version":[{"id":27253,"href":"https:\/\/tremunpiercing.com\/fr\/wp-json\/wp\/v2\/product\/22698\/revisions\/27253"}],"wp:featuredmedia":[{"embeddable":true,"href":"https:\/\/tremunpiercing.com\/fr\/wp-json\/wp\/v2\/media\/23027"}],"wp:attachment":[{"href":"https:\/\/tremunpiercing.com\/fr\/wp-json\/wp\/v2\/media?parent=22698"}],"wp:term":[{"taxonomy":"product_brand","embeddable":true,"href":"https:\/\/tremunpiercing.com\/fr\/wp-json\/wp\/v2\/product_brand?post=22698"},{"taxonomy":"product_cat","embeddable":true,"href":"https:\/\/tremunpiercing.com\/fr\/wp-json\/wp\/v2\/product_cat?post=22698"},{"taxonomy":"product_tag","embeddable":true,"href":"https:\/\/tremunpiercing.com\/fr\/wp-json\/wp\/v2\/product_tag?post=22698"}],"curies":[{"name":"wp","href":"https:\/\/api.w.org\/{rel}","templated":true}]}}