{"id":22720,"date":"2025-10-06T21:43:49","date_gmt":"2025-10-06T20:43:49","guid":{"rendered":"https:\/\/tremunpiercing.com\/?post_type=product&#038;p=22720"},"modified":"2026-04-10T22:41:32","modified_gmt":"2026-04-10T21:41:32","slug":"threadless-barbell-with-sky-blue-opal","status":"publish","type":"product","link":"https:\/\/tremunpiercing.com\/fr\/product\/threadless-barbell-with-sky-blue-opal\/","title":{"rendered":"Barre sans fil avec opale bleu ciel"},"content":{"rendered":"<p>Utilisez notre halt\u00e8re sans fil avec opale bleu ciel pour donner un nouveau souffle \u00e0 votre pr\u00e9sentation ! L'extr\u00e9mit\u00e9 est orn\u00e9e d'une v\u00e9ritable opale bleu ciel de 4 mm, connue pour ses couleurs tranquilles, semblables \u00e0 celles des nuages, qui se modifient l\u00e9g\u00e8rement \u00e0 la lumi\u00e8re. Fabriqu\u00e9e en titane F136 de qualit\u00e9 Implant, elle est sans danger pour les nouveaux piercings et les peaux sensibles.<\/p>\n<p>Le barbell 14G est disponible en trois longueurs standard (12 mm, 14 mm et 16 mm), ce qui le rend adapt\u00e9 \u00e0 presque tous les placements. Il est id\u00e9al pour les piercings des l\u00e8vres (comme le Labret et le Monroe) et des narines, o\u00f9 la couleur apaisante ressort vraiment. Ce syst\u00e8me sans fil fiable offre un ajustement affleurant et confortable, qui s\u00e9duira les clients \u00e0 la recherche d'une beaut\u00e9 d\u00e9contract\u00e9e et \u00e9th\u00e9r\u00e9e.<\/p>","protected":false},"excerpt":{"rendered":"<ul>\n<li>Bijoux \u00e0 goupille de pouss\u00e9e<\/li>\n<li>Mat\u00e9riau : Titane de qualit\u00e9 implantaire F-136<\/li>\n<li>Jauge : 14G<\/li>\n<li>Longueur : 12 mm, 14 mm, 16 mm<\/li>\n<li>Taille des accessoires : 4 mm<\/li>\n<li>Gemmes : Opale bleu ciel<\/li>\n<\/ul>","protected":false},"featured_media":22740,"comment_status":"closed","ping_status":"closed","template":"","meta":{"_acf_changed":false},"product_brand":[],"product_cat":[345,340],"product_tag":[298,188,189,190,183,184],"class_list":{"0":"post-22720","1":"product","2":"type-product","3":"status-publish","4":"has-post-thumbnail","6":"product_cat-barbell-titanium-jewelry","7":"product_cat-titanium-jewelry","8":"product_tag-barbell","9":"product_tag-ear","10":"product_tag-helix","11":"product_tag-oreja","12":"product_tag-perforacion","13":"product_tag-piercing","15":"first","16":"instock","17":"taxable","18":"shipping-taxable","19":"purchasable","20":"product-type-variable"},"acf":[],"gallery_images":[27233,27234],"_links":{"self":[{"href":"https:\/\/tremunpiercing.com\/fr\/wp-json\/wp\/v2\/product\/22720","targetHints":{"allow":["GET"]}}],"collection":[{"href":"https:\/\/tremunpiercing.com\/fr\/wp-json\/wp\/v2\/product"}],"about":[{"href":"https:\/\/tremunpiercing.com\/fr\/wp-json\/wp\/v2\/types\/product"}],"replies":[{"embeddable":true,"href":"https:\/\/tremunpiercing.com\/fr\/wp-json\/wp\/v2\/comments?post=22720"}],"version-history":[{"count":1,"href":"https:\/\/tremunpiercing.com\/fr\/wp-json\/wp\/v2\/product\/22720\/revisions"}],"predecessor-version":[{"id":27235,"href":"https:\/\/tremunpiercing.com\/fr\/wp-json\/wp\/v2\/product\/22720\/revisions\/27235"}],"wp:featuredmedia":[{"embeddable":true,"href":"https:\/\/tremunpiercing.com\/fr\/wp-json\/wp\/v2\/media\/22740"}],"wp:attachment":[{"href":"https:\/\/tremunpiercing.com\/fr\/wp-json\/wp\/v2\/media?parent=22720"}],"wp:term":[{"taxonomy":"product_brand","embeddable":true,"href":"https:\/\/tremunpiercing.com\/fr\/wp-json\/wp\/v2\/product_brand?post=22720"},{"taxonomy":"product_cat","embeddable":true,"href":"https:\/\/tremunpiercing.com\/fr\/wp-json\/wp\/v2\/product_cat?post=22720"},{"taxonomy":"product_tag","embeddable":true,"href":"https:\/\/tremunpiercing.com\/fr\/wp-json\/wp\/v2\/product_tag?post=22720"}],"curies":[{"name":"wp","href":"https:\/\/api.w.org\/{rel}","templated":true}]}}