{"id":22744,"date":"2025-10-06T22:19:54","date_gmt":"2025-10-06T21:19:54","guid":{"rendered":"https:\/\/tremunpiercing.com\/?post_type=product&#038;p=22744"},"modified":"2026-04-20T17:28:09","modified_gmt":"2026-04-20T16:28:09","slug":"solitaire-moon","status":"publish","type":"product","link":"https:\/\/tremunpiercing.com\/fr\/product\/solitaire-moon\/","title":{"rendered":"Solitaire Moon"},"content":{"rendered":"<p>Le clou Solitaire Moon est discret et \u00e9l\u00e9gant, faisant \u00e9cho \u00e0 la beaut\u00e9 subtile du clair de lune. Il s'agit d'un goujon de 11,4 mm en titane F-136 de qualit\u00e9 implantaire, dot\u00e9 d'une seule zircone cubique de haute qualit\u00e9 qui brille d'un \u00e9clat c\u00e9leste. Le goujon est filet\u00e9 \u00e0 l'int\u00e9rieur et lisse, ce qui rend l'insertion facile et confortable. Ce superbe clou est id\u00e9al pour les piercings \u00e0 l'h\u00e9lix, \u00e0 la conque ou au lobe. Le Solitaire Moon apporte un \u00e9clat raffin\u00e9 \u00e0 toute pile d'oreilles, ou est suffisamment \u00e9l\u00e9gant pour \u00eatre port\u00e9 seul. Le clou est \u00e9l\u00e9gant, polyvalent, hypoallerg\u00e9nique et con\u00e7u pour des bijoux qui sont beaux et agr\u00e9ables \u00e0 porter. Ce bijou est beau, lumineux et d'une \u00e9l\u00e9gance simple.<\/p>","protected":false},"excerpt":{"rendered":"<ul>\n<li>Filetage interne<\/li>\n<li>Mat\u00e9riau : Titane de qualit\u00e9 implantaire F-136<\/li>\n<li>Gemmes : Zircone cubique<\/li>\n<li>Jauge : 16G<\/li>\n<li>Taille : 11,4 mm<\/li>\n<\/ul>","protected":false},"featured_media":22745,"comment_status":"closed","ping_status":"closed","template":"","meta":{"_acf_changed":false},"product_brand":[],"product_cat":[340,343],"product_tag":[187,188,189,205,206,212,190,183,213,184,207],"class_list":{"0":"post-22744","1":"product","2":"type-product","3":"status-publish","4":"has-post-thumbnail","6":"product_cat-titanium-jewelry","7":"product_cat-tops-titanium-jewelry","8":"product_tag-conch","9":"product_tag-ear","10":"product_tag-helix","11":"product_tag-lobe","12":"product_tag-lobulo","13":"product_tag-medusa","14":"product_tag-oreja","15":"product_tag-perforacion","16":"product_tag-philtrum","17":"product_tag-piercing","18":"product_tag-tragus","20":"first","21":"instock","22":"taxable","23":"shipping-taxable","24":"purchasable","25":"product-type-simple"},"acf":[],"gallery_images":[27207,27208],"_links":{"self":[{"href":"https:\/\/tremunpiercing.com\/fr\/wp-json\/wp\/v2\/product\/22744","targetHints":{"allow":["GET"]}}],"collection":[{"href":"https:\/\/tremunpiercing.com\/fr\/wp-json\/wp\/v2\/product"}],"about":[{"href":"https:\/\/tremunpiercing.com\/fr\/wp-json\/wp\/v2\/types\/product"}],"replies":[{"embeddable":true,"href":"https:\/\/tremunpiercing.com\/fr\/wp-json\/wp\/v2\/comments?post=22744"}],"version-history":[{"count":1,"href":"https:\/\/tremunpiercing.com\/fr\/wp-json\/wp\/v2\/product\/22744\/revisions"}],"predecessor-version":[{"id":27209,"href":"https:\/\/tremunpiercing.com\/fr\/wp-json\/wp\/v2\/product\/22744\/revisions\/27209"}],"wp:featuredmedia":[{"embeddable":true,"href":"https:\/\/tremunpiercing.com\/fr\/wp-json\/wp\/v2\/media\/22745"}],"wp:attachment":[{"href":"https:\/\/tremunpiercing.com\/fr\/wp-json\/wp\/v2\/media?parent=22744"}],"wp:term":[{"taxonomy":"product_brand","embeddable":true,"href":"https:\/\/tremunpiercing.com\/fr\/wp-json\/wp\/v2\/product_brand?post=22744"},{"taxonomy":"product_cat","embeddable":true,"href":"https:\/\/tremunpiercing.com\/fr\/wp-json\/wp\/v2\/product_cat?post=22744"},{"taxonomy":"product_tag","embeddable":true,"href":"https:\/\/tremunpiercing.com\/fr\/wp-json\/wp\/v2\/product_tag?post=22744"}],"curies":[{"name":"wp","href":"https:\/\/api.w.org\/{rel}","templated":true}]}}