{"id":22753,"date":"2025-10-06T22:30:25","date_gmt":"2025-10-06T21:30:25","guid":{"rendered":"https:\/\/tremunpiercing.com\/?post_type=product&#038;p=22753"},"modified":"2026-04-19T23:03:55","modified_gmt":"2026-04-19T22:03:55","slug":"keri","status":"publish","type":"product","link":"https:\/\/tremunpiercing.com\/fr\/product\/keri\/","title":{"rendered":"Keri"},"content":{"rendered":"<p>Le Keri Internally Threaded Titanium Top introduit un \u00e9l\u00e9ment de beaut\u00e9 simple dans les bijoux de piercing professionnels. Fabriqu\u00e9 en titane de qualit\u00e9 chirurgicale (F-136), le tenon Keri est hypoallerg\u00e9nique, fiable et brillant. La pierre en zircone cubique peut apporter un \u00e9clat \u00e9tonnant aux clients qui recherchent une approche classique avec une touche suppl\u00e9mentaire. Le bijou Keri est disponible en filetage interne 16G pour une installation sans couture et une installation rapide avec un minimum de friction pendant l'installation.<\/p>\n<p>Le Keri peut \u00eatre utilis\u00e9 dans n'importe quel emplacement, comme l'oreille, la l\u00e8vre ou le cartilage de l'h\u00e9lix, pour aider les professionnels qui recherchent la qualit\u00e9 et la praticit\u00e9. Le Keri Top est recommand\u00e9 par des studios en Europe et aux \u00c9tats-Unis. Les coiffes Keri offrent une valeur exceptionnelle, un excellent rapport qualit\u00e9-prix, une grande pr\u00e9cision, une r\u00e9sistance \u00e0 l'usure et une durabilit\u00e9 \u00e0 toute \u00e9preuve. C'est le compl\u00e9ment id\u00e9al \u00e0 vos bijoux et accessoires professionnels pour le body piercing !<\/p>\n<p>&nbsp;<\/p>","protected":false},"excerpt":{"rendered":"<ul>\n<li>Filetage interne<\/li>\n<li>Mat\u00e9riau : Titane de qualit\u00e9 implantaire F-136<\/li>\n<li>Gemmes : Zircone cubique<\/li>\n<li>Jauge : 16G<\/li>\n<li>Taille : 5 mm<\/li>\n<\/ul>","protected":false},"featured_media":22754,"comment_status":"closed","ping_status":"closed","template":"","meta":{"_acf_changed":false},"product_brand":[],"product_cat":[340,343],"product_tag":[187,188,189,205,206,212,190,183,213,184,207],"class_list":{"0":"post-22753","1":"product","2":"type-product","3":"status-publish","4":"has-post-thumbnail","6":"product_cat-titanium-jewelry","7":"product_cat-tops-titanium-jewelry","8":"product_tag-conch","9":"product_tag-ear","10":"product_tag-helix","11":"product_tag-lobe","12":"product_tag-lobulo","13":"product_tag-medusa","14":"product_tag-oreja","15":"product_tag-perforacion","16":"product_tag-philtrum","17":"product_tag-piercing","18":"product_tag-tragus","20":"first","21":"instock","22":"taxable","23":"shipping-taxable","24":"purchasable","25":"product-type-simple"},"acf":[],"gallery_images":[27188,27187],"_links":{"self":[{"href":"https:\/\/tremunpiercing.com\/fr\/wp-json\/wp\/v2\/product\/22753","targetHints":{"allow":["GET"]}}],"collection":[{"href":"https:\/\/tremunpiercing.com\/fr\/wp-json\/wp\/v2\/product"}],"about":[{"href":"https:\/\/tremunpiercing.com\/fr\/wp-json\/wp\/v2\/types\/product"}],"replies":[{"embeddable":true,"href":"https:\/\/tremunpiercing.com\/fr\/wp-json\/wp\/v2\/comments?post=22753"}],"version-history":[{"count":1,"href":"https:\/\/tremunpiercing.com\/fr\/wp-json\/wp\/v2\/product\/22753\/revisions"}],"predecessor-version":[{"id":27189,"href":"https:\/\/tremunpiercing.com\/fr\/wp-json\/wp\/v2\/product\/22753\/revisions\/27189"}],"wp:featuredmedia":[{"embeddable":true,"href":"https:\/\/tremunpiercing.com\/fr\/wp-json\/wp\/v2\/media\/22754"}],"wp:attachment":[{"href":"https:\/\/tremunpiercing.com\/fr\/wp-json\/wp\/v2\/media?parent=22753"}],"wp:term":[{"taxonomy":"product_brand","embeddable":true,"href":"https:\/\/tremunpiercing.com\/fr\/wp-json\/wp\/v2\/product_brand?post=22753"},{"taxonomy":"product_cat","embeddable":true,"href":"https:\/\/tremunpiercing.com\/fr\/wp-json\/wp\/v2\/product_cat?post=22753"},{"taxonomy":"product_tag","embeddable":true,"href":"https:\/\/tremunpiercing.com\/fr\/wp-json\/wp\/v2\/product_tag?post=22753"}],"curies":[{"name":"wp","href":"https:\/\/api.w.org\/{rel}","templated":true}]}}