{"id":22788,"date":"2025-10-07T22:57:35","date_gmt":"2025-10-07T21:57:35","guid":{"rendered":"https:\/\/tremunpiercing.com\/?post_type=product&#038;p=22788"},"modified":"2026-04-20T17:28:21","modified_gmt":"2026-04-20T16:28:21","slug":"crown-spike-moss-agate","status":"publish","type":"product","link":"https:\/\/tremunpiercing.com\/fr\/product\/crown-spike-moss-agate\/","title":{"rendered":"Pointes de Couronne - Moss Agate"},"content":{"rendered":"<p>Le clou Crown Spike Moss Agate refl\u00e8te une \u00e9l\u00e9gance confiante et une beaut\u00e9 terre-\u00e0-terre. Fabriqu\u00e9 \u00e0 la main en titane F-136 de qualit\u00e9 implantaire, il est orn\u00e9 d'une pierre pr\u00e9cieuse naturelle, l'agate mousse, qui pr\u00e9sente des motifs verts organiques et est appr\u00e9ci\u00e9e pour son \u00e9nergie de mise \u00e0 la terre. La monture en forme de couronne lui conf\u00e8re une allure royale, tandis que les pointes lui donnent une touche moderne et artistique.<\/p>\n<p>Disponible en 16G-14G pour s'adapter \u00e0 tous ceux qui ont des piercings de style pr\u00e9f\u00e9rentiel et qui aiment s'exprimer, il repr\u00e9sente une version artistique d'un \u00e9l\u00e9gant clou d'oreille. Comme tous les bijoux Pierce, il est dot\u00e9 d'un filetage interne pour faciliter l'utilisation et d'une fonction s\u00e9rieuse pour le confort et la s\u00e9curit\u00e9. Cette pi\u00e8ce allie la nature brute \u00e0 la beaut\u00e9 finie et est id\u00e9ale pour composer un look unique et distinct de bijoux de qualit\u00e9 sup\u00e9rieure.<\/p>","protected":false},"excerpt":{"rendered":"<ul>\n<li>Filetage interne<\/li>\n<li>Mat\u00e9riau : Titane de qualit\u00e9 implantaire F-136<\/li>\n<li>Gem : <span data-sheets-root=\"1\">Agate mousse<\/span><\/li>\n<li>Jauge : 16G - 14G<\/li>\n<li>Taille : 4 mm x 4 mm<\/li>\n<\/ul>","protected":false},"featured_media":23004,"comment_status":"closed","ping_status":"closed","template":"","meta":{"_acf_changed":false},"product_brand":[],"product_cat":[340,343],"product_tag":[187,188,189,205,206,212,190,183,213,184,207],"class_list":{"0":"post-22788","1":"product","2":"type-product","3":"status-publish","4":"has-post-thumbnail","6":"product_cat-titanium-jewelry","7":"product_cat-tops-titanium-jewelry","8":"product_tag-conch","9":"product_tag-ear","10":"product_tag-helix","11":"product_tag-lobe","12":"product_tag-lobulo","13":"product_tag-medusa","14":"product_tag-oreja","15":"product_tag-perforacion","16":"product_tag-philtrum","17":"product_tag-piercing","18":"product_tag-tragus","20":"first","21":"instock","22":"taxable","23":"shipping-taxable","24":"purchasable","25":"product-type-variable"},"acf":[],"gallery_images":[27217,27218],"_links":{"self":[{"href":"https:\/\/tremunpiercing.com\/fr\/wp-json\/wp\/v2\/product\/22788","targetHints":{"allow":["GET"]}}],"collection":[{"href":"https:\/\/tremunpiercing.com\/fr\/wp-json\/wp\/v2\/product"}],"about":[{"href":"https:\/\/tremunpiercing.com\/fr\/wp-json\/wp\/v2\/types\/product"}],"replies":[{"embeddable":true,"href":"https:\/\/tremunpiercing.com\/fr\/wp-json\/wp\/v2\/comments?post=22788"}],"version-history":[{"count":1,"href":"https:\/\/tremunpiercing.com\/fr\/wp-json\/wp\/v2\/product\/22788\/revisions"}],"predecessor-version":[{"id":27219,"href":"https:\/\/tremunpiercing.com\/fr\/wp-json\/wp\/v2\/product\/22788\/revisions\/27219"}],"wp:featuredmedia":[{"embeddable":true,"href":"https:\/\/tremunpiercing.com\/fr\/wp-json\/wp\/v2\/media\/23004"}],"wp:attachment":[{"href":"https:\/\/tremunpiercing.com\/fr\/wp-json\/wp\/v2\/media?parent=22788"}],"wp:term":[{"taxonomy":"product_brand","embeddable":true,"href":"https:\/\/tremunpiercing.com\/fr\/wp-json\/wp\/v2\/product_brand?post=22788"},{"taxonomy":"product_cat","embeddable":true,"href":"https:\/\/tremunpiercing.com\/fr\/wp-json\/wp\/v2\/product_cat?post=22788"},{"taxonomy":"product_tag","embeddable":true,"href":"https:\/\/tremunpiercing.com\/fr\/wp-json\/wp\/v2\/product_tag?post=22788"}],"curies":[{"name":"wp","href":"https:\/\/api.w.org\/{rel}","templated":true}]}}