{"id":23038,"date":"2025-10-10T23:15:27","date_gmt":"2025-10-10T22:15:27","guid":{"rendered":"https:\/\/tremunpiercing.com\/?post_type=product&#038;p=23038"},"modified":"2026-03-31T00:29:57","modified_gmt":"2026-03-30T23:29:57","slug":"natalie-champagne-cz","status":"publish","type":"product","link":"https:\/\/tremunpiercing.com\/fr\/product\/natalie-champagne-cz\/","title":{"rendered":"Natalie - Champagne CZ"},"content":{"rendered":"<p>Subtile, chaleureuse et irr\u00e9sistiblement raffin\u00e9e, Natalie Champagne CZ ajoute un luxe discret \u00e0 votre collection de bijoux de piercing. La douce teinte dor\u00e9e de la gemme en zircone cubique scintille doucement avec une sophistication qui est belle sur n'importe quel teint de peau. Fabriqu\u00e9e en titane F-136 de qualit\u00e9 implantaire, cette gemme pour piercing est extr\u00eamement solide, l\u00e9g\u00e8re, hypoallerg\u00e9nique et confortable.<\/p>\n<p>La conception \u00e0 filetage interne facilite la mise en place et le maintien en place, c'est pourquoi les professionnels adorent l'utiliser ! Vous pouvez le porter de mani\u00e8re formelle lors d'\u00e9v\u00e9nements sp\u00e9ciaux ou le porter tous les jours. Natalie Champagne ajoute une finition intemporelle \u00e0 vos piercings. Associez-la \u00e0 des pi\u00e8ces en or et\/ou \u00e0 d'autres bijoux argent\u00e9s contrast\u00e9s pour cr\u00e9er un look luxueux sans effort.<\/p>","protected":false},"excerpt":{"rendered":"<ul>\n<li>Filetage interne<\/li>\n<li>Mat\u00e9riau : Titane de qualit\u00e9 implantaire F-136<\/li>\n<li>Gemmes : Zircone cubique<\/li>\n<li>Jauge : 16G<\/li>\n<\/ul>","protected":false},"featured_media":23039,"comment_status":"closed","ping_status":"closed","template":"","meta":{"_acf_changed":false},"product_brand":[],"product_cat":[340,343],"product_tag":[187,188,189,205,206,212,190,183,213,184,207],"class_list":{"0":"post-23038","1":"product","2":"type-product","3":"status-publish","4":"has-post-thumbnail","6":"product_cat-titanium-jewelry","7":"product_cat-tops-titanium-jewelry","8":"product_tag-conch","9":"product_tag-ear","10":"product_tag-helix","11":"product_tag-lobe","12":"product_tag-lobulo","13":"product_tag-medusa","14":"product_tag-oreja","15":"product_tag-perforacion","16":"product_tag-philtrum","17":"product_tag-piercing","18":"product_tag-tragus","20":"first","21":"instock","22":"taxable","23":"shipping-taxable","24":"purchasable","25":"product-type-simple"},"acf":[],"gallery_images":[27115,27116],"_links":{"self":[{"href":"https:\/\/tremunpiercing.com\/fr\/wp-json\/wp\/v2\/product\/23038","targetHints":{"allow":["GET"]}}],"collection":[{"href":"https:\/\/tremunpiercing.com\/fr\/wp-json\/wp\/v2\/product"}],"about":[{"href":"https:\/\/tremunpiercing.com\/fr\/wp-json\/wp\/v2\/types\/product"}],"replies":[{"embeddable":true,"href":"https:\/\/tremunpiercing.com\/fr\/wp-json\/wp\/v2\/comments?post=23038"}],"version-history":[{"count":1,"href":"https:\/\/tremunpiercing.com\/fr\/wp-json\/wp\/v2\/product\/23038\/revisions"}],"predecessor-version":[{"id":27117,"href":"https:\/\/tremunpiercing.com\/fr\/wp-json\/wp\/v2\/product\/23038\/revisions\/27117"}],"wp:featuredmedia":[{"embeddable":true,"href":"https:\/\/tremunpiercing.com\/fr\/wp-json\/wp\/v2\/media\/23039"}],"wp:attachment":[{"href":"https:\/\/tremunpiercing.com\/fr\/wp-json\/wp\/v2\/media?parent=23038"}],"wp:term":[{"taxonomy":"product_brand","embeddable":true,"href":"https:\/\/tremunpiercing.com\/fr\/wp-json\/wp\/v2\/product_brand?post=23038"},{"taxonomy":"product_cat","embeddable":true,"href":"https:\/\/tremunpiercing.com\/fr\/wp-json\/wp\/v2\/product_cat?post=23038"},{"taxonomy":"product_tag","embeddable":true,"href":"https:\/\/tremunpiercing.com\/fr\/wp-json\/wp\/v2\/product_tag?post=23038"}],"curies":[{"name":"wp","href":"https:\/\/api.w.org\/{rel}","templated":true}]}}