{"id":23046,"date":"2025-10-10T23:18:29","date_gmt":"2025-10-10T22:18:29","guid":{"rendered":"https:\/\/tremunpiercing.com\/?post_type=product&#038;p=23046"},"modified":"2026-03-31T14:24:08","modified_gmt":"2026-03-31T13:24:08","slug":"natalie-vitrial-cz","status":"publish","type":"product","link":"https:\/\/tremunpiercing.com\/fr\/product\/natalie-vitrial-cz\/","title":{"rendered":"Natalie - Vitrial CZ"},"content":{"rendered":"<p>Ajoutez de la couleur \u00e0 votre collection de piercings avec le Natalie Vitrial CZ. Cette magnifique pi\u00e8ce comporte une zircone cubique multi-tonale, une pierre magnifique qui pr\u00e9sente d'\u00e9tonnants \u00e9clats de rose, de violet et de vert qui scintillent et brillent dans n'importe quelle lumi\u00e8re ! Le Natalie est fabriqu\u00e9 en titane F-136 de qualit\u00e9 m\u00e9dicale, l\u00e9ger, r\u00e9sistant \u00e0 la corrosion et exceptionnellement confortable pour une utilisation \u00e0 long terme. Le filetage interne garantit un ajustement confortable et souple pour vos piercings d'esprit libre ou vos piercings cicatris\u00e9s.<\/p>\n<p>La Natalie sera magnifique dans votre lobe, votre h\u00e9lix ou votre conque. Portez-le en bonne sant\u00e9 et ajoutez-y votre propre touche d'individualit\u00e9. Appr\u00e9ci\u00e9 des artistes du piercing et des amateurs de bijoux, ce bijou garantit des normes de s\u00e9curit\u00e9 de niveau professionnel et un luxe visuel, car vous m\u00e9ritez un \u00e9clat luxueux qui dure.<\/p>","protected":false},"excerpt":{"rendered":"<ul>\n<li>Filetage interne<\/li>\n<li>Mat\u00e9riau : Titane de qualit\u00e9 implantaire F-136<\/li>\n<li>Gemmes : Zircone cubique<\/li>\n<li>Jauge : 16G<\/li>\n<\/ul>","protected":false},"featured_media":23047,"comment_status":"closed","ping_status":"closed","template":"","meta":{"_acf_changed":false},"product_brand":[],"product_cat":[340,343],"product_tag":[187,188,189,205,206,212,190,183,213,184,207],"class_list":{"0":"post-23046","1":"product","2":"type-product","3":"status-publish","4":"has-post-thumbnail","6":"product_cat-titanium-jewelry","7":"product_cat-tops-titanium-jewelry","8":"product_tag-conch","9":"product_tag-ear","10":"product_tag-helix","11":"product_tag-lobe","12":"product_tag-lobulo","13":"product_tag-medusa","14":"product_tag-oreja","15":"product_tag-perforacion","16":"product_tag-philtrum","17":"product_tag-piercing","18":"product_tag-tragus","20":"first","21":"instock","22":"taxable","23":"shipping-taxable","24":"purchasable","25":"product-type-simple"},"acf":[],"gallery_images":[27109,27110],"_links":{"self":[{"href":"https:\/\/tremunpiercing.com\/fr\/wp-json\/wp\/v2\/product\/23046","targetHints":{"allow":["GET"]}}],"collection":[{"href":"https:\/\/tremunpiercing.com\/fr\/wp-json\/wp\/v2\/product"}],"about":[{"href":"https:\/\/tremunpiercing.com\/fr\/wp-json\/wp\/v2\/types\/product"}],"replies":[{"embeddable":true,"href":"https:\/\/tremunpiercing.com\/fr\/wp-json\/wp\/v2\/comments?post=23046"}],"version-history":[{"count":1,"href":"https:\/\/tremunpiercing.com\/fr\/wp-json\/wp\/v2\/product\/23046\/revisions"}],"predecessor-version":[{"id":27111,"href":"https:\/\/tremunpiercing.com\/fr\/wp-json\/wp\/v2\/product\/23046\/revisions\/27111"}],"wp:featuredmedia":[{"embeddable":true,"href":"https:\/\/tremunpiercing.com\/fr\/wp-json\/wp\/v2\/media\/23047"}],"wp:attachment":[{"href":"https:\/\/tremunpiercing.com\/fr\/wp-json\/wp\/v2\/media?parent=23046"}],"wp:term":[{"taxonomy":"product_brand","embeddable":true,"href":"https:\/\/tremunpiercing.com\/fr\/wp-json\/wp\/v2\/product_brand?post=23046"},{"taxonomy":"product_cat","embeddable":true,"href":"https:\/\/tremunpiercing.com\/fr\/wp-json\/wp\/v2\/product_cat?post=23046"},{"taxonomy":"product_tag","embeddable":true,"href":"https:\/\/tremunpiercing.com\/fr\/wp-json\/wp\/v2\/product_tag?post=23046"}],"curies":[{"name":"wp","href":"https:\/\/api.w.org\/{rel}","templated":true}]}}