{"id":23362,"date":"2025-10-21T19:35:56","date_gmt":"2025-10-21T18:35:56","guid":{"rendered":"https:\/\/tremunpiercing.com\/?post_type=product&#038;p=23362"},"modified":"2026-04-16T14:19:01","modified_gmt":"2026-04-16T13:19:01","slug":"ellie-amethyst","status":"publish","type":"product","link":"https:\/\/tremunpiercing.com\/fr\/product\/ellie-amethyst\/","title":{"rendered":"Ellie Amethyst"},"content":{"rendered":"<p>L'Ellie Amethyst est un mod\u00e8le de luxe classique, avec un corps en or jaune 14 carats qui renferme une am\u00e9thyste d'un violet profond en guise de pi\u00e8ce ma\u00eetresse. Parfaitement adapt\u00e9e aux professionnels qui appr\u00e9cient l'\u00e9l\u00e9gance subtile, cette pi\u00e8ce \u00e0 filetage interne 14G est une option durable et confortable \u00e0 porter au quotidien. La surface luxueuse de l'or permet \u00e0 la lumi\u00e8re naturelle de l'am\u00e9thyste de briller tout en apportant de la couleur et du style \u00e0 n'importe quel piercing.<\/p>\n<p>L'Ellie Amethyst convient \u00e0 tout piercing de nombril, de mamelon ou industriel, tandis que son filetage s\u00e9curis\u00e9 s'ins\u00e8re facilement et fournit une solution s\u00fbre et adapt\u00e9e. L'Ellie Amethyst associe un savoir-faire luxueux \u00e0 une sophistication discr\u00e8te, offrant \u00e0 vos clients une pi\u00e8ce unique dont ils pourront parler \u00e0 leurs amis. Ce bijou plaira non seulement aux studios de piercing haut de gamme, mais aussi aux d\u00e9taillants de bijoux haut de gamme qui souhaitent offrir quelque chose de sp\u00e9cial \u00e0 leurs clients.<\/p>","protected":false},"excerpt":{"rendered":"<ul>\n<li>Filetage int\u00e9rieur<\/li>\n<li>Jauge : 14G<\/li>\n<li>Mati\u00e8re : Or jaune 14k<\/li>\n<li>Gemmes : Am\u00e9thyste<\/li>\n<\/ul>","protected":false},"featured_media":23363,"comment_status":"closed","ping_status":"closed","template":"","meta":{"_acf_changed":false},"product_brand":[],"product_cat":[400,337,463],"product_tag":[187,188,189,205,206,190,183,184,207],"class_list":{"0":"post-23362","1":"product","2":"type-product","3":"status-publish","4":"has-post-thumbnail","6":"product_cat-tremun","7":"product_cat-gold-jewelry","8":"product_cat-tops-gold-tremun","9":"product_tag-conch","10":"product_tag-ear","11":"product_tag-helix","12":"product_tag-lobe","13":"product_tag-lobulo","14":"product_tag-oreja","15":"product_tag-perforacion","16":"product_tag-piercing","17":"product_tag-tragus","19":"first","20":"instock","21":"taxable","22":"shipping-taxable","23":"purchasable","24":"product-type-simple"},"acf":[],"gallery_images":[29199,29198],"_links":{"self":[{"href":"https:\/\/tremunpiercing.com\/fr\/wp-json\/wp\/v2\/product\/23362","targetHints":{"allow":["GET"]}}],"collection":[{"href":"https:\/\/tremunpiercing.com\/fr\/wp-json\/wp\/v2\/product"}],"about":[{"href":"https:\/\/tremunpiercing.com\/fr\/wp-json\/wp\/v2\/types\/product"}],"replies":[{"embeddable":true,"href":"https:\/\/tremunpiercing.com\/fr\/wp-json\/wp\/v2\/comments?post=23362"}],"version-history":[{"count":1,"href":"https:\/\/tremunpiercing.com\/fr\/wp-json\/wp\/v2\/product\/23362\/revisions"}],"predecessor-version":[{"id":29200,"href":"https:\/\/tremunpiercing.com\/fr\/wp-json\/wp\/v2\/product\/23362\/revisions\/29200"}],"wp:featuredmedia":[{"embeddable":true,"href":"https:\/\/tremunpiercing.com\/fr\/wp-json\/wp\/v2\/media\/23363"}],"wp:attachment":[{"href":"https:\/\/tremunpiercing.com\/fr\/wp-json\/wp\/v2\/media?parent=23362"}],"wp:term":[{"taxonomy":"product_brand","embeddable":true,"href":"https:\/\/tremunpiercing.com\/fr\/wp-json\/wp\/v2\/product_brand?post=23362"},{"taxonomy":"product_cat","embeddable":true,"href":"https:\/\/tremunpiercing.com\/fr\/wp-json\/wp\/v2\/product_cat?post=23362"},{"taxonomy":"product_tag","embeddable":true,"href":"https:\/\/tremunpiercing.com\/fr\/wp-json\/wp\/v2\/product_tag?post=23362"}],"curies":[{"name":"wp","href":"https:\/\/api.w.org\/{rel}","templated":true}]}}