{"id":23541,"date":"2025-10-25T15:46:17","date_gmt":"2025-10-25T14:46:17","guid":{"rendered":"https:\/\/tremunpiercing.com\/?post_type=product&#038;p=23541"},"modified":"2026-04-19T10:21:10","modified_gmt":"2026-04-19T09:21:10","slug":"prong-2-0-vibrant-purple-aqua","status":"publish","type":"product","link":"https:\/\/tremunpiercing.com\/fr\/product\/prong-2-0-vibrant-purple-aqua\/","title":{"rendered":"Prong 2.0 - Violet vibrant - Aqua"},"content":{"rendered":"<p>Le Vibrant Purple Prong 2.0 - Aqua est un accessoire bicolore de 5 mm qui attire l'attention. Fabriqu\u00e9 en titane F-136 de qualit\u00e9 implantaire, cet embout sans filetage combine de mani\u00e8re cr\u00e9ative des pierres Swarovski Zirconia violettes et aqua dans son esth\u00e9tique bicolore. Les pinces conviennent aux piercings d'oreille, de cartilage ou de narine cicatris\u00e9s, avec flair et confort.<\/p>\n<p>Les griffes sont fa\u00e7onn\u00e9es de mani\u00e8re \u00e0 fixer la pierre tout en garantissant un \u00e9clat brillant. Ce mod\u00e8le a \u00e9t\u00e9 con\u00e7u pour les pierceurs professionnels qui recherchent des mod\u00e8les cr\u00e9atifs utilisant des mat\u00e9riaux de haute qualit\u00e9. Cette pi\u00e8ce suppl\u00e9mentaire fera ressortir vos id\u00e9es de conception de piercing.<\/p>","protected":false},"excerpt":{"rendered":"<ul>\n<li>Accessoire pour goupille de pouss\u00e9e\/accessoire sans filetage<\/li>\n<li>Mat\u00e9riau : Titane de qualit\u00e9 implantaire F-136<\/li>\n<li>Diam\u00e8tre : 5 mm<\/li>\n<li>Calibre : 25G<\/li>\n<li>Gem : SW - Zircone Premium<\/li>\n<\/ul>","protected":false},"featured_media":23542,"comment_status":"closed","ping_status":"closed","template":"","meta":{"_acf_changed":false},"product_brand":[],"product_cat":[442,340,343],"product_tag":[192,193,202,179,180,194,188,189,195,196,226,190,183,184,197,198],"class_list":{"0":"post-23541","1":"product","2":"type-product","3":"status-publish","4":"has-post-thumbnail","6":"product_cat-sw","7":"product_cat-titanium-jewelry","8":"product_cat-tops-titanium-jewelry","9":"product_tag-anillo","10":"product_tag-argolla","11":"product_tag-clicker","12":"product_tag-cristal","13":"product_tag-cz","14":"product_tag-daith","15":"product_tag-ear","16":"product_tag-helix","17":"product_tag-hinged-ring","18":"product_tag-nariz","19":"product_tag-opal","20":"product_tag-oreja","21":"product_tag-perforacion","22":"product_tag-piercing","23":"product_tag-ring","24":"product_tag-septum","26":"first","27":"instock","28":"taxable","29":"shipping-taxable","30":"purchasable","31":"product-type-simple"},"acf":[],"gallery_images":[27100,27101],"_links":{"self":[{"href":"https:\/\/tremunpiercing.com\/fr\/wp-json\/wp\/v2\/product\/23541","targetHints":{"allow":["GET"]}}],"collection":[{"href":"https:\/\/tremunpiercing.com\/fr\/wp-json\/wp\/v2\/product"}],"about":[{"href":"https:\/\/tremunpiercing.com\/fr\/wp-json\/wp\/v2\/types\/product"}],"replies":[{"embeddable":true,"href":"https:\/\/tremunpiercing.com\/fr\/wp-json\/wp\/v2\/comments?post=23541"}],"version-history":[{"count":1,"href":"https:\/\/tremunpiercing.com\/fr\/wp-json\/wp\/v2\/product\/23541\/revisions"}],"predecessor-version":[{"id":27102,"href":"https:\/\/tremunpiercing.com\/fr\/wp-json\/wp\/v2\/product\/23541\/revisions\/27102"}],"wp:featuredmedia":[{"embeddable":true,"href":"https:\/\/tremunpiercing.com\/fr\/wp-json\/wp\/v2\/media\/23542"}],"wp:attachment":[{"href":"https:\/\/tremunpiercing.com\/fr\/wp-json\/wp\/v2\/media?parent=23541"}],"wp:term":[{"taxonomy":"product_brand","embeddable":true,"href":"https:\/\/tremunpiercing.com\/fr\/wp-json\/wp\/v2\/product_brand?post=23541"},{"taxonomy":"product_cat","embeddable":true,"href":"https:\/\/tremunpiercing.com\/fr\/wp-json\/wp\/v2\/product_cat?post=23541"},{"taxonomy":"product_tag","embeddable":true,"href":"https:\/\/tremunpiercing.com\/fr\/wp-json\/wp\/v2\/product_tag?post=23541"}],"curies":[{"name":"wp","href":"https:\/\/api.w.org\/{rel}","templated":true}]}}