{"id":23622,"date":"2025-10-27T22:59:25","date_gmt":"2025-10-27T21:59:25","guid":{"rendered":"https:\/\/tremunpiercing.com\/?post_type=product&#038;p=23622"},"modified":"2026-04-09T10:04:55","modified_gmt":"2026-04-09T09:04:55","slug":"mystic-emerald","status":"publish","type":"product","link":"https:\/\/tremunpiercing.com\/fr\/product\/mystic-emerald\/","title":{"rendered":"Mystique - \u00c9meraude"},"content":{"rendered":"<p>L'accessoire Mystic Emerald Push Pin incarne l'union du luxe et du design discret. Dot\u00e9 d'un centre en \u00e9meraude de laboratoire et d'une pierre blanche Swarovski brillante, cet accessoire est l'incarnation d'un contraste vibrant et \u00e9l\u00e9gant dans votre collection d'accessoires. Le syst\u00e8me de broches 25G permet une installation facile, parfaite pour les piercings d'oreille, d'h\u00e9lix ou de narine cicatris\u00e9s.<\/p>\n<p>Le design l\u00e9ger est aussi s\u00fbr qu'il est beau et est totalement hypoallerg\u00e9nique, ce qui permet de le porter \u00e0 long terme. Un v\u00e9ritable bijou pour le corps. Con\u00e7u pour l'artiste en qu\u00eate d'\u00e9l\u00e9gance et d'artisanat, le Mystic Emerald est un ajout magnifique \u00e0 une collection d'oreilles ou de piercings raffin\u00e9s.<\/p>","protected":false},"excerpt":{"rendered":"<ul>\n<li>Accessoire de la goupille de pouss\u00e9e<\/li>\n<li>Calibre : 25G<\/li>\n<li>Mati\u00e8re : Or jaune 14k<\/li>\n<li>Gemmes : \u00c9meraude de laboratoire + blanc SW<\/li>\n<\/ul>","protected":false},"featured_media":23623,"comment_status":"closed","ping_status":"closed","template":"","meta":{"_acf_changed":false},"product_brand":[],"product_cat":[400,337,463],"product_tag":[187,188,189,205,206,190,183,184,207],"class_list":{"0":"post-23622","1":"product","2":"type-product","3":"status-publish","4":"has-post-thumbnail","6":"product_cat-tremun","7":"product_cat-gold-jewelry","8":"product_cat-tops-gold-tremun","9":"product_tag-conch","10":"product_tag-ear","11":"product_tag-helix","12":"product_tag-lobe","13":"product_tag-lobulo","14":"product_tag-oreja","15":"product_tag-perforacion","16":"product_tag-piercing","17":"product_tag-tragus","19":"first","20":"instock","21":"taxable","22":"shipping-taxable","23":"purchasable","24":"product-type-simple"},"acf":[],"gallery_images":[29201,29202],"_links":{"self":[{"href":"https:\/\/tremunpiercing.com\/fr\/wp-json\/wp\/v2\/product\/23622","targetHints":{"allow":["GET"]}}],"collection":[{"href":"https:\/\/tremunpiercing.com\/fr\/wp-json\/wp\/v2\/product"}],"about":[{"href":"https:\/\/tremunpiercing.com\/fr\/wp-json\/wp\/v2\/types\/product"}],"replies":[{"embeddable":true,"href":"https:\/\/tremunpiercing.com\/fr\/wp-json\/wp\/v2\/comments?post=23622"}],"version-history":[{"count":1,"href":"https:\/\/tremunpiercing.com\/fr\/wp-json\/wp\/v2\/product\/23622\/revisions"}],"predecessor-version":[{"id":29203,"href":"https:\/\/tremunpiercing.com\/fr\/wp-json\/wp\/v2\/product\/23622\/revisions\/29203"}],"wp:featuredmedia":[{"embeddable":true,"href":"https:\/\/tremunpiercing.com\/fr\/wp-json\/wp\/v2\/media\/23623"}],"wp:attachment":[{"href":"https:\/\/tremunpiercing.com\/fr\/wp-json\/wp\/v2\/media?parent=23622"}],"wp:term":[{"taxonomy":"product_brand","embeddable":true,"href":"https:\/\/tremunpiercing.com\/fr\/wp-json\/wp\/v2\/product_brand?post=23622"},{"taxonomy":"product_cat","embeddable":true,"href":"https:\/\/tremunpiercing.com\/fr\/wp-json\/wp\/v2\/product_cat?post=23622"},{"taxonomy":"product_tag","embeddable":true,"href":"https:\/\/tremunpiercing.com\/fr\/wp-json\/wp\/v2\/product_tag?post=23622"}],"curies":[{"name":"wp","href":"https:\/\/api.w.org\/{rel}","templated":true}]}}