{"id":23625,"date":"2025-10-27T23:09:04","date_gmt":"2025-10-27T22:09:04","guid":{"rendered":"https:\/\/tremunpiercing.com\/?post_type=product&#038;p=23625"},"modified":"2026-04-19T23:04:00","modified_gmt":"2026-04-19T22:04:00","slug":"labret-2-0-hand-polish","status":"publish","type":"product","link":"https:\/\/tremunpiercing.com\/fr\/product\/labret-2-0-hand-polish\/","title":{"rendered":"Labret 2.0 - Vernis \u00e0 main"},"content":{"rendered":"<p>Le Labret 2.0 en titane poli \u00e0 la main est un article m\u00e9ticuleusement construit, ax\u00e9 sur le confort, la s\u00e9curit\u00e9 et la polyvalence. Fabriqu\u00e9 en titane F-136 de qualit\u00e9 implantaire, ce labret \u00e0 filetage interne convient aux piercings de la l\u00e8vre, du tragus, de la conque et de l'h\u00e9lix. Nous polissons \u00e0 la main chaque tige pour obtenir un brillant impeccable qui minimise l'irritation et permet une insertion en douceur. Le labret est propos\u00e9 en diff\u00e9rentes longueurs (5 mm-8 mm) et avec une \u00e9paisseur de base de 4 mm pour s'adapter \u00e0 diff\u00e9rents types d'anatomie.<\/p>\n<p>Les pierceurs professionnels choisissent ce mod\u00e8le pour la fiabilit\u00e9 du filetage, la facilit\u00e9 d'installation et les qualit\u00e9s importantes qu'il offre. Ce pilier de labret et le mat\u00e9riau en titane offrent une qualit\u00e9 \u00e9tonnante pour un nouveau piercing ou franchement pour une mise \u00e0 niveau. Les clients appr\u00e9cient la qualit\u00e9 des performances et la finition brillante.<\/p>","protected":false},"excerpt":{"rendered":"<ul>\n<li>Filetage int\u00e9rieur<\/li>\n<li>Mat\u00e9riau : Titane de qualit\u00e9 implantaire F-136<\/li>\n<li>Jauge : 16G<\/li>\n<li>Longueur : 5mm, 6mm, 7mm, 8mm<\/li>\n<li>Diam\u00e8tre de la base : 4 mm<\/li>\n<\/ul>","protected":false},"featured_media":23601,"comment_status":"closed","ping_status":"closed","template":"","meta":{"_acf_changed":false},"product_brand":[],"product_cat":[340,344],"product_tag":[187,188,189,210,211,205,206,212,190,183,213,184,293,207],"class_list":{"0":"post-23625","1":"product","2":"type-product","3":"status-publish","4":"has-post-thumbnail","6":"product_cat-titanium-jewelry","7":"product_cat-labret-titanium-jeawelry","8":"product_tag-conch","9":"product_tag-ear","10":"product_tag-helix","11":"product_tag-labret","12":"product_tag-lip","13":"product_tag-lobe","14":"product_tag-lobulo","15":"product_tag-medusa","16":"product_tag-oreja","17":"product_tag-perforacion","18":"product_tag-philtrum","19":"product_tag-piercing","20":"product_tag-push-pin","21":"product_tag-tragus","23":"first","24":"instock","25":"taxable","26":"shipping-taxable","27":"purchasable","28":"product-type-variable"},"acf":[],"gallery_images":[23598,23599],"_links":{"self":[{"href":"https:\/\/tremunpiercing.com\/fr\/wp-json\/wp\/v2\/product\/23625","targetHints":{"allow":["GET"]}}],"collection":[{"href":"https:\/\/tremunpiercing.com\/fr\/wp-json\/wp\/v2\/product"}],"about":[{"href":"https:\/\/tremunpiercing.com\/fr\/wp-json\/wp\/v2\/types\/product"}],"replies":[{"embeddable":true,"href":"https:\/\/tremunpiercing.com\/fr\/wp-json\/wp\/v2\/comments?post=23625"}],"version-history":[{"count":0,"href":"https:\/\/tremunpiercing.com\/fr\/wp-json\/wp\/v2\/product\/23625\/revisions"}],"wp:featuredmedia":[{"embeddable":true,"href":"https:\/\/tremunpiercing.com\/fr\/wp-json\/wp\/v2\/media\/23601"}],"wp:attachment":[{"href":"https:\/\/tremunpiercing.com\/fr\/wp-json\/wp\/v2\/media?parent=23625"}],"wp:term":[{"taxonomy":"product_brand","embeddable":true,"href":"https:\/\/tremunpiercing.com\/fr\/wp-json\/wp\/v2\/product_brand?post=23625"},{"taxonomy":"product_cat","embeddable":true,"href":"https:\/\/tremunpiercing.com\/fr\/wp-json\/wp\/v2\/product_cat?post=23625"},{"taxonomy":"product_tag","embeddable":true,"href":"https:\/\/tremunpiercing.com\/fr\/wp-json\/wp\/v2\/product_tag?post=23625"}],"curies":[{"name":"wp","href":"https:\/\/api.w.org\/{rel}","templated":true}]}}