{"id":26335,"date":"2026-02-19T14:06:07","date_gmt":"2026-02-19T13:06:07","guid":{"rendered":"https:\/\/tremunpiercing.com\/?post_type=product&#038;p=26335"},"modified":"2026-04-22T16:24:04","modified_gmt":"2026-04-22T15:24:04","slug":"aurelia-garnet-push-pin","status":"publish","type":"product","link":"https:\/\/tremunpiercing.com\/fr\/product\/aurelia-garnet-push-pin\/","title":{"rendered":"Epingle \u00e0 nourrice Aurelia en grenat"},"content":{"rendered":"<p>Aurelia Garnet est un bijou de piercing \u00e0 filetage interne en or jaune 14 carats massif. Avec une \u00e9l\u00e9gante pierre grenat, cette version non filet\u00e9e de 25G x 6mm est riche en couleurs et constitue une option sophistiqu\u00e9e et s\u00fbre pour les clients \u00e0 la recherche de luxe. Le design du bijou Aurelia Garnet a \u00e9t\u00e9 \u00e9tabli et approuv\u00e9 par les professionnels du piercing dans les studios et boutiques de piercing.<\/p>\n<p>Ce mod\u00e8le de bijou de haute qualit\u00e9 convient aux clients qui souhaitent enrichir leur collection de bijoux de luxe et envisager des pi\u00e8ces de premi\u00e8re qualit\u00e9 et de bonne r\u00e9putation. Ajoutez le mod\u00e8le de bijou Aurelia Garnet \u00e0 votre catalogue et offrez \u00e0 votre client\u00e8le des bijoux de luxe, de qualit\u00e9 m\u00e9dicale, imit\u00e9s et hypoallerg\u00e9niques en lesquels elle peut avoir confiance.<\/p>","protected":false},"excerpt":{"rendered":"<ul>\n<li>Haut sans fil<\/li>\n<li>Mati\u00e8re : Or jaune 14k<\/li>\n<li>Gemmes : Grenat<\/li>\n<li>Calibre : 25G<\/li>\n<li>Taille : 6 mm<\/li>\n<\/ul>","protected":false},"featured_media":14480,"comment_status":"closed","ping_status":"closed","template":"","meta":{"_acf_changed":false},"product_brand":[],"product_cat":[337,451,400],"product_tag":[187,188,189,205,206,212,190,183,213,184,207],"class_list":{"0":"post-26335","1":"product","2":"type-product","3":"status-publish","4":"has-post-thumbnail","6":"product_cat-gold-jewelry","7":"product_cat-roman-collection","8":"product_cat-tremun","9":"product_tag-conch","10":"product_tag-ear","11":"product_tag-helix","12":"product_tag-lobe","13":"product_tag-lobulo","14":"product_tag-medusa","15":"product_tag-oreja","16":"product_tag-perforacion","17":"product_tag-philtrum","18":"product_tag-piercing","19":"product_tag-tragus","21":"first","22":"outofstock","23":"taxable","24":"shipping-taxable","25":"purchasable","26":"product-type-simple"},"acf":[],"gallery_images":[29192,29193],"_links":{"self":[{"href":"https:\/\/tremunpiercing.com\/fr\/wp-json\/wp\/v2\/product\/26335","targetHints":{"allow":["GET"]}}],"collection":[{"href":"https:\/\/tremunpiercing.com\/fr\/wp-json\/wp\/v2\/product"}],"about":[{"href":"https:\/\/tremunpiercing.com\/fr\/wp-json\/wp\/v2\/types\/product"}],"replies":[{"embeddable":true,"href":"https:\/\/tremunpiercing.com\/fr\/wp-json\/wp\/v2\/comments?post=26335"}],"version-history":[{"count":1,"href":"https:\/\/tremunpiercing.com\/fr\/wp-json\/wp\/v2\/product\/26335\/revisions"}],"predecessor-version":[{"id":29194,"href":"https:\/\/tremunpiercing.com\/fr\/wp-json\/wp\/v2\/product\/26335\/revisions\/29194"}],"wp:featuredmedia":[{"embeddable":true,"href":"https:\/\/tremunpiercing.com\/fr\/wp-json\/wp\/v2\/media\/14480"}],"wp:attachment":[{"href":"https:\/\/tremunpiercing.com\/fr\/wp-json\/wp\/v2\/media?parent=26335"}],"wp:term":[{"taxonomy":"product_brand","embeddable":true,"href":"https:\/\/tremunpiercing.com\/fr\/wp-json\/wp\/v2\/product_brand?post=26335"},{"taxonomy":"product_cat","embeddable":true,"href":"https:\/\/tremunpiercing.com\/fr\/wp-json\/wp\/v2\/product_cat?post=26335"},{"taxonomy":"product_tag","embeddable":true,"href":"https:\/\/tremunpiercing.com\/fr\/wp-json\/wp\/v2\/product_tag?post=26335"}],"curies":[{"name":"wp","href":"https:\/\/api.w.org\/{rel}","templated":true}]}}