{"id":5605,"date":"2023-08-09T17:08:36","date_gmt":"2023-08-09T16:08:36","guid":{"rendered":"https:\/\/tremunpiercing.com\/?post_type=product&#038;p=5605"},"modified":"2026-04-15T13:44:28","modified_gmt":"2026-04-15T12:44:28","slug":"tremun-diamond-push-pin-nostril","status":"publish","type":"product","link":"https:\/\/tremunpiercing.com\/fr\/product\/tremun-diamond-push-pin-nostril\/","title":{"rendered":"Diamant Tremun (broche - narine)"},"content":{"rendered":"<p>L'\u00e9pingle \u00e0 pousser Tremun Diamond est une option haut de gamme pour les piercings de narine, avec un diamant VS1 \u00e9tincelant sur une \u00e9pingle solide en or jaune ou blanc 14k ou en platine. D'un diam\u00e8tre modeste de 2 mm, il offre une lumi\u00e8re douce et un \u00e9clat luxueux tout en b\u00e9n\u00e9ficiant d'une qualit\u00e9 professionnelle et de normes de s\u00e9curit\u00e9. Con\u00e7u pour les labrets push-pin, il s'appuie \u00e9troitement sur le nez et permet une insertion facile et paisible, sans sacrifier le confort du client. Le bijou est hypoallerg\u00e9nique, les mat\u00e9riaux sont fabriqu\u00e9s ou polis pour \u00eatre suffisamment lisses pour \u00e9viter tout inconfort, et il conviendrait donc parfaitement aux peaux sensibles gr\u00e2ce aux mat\u00e9riaux de haute qualit\u00e9 utilis\u00e9s pour les bijoux corporels.<\/p>\n<p>Il est parfait pour les studios de piercing, les boutiques de tatouage et les commerces de d\u00e9tail professionnels haut de gamme. En tant qu'option minimaliste mais haut de gamme pour un piercing de narine, l'\u00e9pingle \u00e0 pousser Tremun Diamond convient \u00e0 une client\u00e8le qui recherche la simplicit\u00e9, mais la s\u00e9curit\u00e9 de l'implant d'un bijou corporel haut de gamme satisfera \u00e9galement de nombreux clients. Pour les perceurs professionnels, l'excellente conception de l'\u00e9pingle \u00e0 tige est extraordinairement reproductible, m\u00eame pour un perceur novice, et sa durabilit\u00e9 exceptionnelle permet une utilisation stable pendant des ann\u00e9es.<\/p>\n<p>Les \u00e9pingles \u00e0 pousser Tremun Diamond rehaussent le niveau du portefeuille des fournisseurs de piercing sur les march\u00e9s europ\u00e9en, am\u00e9ricain et britannique, o\u00f9 il existe une demande pour des d\u00e9tails haut de gamme et des bijoux corporels raffin\u00e9s. La brillance du diamant et la pr\u00e9cision du design de l'\u00e9pingle sont d\u00e9sormais parfaites pour les sp\u00e9cialisations de jour ou de soir\u00e9e lorsque l'on porte des bijoux corporels fins.<\/p>","protected":false},"excerpt":{"rendered":"<ul>\n<li>Accessoire \u00e0 goupille poussoir<\/li>\n<li>Compatible avec les labrets de type push pin<\/li>\n<li>Mati\u00e8re : Or jaune 14k ou or blanc 14k, broche en platine<\/li>\n<li>Pierre pr\u00e9cieuse : Diamant VS1<\/li>\n<li>Diam\u00e8tre : 2 mm<\/li>\n<\/ul>","protected":false},"featured_media":12539,"comment_status":"closed","ping_status":"closed","template":"","meta":{"_acf_changed":false},"product_brand":[],"product_cat":[337,463,400],"product_tag":[187,188,189,205,206,199,190,183,184,207],"class_list":{"0":"post-5605","1":"product","2":"type-product","3":"status-publish","4":"has-post-thumbnail","6":"product_cat-gold-jewelry","7":"product_cat-tops-gold-tremun","8":"product_cat-tremun","9":"product_tag-conch","10":"product_tag-ear","11":"product_tag-helix","12":"product_tag-lobe","13":"product_tag-lobulo","14":"product_tag-nostril","15":"product_tag-oreja","16":"product_tag-perforacion","17":"product_tag-piercing","18":"product_tag-tragus","20":"first","21":"instock","22":"taxable","23":"shipping-taxable","24":"purchasable","25":"product-type-variable"},"acf":[],"gallery_images":[29725,29724,12529,29723,29722],"_links":{"self":[{"href":"https:\/\/tremunpiercing.com\/fr\/wp-json\/wp\/v2\/product\/5605","targetHints":{"allow":["GET"]}}],"collection":[{"href":"https:\/\/tremunpiercing.com\/fr\/wp-json\/wp\/v2\/product"}],"about":[{"href":"https:\/\/tremunpiercing.com\/fr\/wp-json\/wp\/v2\/types\/product"}],"replies":[{"embeddable":true,"href":"https:\/\/tremunpiercing.com\/fr\/wp-json\/wp\/v2\/comments?post=5605"}],"version-history":[{"count":1,"href":"https:\/\/tremunpiercing.com\/fr\/wp-json\/wp\/v2\/product\/5605\/revisions"}],"predecessor-version":[{"id":29726,"href":"https:\/\/tremunpiercing.com\/fr\/wp-json\/wp\/v2\/product\/5605\/revisions\/29726"}],"wp:featuredmedia":[{"embeddable":true,"href":"https:\/\/tremunpiercing.com\/fr\/wp-json\/wp\/v2\/media\/12539"}],"wp:attachment":[{"href":"https:\/\/tremunpiercing.com\/fr\/wp-json\/wp\/v2\/media?parent=5605"}],"wp:term":[{"taxonomy":"product_brand","embeddable":true,"href":"https:\/\/tremunpiercing.com\/fr\/wp-json\/wp\/v2\/product_brand?post=5605"},{"taxonomy":"product_cat","embeddable":true,"href":"https:\/\/tremunpiercing.com\/fr\/wp-json\/wp\/v2\/product_cat?post=5605"},{"taxonomy":"product_tag","embeddable":true,"href":"https:\/\/tremunpiercing.com\/fr\/wp-json\/wp\/v2\/product_tag?post=5605"}],"curies":[{"name":"wp","href":"https:\/\/api.w.org\/{rel}","templated":true}]}}