{"id":7592,"date":"2022-11-21T19:43:46","date_gmt":"2022-11-21T18:43:46","guid":{"rendered":"https:\/\/tremunpiercing.com\/?post_type=product&#038;p=7592"},"modified":"2025-09-30T13:02:39","modified_gmt":"2025-09-30T12:02:39","slug":"cavicide-surface-disinfectant-700ml","status":"publish","type":"product","link":"https:\/\/tremunpiercing.com\/fr\/product\/cavicide-surface-disinfectant-700ml\/","title":{"rendered":"Cavicide D\u00e9sinfectant de surface (700ml)"},"content":{"rendered":"<p>D\u00e9sinfectant de surface multifonction pr\u00eat \u00e0 l'emploi, con\u00e7u pour \u00eatre utilis\u00e9 sur les surfaces dures et non poreuses des dispositifs m\u00e9dicaux non invasifs dans les cliniques dentaires, y compris les zones de soins aux patients et les laboratoires.<\/p>\n<p><strong>Caract\u00e9ristique :<\/strong><\/p>\n<ul>\n<li>Efficacit\u00e9 clinique : Bact\u00e9ricide, virucide, fongicide, tuberculocide et levuricide.<\/li>\n<li>D\u00e9truit la plupart des pathog\u00e8nes en 3 minutes ou moins.<\/li>\n<li>Rapidit\u00e9 : r\u00e9duit le risque de contamination crois\u00e9e.<\/li>\n<li>Produits pr\u00eats \u00e0 l'emploi car ils ne n\u00e9cessitent pas de dilution ou de m\u00e9lange.<\/li>\n<li>Faible teneur en alcool (inf\u00e9rieure \u00e0 20%) offrant une excellente compatibilit\u00e9 avec les mat\u00e9riaux.<\/li>\n<li>Efficace contre les coronavirus et peut \u00eatre utilis\u00e9 sur les surfaces de dispositifs m\u00e9dicaux non invasifs.<\/li>\n<li>Odeur neutre.<\/li>\n<\/ul>\n<p><strong>Contenu : Contenant de 700ml.<\/strong><\/p>","protected":false},"excerpt":{"rendered":"<p>D\u00e9sinfectant de surface multifonction pr\u00eat \u00e0 l'emploi, con\u00e7u pour \u00eatre utilis\u00e9 sur les surfaces dures et non poreuses des dispositifs m\u00e9dicaux non invasifs dans les cliniques dentaires, y compris les zones de soins aux patients et les laboratoires.<\/p>\n<p><strong>Caract\u00e9ristique :<\/strong><\/p>\n<ul>\n<li>Efficacit\u00e9 clinique : Bact\u00e9ricide, virucide, fongicide, tuberculocide et levuricide.<\/li>\n<li>D\u00e9truit la plupart des pathog\u00e8nes en 3 minutes ou moins.<\/li>\n<li>Rapidit\u00e9 : r\u00e9duit le risque de contamination crois\u00e9e.<\/li>\n<li>Produits pr\u00eats \u00e0 l'emploi car ils ne n\u00e9cessitent pas de dilution ou de m\u00e9lange.<\/li>\n<li>Faible teneur en alcool (inf\u00e9rieure \u00e0 20%) offrant une excellente compatibilit\u00e9 avec les mat\u00e9riaux.<\/li>\n<li>Efficace contre les coronavirus et peut \u00eatre utilis\u00e9 sur les surfaces de dispositifs m\u00e9dicaux non invasifs.<\/li>\n<li>Odeur neutre.<\/li>\n<\/ul>","protected":false},"featured_media":7593,"comment_status":"closed","ping_status":"closed","template":"","meta":{"_acf_changed":false},"product_brand":[],"product_cat":[376,328],"product_tag":[279],"class_list":{"0":"post-7592","1":"product","2":"type-product","3":"status-publish","4":"has-post-thumbnail","6":"product_cat-medical-supplies","7":"product_cat-supplies","8":"product_tag-supplies","10":"first","11":"outofstock","12":"taxable","13":"shipping-taxable","14":"purchasable","15":"product-type-simple"},"acf":[],"gallery_images":[],"_links":{"self":[{"href":"https:\/\/tremunpiercing.com\/fr\/wp-json\/wp\/v2\/product\/7592","targetHints":{"allow":["GET"]}}],"collection":[{"href":"https:\/\/tremunpiercing.com\/fr\/wp-json\/wp\/v2\/product"}],"about":[{"href":"https:\/\/tremunpiercing.com\/fr\/wp-json\/wp\/v2\/types\/product"}],"replies":[{"embeddable":true,"href":"https:\/\/tremunpiercing.com\/fr\/wp-json\/wp\/v2\/comments?post=7592"}],"version-history":[{"count":0,"href":"https:\/\/tremunpiercing.com\/fr\/wp-json\/wp\/v2\/product\/7592\/revisions"}],"wp:featuredmedia":[{"embeddable":true,"href":"https:\/\/tremunpiercing.com\/fr\/wp-json\/wp\/v2\/media\/7593"}],"wp:attachment":[{"href":"https:\/\/tremunpiercing.com\/fr\/wp-json\/wp\/v2\/media?parent=7592"}],"wp:term":[{"taxonomy":"product_brand","embeddable":true,"href":"https:\/\/tremunpiercing.com\/fr\/wp-json\/wp\/v2\/product_brand?post=7592"},{"taxonomy":"product_cat","embeddable":true,"href":"https:\/\/tremunpiercing.com\/fr\/wp-json\/wp\/v2\/product_cat?post=7592"},{"taxonomy":"product_tag","embeddable":true,"href":"https:\/\/tremunpiercing.com\/fr\/wp-json\/wp\/v2\/product_tag?post=7592"}],"curies":[{"name":"wp","href":"https:\/\/api.w.org\/{rel}","templated":true}]}}