{"id":7661,"date":"2023-06-22T03:21:14","date_gmt":"2023-06-22T02:21:14","guid":{"rendered":"https:\/\/tremunpiercing.com\/?post_type=product&#038;p=7661"},"modified":"2026-04-20T14:01:29","modified_gmt":"2026-04-20T13:01:29","slug":"lilbit-push-pin","status":"publish","type":"product","link":"https:\/\/tremunpiercing.com\/fr\/product\/lilbit-push-pin\/","title":{"rendered":"Goupille de pouss\u00e9e Lilbit"},"content":{"rendered":"<p>La broche de pouss\u00e9e Lilbit est un ajout l\u00e9ger, \u00e0 filetage interne, \u00e0 utiliser exclusivement avec les labrets \u00e0 broche de pouss\u00e9e. La broche de pouss\u00e9e est fabriqu\u00e9e en titane F-136 de qualit\u00e9 implantaire (25G) pour une irritation minimale et une grande biocompatibilit\u00e9. La broche de pouss\u00e9e Lilbit est propos\u00e9e en quatre diam\u00e8tres : 1,5 mm, 2 mm, 2,5 mm et 3 mm, et comporte des gemmes en zircone cubique. L'\u00e9pingle \u00e0 pousser est id\u00e9ale pour les piercings de la l\u00e8vre, du labret ou tout autre piercing du visage dont l'objectif est d'obtenir une apparence nette et affleurante.<\/p>\n<p>Son profil mince ajoute au confort tout en \u00e9tant fabriqu\u00e9 en titane durable et r\u00e9sistant \u00e0 la corrosion. Le Lilbit Push Pin est une bonne option de mise \u00e0 niveau \u00e0 pr\u00e9senter aux clients des perceurs et des fournisseurs en gros. Il s'agit d'un ajout \u00e9l\u00e9gant et de haute qualit\u00e9 \u00e0 un studio, et les clients appr\u00e9cient l'\u00e9clat de la pierre pr\u00e9cieuse, tandis que le studio appr\u00e9cie le mat\u00e9riau s\u00fbr et la pi\u00e8ce bien construite.<\/p>","protected":false},"excerpt":{"rendered":"<ul>\n<li>Accessoire de la goupille de pouss\u00e9e<\/li>\n<li>Compatible uniquement avec les labrets \u00e0 goupille de pouss\u00e9e<\/li>\n<li>Mat\u00e9riau : Titane de qualit\u00e9 implantaire F-136<\/li>\n<li>Calibre : 25G<\/li>\n<li>Diam\u00e8tres : 1,5mm - 2mm - 2,5mm - 3mm<\/li>\n<li>Gemmes : Zircone cubique<\/li>\n<\/ul>","protected":false},"featured_media":18780,"comment_status":"closed","ping_status":"closed","template":"","meta":{"_acf_changed":false},"product_brand":[],"product_cat":[340,343],"product_tag":[218,295,296,187,188,189,205,206,212,190,183,213,184,297,294,207],"class_list":{"0":"post-7661","1":"product","2":"type-product","3":"status-publish","4":"has-post-thumbnail","6":"product_cat-titanium-jewelry","7":"product_cat-tops-titanium-jewelry","8":"product_tag-ball","9":"product_tag-bola","10":"product_tag-bolita","11":"product_tag-conch","12":"product_tag-ear","13":"product_tag-helix","14":"product_tag-lobe","15":"product_tag-lobulo","16":"product_tag-medusa","17":"product_tag-oreja","18":"product_tag-perforacion","19":"product_tag-philtrum","20":"product_tag-piercing","21":"product_tag-repuesto","22":"product_tag-spare","23":"product_tag-tragus","25":"first","26":"instock","27":"taxable","28":"shipping-taxable","29":"purchasable","30":"product-type-variable"},"acf":[],"gallery_images":[28572,28571],"_links":{"self":[{"href":"https:\/\/tremunpiercing.com\/fr\/wp-json\/wp\/v2\/product\/7661","targetHints":{"allow":["GET"]}}],"collection":[{"href":"https:\/\/tremunpiercing.com\/fr\/wp-json\/wp\/v2\/product"}],"about":[{"href":"https:\/\/tremunpiercing.com\/fr\/wp-json\/wp\/v2\/types\/product"}],"replies":[{"embeddable":true,"href":"https:\/\/tremunpiercing.com\/fr\/wp-json\/wp\/v2\/comments?post=7661"}],"version-history":[{"count":1,"href":"https:\/\/tremunpiercing.com\/fr\/wp-json\/wp\/v2\/product\/7661\/revisions"}],"predecessor-version":[{"id":28573,"href":"https:\/\/tremunpiercing.com\/fr\/wp-json\/wp\/v2\/product\/7661\/revisions\/28573"}],"wp:featuredmedia":[{"embeddable":true,"href":"https:\/\/tremunpiercing.com\/fr\/wp-json\/wp\/v2\/media\/18780"}],"wp:attachment":[{"href":"https:\/\/tremunpiercing.com\/fr\/wp-json\/wp\/v2\/media?parent=7661"}],"wp:term":[{"taxonomy":"product_brand","embeddable":true,"href":"https:\/\/tremunpiercing.com\/fr\/wp-json\/wp\/v2\/product_brand?post=7661"},{"taxonomy":"product_cat","embeddable":true,"href":"https:\/\/tremunpiercing.com\/fr\/wp-json\/wp\/v2\/product_cat?post=7661"},{"taxonomy":"product_tag","embeddable":true,"href":"https:\/\/tremunpiercing.com\/fr\/wp-json\/wp\/v2\/product_tag?post=7661"}],"curies":[{"name":"wp","href":"https:\/\/api.w.org\/{rel}","templated":true}]}}