{"id":7684,"date":"2023-06-24T21:24:00","date_gmt":"2023-06-24T20:24:00","guid":{"rendered":"https:\/\/tremunpiercing.com\/?post_type=product&#038;p=7684"},"modified":"2026-04-19T23:04:00","modified_gmt":"2026-04-19T22:04:00","slug":"micro-labret-push-pin-16g","status":"publish","type":"product","link":"https:\/\/tremunpiercing.com\/fr\/product\/micro-labret-push-pin-16g\/","title":{"rendered":"Micro Labret Push Pin 16G"},"content":{"rendered":"<p>Le Micro Labret Push Pin (16G) est un article essentiel pour les pierceurs, les studios de piercing et les fournisseurs en gros. Fabriqu\u00e9 en titane F-136 de qualit\u00e9 implantaire, ce tenon de labret 16G est s\u00fbr pour les piercings fra\u00eechement cicatris\u00e9s ou cicatris\u00e9s, tout en \u00e9tant hypoallerg\u00e9nique et r\u00e9sistant \u00e0 la corrosion. Le diam\u00e8tre de base du tenon est de 3 mm et il est disponible en longueurs de 5 mm, 6 mm, 7 mm, 8 mm et 9 mm. Ce tenon peut \u00eatre utilis\u00e9 pour les piercings de la l\u00e8vre, du tragus, de l'h\u00e9lix et du cartilage. <\/p>\n<p>Ce poteau est con\u00e7u pour \u00eatre utilis\u00e9 uniquement avec des accessoires \u00e0 broches, ce qui permettra \u00e0 votre client d'exprimer sa libert\u00e9 de personnalisation et d'expression en \u00e9tant capable d'enclencher diff\u00e9rents chapeaux (qui s'adaptent). L'halt\u00e8re a une base lisse et plate qui contribue \u00e0 minimiser l'irritation des tissus et permet d'intervertir facilement les extr\u00e9mit\u00e9s des boutons-poussoirs \u00e0 des fins de cicatrisation ou de coiffure. Pour le pierceur professionnel et le pierceur d\u00e9taillant, cette pi\u00e8ce est un must pour tout inventaire de titane - substantiel, fiable, et id\u00e9al pour les ventes \u00e0 haut volume.<\/p>","protected":false},"excerpt":{"rendered":"<ul>\n<li>Goupille de pouss\u00e9e<\/li>\n<li>Compatible uniquement avec les accessoires de type \"push pin\".<\/li>\n<li>Mat\u00e9riau : Titane de qualit\u00e9 implantaire F-136<\/li>\n<li>Jauge : 16G<\/li>\n<li>Longueur : 5mm, 6mm, 7mm, 8mm, 9mm<\/li>\n<li>Diam\u00e8tre de la base : 3 mm<\/li>\n<\/ul>","protected":false},"featured_media":15055,"comment_status":"closed","ping_status":"closed","template":"","meta":{"_acf_changed":false},"product_brand":[],"product_cat":[340,344],"product_tag":[187,188,189,210,211,205,206,212,190,183,213,184,293,207],"class_list":{"0":"post-7684","1":"product","2":"type-product","3":"status-publish","4":"has-post-thumbnail","6":"product_cat-titanium-jewelry","7":"product_cat-labret-titanium-jeawelry","8":"product_tag-conch","9":"product_tag-ear","10":"product_tag-helix","11":"product_tag-labret","12":"product_tag-lip","13":"product_tag-lobe","14":"product_tag-lobulo","15":"product_tag-medusa","16":"product_tag-oreja","17":"product_tag-perforacion","18":"product_tag-philtrum","19":"product_tag-piercing","20":"product_tag-push-pin","21":"product_tag-tragus","23":"first","24":"instock","25":"taxable","26":"shipping-taxable","27":"purchasable","28":"product-type-variable"},"acf":[],"gallery_images":[15054,15053,15052],"_links":{"self":[{"href":"https:\/\/tremunpiercing.com\/fr\/wp-json\/wp\/v2\/product\/7684","targetHints":{"allow":["GET"]}}],"collection":[{"href":"https:\/\/tremunpiercing.com\/fr\/wp-json\/wp\/v2\/product"}],"about":[{"href":"https:\/\/tremunpiercing.com\/fr\/wp-json\/wp\/v2\/types\/product"}],"replies":[{"embeddable":true,"href":"https:\/\/tremunpiercing.com\/fr\/wp-json\/wp\/v2\/comments?post=7684"}],"version-history":[{"count":0,"href":"https:\/\/tremunpiercing.com\/fr\/wp-json\/wp\/v2\/product\/7684\/revisions"}],"wp:featuredmedia":[{"embeddable":true,"href":"https:\/\/tremunpiercing.com\/fr\/wp-json\/wp\/v2\/media\/15055"}],"wp:attachment":[{"href":"https:\/\/tremunpiercing.com\/fr\/wp-json\/wp\/v2\/media?parent=7684"}],"wp:term":[{"taxonomy":"product_brand","embeddable":true,"href":"https:\/\/tremunpiercing.com\/fr\/wp-json\/wp\/v2\/product_brand?post=7684"},{"taxonomy":"product_cat","embeddable":true,"href":"https:\/\/tremunpiercing.com\/fr\/wp-json\/wp\/v2\/product_cat?post=7684"},{"taxonomy":"product_tag","embeddable":true,"href":"https:\/\/tremunpiercing.com\/fr\/wp-json\/wp\/v2\/product_tag?post=7684"}],"curies":[{"name":"wp","href":"https:\/\/api.w.org\/{rel}","templated":true}]}}