{"id":7794,"date":"2023-10-12T17:00:59","date_gmt":"2023-10-12T16:00:59","guid":{"rendered":"https:\/\/tremunpiercing.com\/?post_type=product&#038;p=7794"},"modified":"2026-04-01T13:30:26","modified_gmt":"2026-04-01T12:30:26","slug":"tiffany","status":"publish","type":"product","link":"https:\/\/tremunpiercing.com\/fr\/product\/tiffany\/","title":{"rendered":"Tiffany"},"content":{"rendered":"<p>La bague \u00e0 cliquet \u201cTiffany\u201d associe des mat\u00e9riaux haut de gamme \u00e0 un \u00e9clat raffin\u00e9. Forg\u00e9e en titane F-136 de qualit\u00e9 implantaire, de calibre 16G et d'un diam\u00e8tre int\u00e9rieur \u00e9troit de 8 mm, elle peut \u00eatre port\u00e9e \u00e0 diff\u00e9rents emplacements de piercing : h\u00e9lix, conque, tour, voire septum, ou cerceaux cartilagineux \u00e9troitement ajust\u00e9s. Le zircon cubique serti en chaton apporte la bonne dose d'\u00e9clat tout en conservant un aspect propre et poli. L'anneau est dot\u00e9 d'une charni\u00e8re qui permet de l'installer et de le retirer facilement, un facteur important pour les studios de piercing qui cherchent \u00e0 maximiser la rapidit\u00e9 des changements de bijoux, tant pour leurs stylistes que pour leurs clients.<\/p>\n<p>Le titane ASTM F-136, qui ne contient pas de nickel et est hypoallerg\u00e9nique, permet de percer en toute confiance les oreilles sensibles ou le cartilage. En tant que grossiste ou fabricant, le fait de poss\u00e9der ce type d'anneau clicker vous permettra d'\u00eatre plus comp\u00e9titif sur les march\u00e9s d'Europe, du Royaume-Uni ou des \u00c9tats-Unis, o\u00f9 les consommateurs recherchent des mat\u00e9riaux de qualit\u00e9 et des designs \u00e9l\u00e9gants. Le fait de proposer le clicker \u201cTiffany\u201d offre des options aux studios \u00e0 la recherche d'un anneau en titane haut de gamme avec une finition polie et un peu de bling-bling.<\/p>","protected":false},"excerpt":{"rendered":"<ul>\n<li>Anneau Clicker<\/li>\n<li>Mat\u00e9riau : Titane de qualit\u00e9 implantaire F-136<\/li>\n<li>Diam\u00e8tre : 8 mm<\/li>\n<li>Jauge : 16G<\/li>\n<li>Gemmes : Zircone cubique<\/li>\n<\/ul>","protected":false},"featured_media":12777,"comment_status":"closed","ping_status":"closed","template":"","meta":{"_acf_changed":false},"product_brand":[],"product_cat":[341,340],"product_tag":[192,193,202,179,180,194,188,189,195,196,226,190,183,184,197,198],"class_list":{"0":"post-7794","1":"product","2":"type-product","3":"status-publish","4":"has-post-thumbnail","6":"product_cat-rings-titanium-jewelry","7":"product_cat-titanium-jewelry","8":"product_tag-anillo","9":"product_tag-argolla","10":"product_tag-clicker","11":"product_tag-cristal","12":"product_tag-cz","13":"product_tag-daith","14":"product_tag-ear","15":"product_tag-helix","16":"product_tag-hinged-ring","17":"product_tag-nariz","18":"product_tag-opal","19":"product_tag-oreja","20":"product_tag-perforacion","21":"product_tag-piercing","22":"product_tag-ring","23":"product_tag-septum","25":"first","26":"instock","27":"taxable","28":"shipping-taxable","29":"purchasable","30":"product-type-simple"},"acf":[],"gallery_images":[28526,28527],"_links":{"self":[{"href":"https:\/\/tremunpiercing.com\/fr\/wp-json\/wp\/v2\/product\/7794","targetHints":{"allow":["GET"]}}],"collection":[{"href":"https:\/\/tremunpiercing.com\/fr\/wp-json\/wp\/v2\/product"}],"about":[{"href":"https:\/\/tremunpiercing.com\/fr\/wp-json\/wp\/v2\/types\/product"}],"replies":[{"embeddable":true,"href":"https:\/\/tremunpiercing.com\/fr\/wp-json\/wp\/v2\/comments?post=7794"}],"version-history":[{"count":1,"href":"https:\/\/tremunpiercing.com\/fr\/wp-json\/wp\/v2\/product\/7794\/revisions"}],"predecessor-version":[{"id":28528,"href":"https:\/\/tremunpiercing.com\/fr\/wp-json\/wp\/v2\/product\/7794\/revisions\/28528"}],"wp:featuredmedia":[{"embeddable":true,"href":"https:\/\/tremunpiercing.com\/fr\/wp-json\/wp\/v2\/media\/12777"}],"wp:attachment":[{"href":"https:\/\/tremunpiercing.com\/fr\/wp-json\/wp\/v2\/media?parent=7794"}],"wp:term":[{"taxonomy":"product_brand","embeddable":true,"href":"https:\/\/tremunpiercing.com\/fr\/wp-json\/wp\/v2\/product_brand?post=7794"},{"taxonomy":"product_cat","embeddable":true,"href":"https:\/\/tremunpiercing.com\/fr\/wp-json\/wp\/v2\/product_cat?post=7794"},{"taxonomy":"product_tag","embeddable":true,"href":"https:\/\/tremunpiercing.com\/fr\/wp-json\/wp\/v2\/product_tag?post=7794"}],"curies":[{"name":"wp","href":"https:\/\/api.w.org\/{rel}","templated":true}]}}