{"id":8243,"date":"2023-11-16T16:19:02","date_gmt":"2023-11-16T15:19:02","guid":{"rendered":"https:\/\/tremunpiercing.com\/?post_type=product&#038;p=8243"},"modified":"2026-04-15T11:32:16","modified_gmt":"2026-04-15T10:32:16","slug":"svasti","status":"publish","type":"product","link":"https:\/\/tremunpiercing.com\/fr\/product\/svasti\/","title":{"rendered":"Svast\u00ec"},"content":{"rendered":"<p>Le clou Svast\u00ec en or jaune 14 carats red\u00e9finit les bijoux de piercing de luxe. Le syst\u00e8me \u00e0 filetage interne permet une mise en place s\u00fbre et un port confortable. Il a \u00e9t\u00e9 con\u00e7u en pensant au perceur professionnel, qui comprend les besoins en mati\u00e8re d'esth\u00e9tique avec pr\u00e9cision. Disponible en 16G-14G avec un sommet de 6 mm-8 mm, le goujon Svast\u00ec est une option frappante pour les piercings de conque, de lobe et plats, ainsi qu'une pi\u00e8ce accessoire dans le nez ou la l\u00e8vre.<\/p>\n<p>La riche couleur jaune, associ\u00e9e \u00e0 une surface parfaitement polie, cr\u00e9e une pi\u00e8ce \u00e9l\u00e9gante qui transcende le temps et se marie incroyablement bien avec n'importe quelle collection de bijoux. Cr\u00e9\u00e9e dans le respect des normes les plus strictes en mati\u00e8re de s\u00e9curit\u00e9 et de style, la collection Svast\u00ec est destin\u00e9e aux studios qui s'adressent \u00e0 des clients \u00e0 la recherche de bijoux corporels raffin\u00e9s et durables.<\/p>","protected":false},"excerpt":{"rendered":"<ul>\n<li>Filetage interne<\/li>\n<li>Mati\u00e8re : Or jaune 14k<\/li>\n<li>Jauge : 16G - 14G<\/li>\n<li>Taille : 6mm - 8mm<\/li>\n<\/ul>","protected":false},"featured_media":12521,"comment_status":"closed","ping_status":"closed","template":"","meta":{"_acf_changed":false},"product_brand":[],"product_cat":[337,463,400],"product_tag":[187,188,189,205,206,212,190,183,213,184,207],"class_list":{"0":"post-8243","1":"product","2":"type-product","3":"status-publish","4":"has-post-thumbnail","6":"product_cat-gold-jewelry","7":"product_cat-tops-gold-tremun","8":"product_cat-tremun","9":"product_tag-conch","10":"product_tag-ear","11":"product_tag-helix","12":"product_tag-lobe","13":"product_tag-lobulo","14":"product_tag-medusa","15":"product_tag-oreja","16":"product_tag-perforacion","17":"product_tag-philtrum","18":"product_tag-piercing","19":"product_tag-tragus","21":"first","22":"instock","23":"taxable","24":"shipping-taxable","25":"purchasable","26":"product-type-variable"},"acf":[],"gallery_images":[29716,29715],"_links":{"self":[{"href":"https:\/\/tremunpiercing.com\/fr\/wp-json\/wp\/v2\/product\/8243","targetHints":{"allow":["GET"]}}],"collection":[{"href":"https:\/\/tremunpiercing.com\/fr\/wp-json\/wp\/v2\/product"}],"about":[{"href":"https:\/\/tremunpiercing.com\/fr\/wp-json\/wp\/v2\/types\/product"}],"replies":[{"embeddable":true,"href":"https:\/\/tremunpiercing.com\/fr\/wp-json\/wp\/v2\/comments?post=8243"}],"version-history":[{"count":1,"href":"https:\/\/tremunpiercing.com\/fr\/wp-json\/wp\/v2\/product\/8243\/revisions"}],"predecessor-version":[{"id":29718,"href":"https:\/\/tremunpiercing.com\/fr\/wp-json\/wp\/v2\/product\/8243\/revisions\/29718"}],"wp:featuredmedia":[{"embeddable":true,"href":"https:\/\/tremunpiercing.com\/fr\/wp-json\/wp\/v2\/media\/12521"}],"wp:attachment":[{"href":"https:\/\/tremunpiercing.com\/fr\/wp-json\/wp\/v2\/media?parent=8243"}],"wp:term":[{"taxonomy":"product_brand","embeddable":true,"href":"https:\/\/tremunpiercing.com\/fr\/wp-json\/wp\/v2\/product_brand?post=8243"},{"taxonomy":"product_cat","embeddable":true,"href":"https:\/\/tremunpiercing.com\/fr\/wp-json\/wp\/v2\/product_cat?post=8243"},{"taxonomy":"product_tag","embeddable":true,"href":"https:\/\/tremunpiercing.com\/fr\/wp-json\/wp\/v2\/product_tag?post=8243"}],"curies":[{"name":"wp","href":"https:\/\/api.w.org\/{rel}","templated":true}]}}