{"id":8367,"date":"2023-11-30T20:43:24","date_gmt":"2023-11-30T19:43:24","guid":{"rendered":"https:\/\/tremunpiercing.com\/?post_type=product&#038;p=8367"},"modified":"2026-04-17T15:14:29","modified_gmt":"2026-04-17T14:14:29","slug":"clap-customizable-display-for-accessories-top-only","status":"publish","type":"product","link":"https:\/\/tremunpiercing.com\/fr\/product\/clap-customizable-display-for-accessories-top-only\/","title":{"rendered":"Clap ! Pr\u00e9sentoir personnalisable pour les accessoires - Dessus seulement"},"content":{"rendered":"<p>Le pr\u00e9sentoir Clap ! Custom Display Top est con\u00e7u pour s'adapter parfaitement \u00e0 votre base Clap !, afin que vous puissiez personnaliser votre pr\u00e9sentation pour votre studio de piercing. Disponible en noir et en blanc, ce pr\u00e9sentoir interchangeable donnera \u00e0 votre installation un aspect \u00e9l\u00e9gant et professionnel. Il est parfait pour mettre en valeur vos clickers, clous, halt\u00e8res ou autres bijoux tout en gardant votre pr\u00e9sentoir organis\u00e9 et visuellement attrayant.<\/p>\n<p>Fabriqu\u00e9 \u00e0 partir de mat\u00e9riaux durables, il est con\u00e7u pour \u00eatre port\u00e9 au quotidien dans n'importe quel studio, tout en restant \u00e9l\u00e9gant et moderne. Associez-le \u00e0 la base standard en silicone pour obtenir un pr\u00e9sentoir enti\u00e8rement interchangeable et personnalisable, et impressionnez vos clients avec l'organisation de vos bijoux.<\/p>","protected":false},"excerpt":{"rendered":"<ul>\n<li>Clap ! Top pour les accessoires<\/li>\n<li>Pr\u00e9sentoir personnalisable pour les bijoux de piercing<\/li>\n<li>La base est vendue s\u00e9par\u00e9ment<\/li>\n<li>Disponible en noir et blanc<\/li>\n<\/ul>","protected":false},"featured_media":8370,"comment_status":"closed","ping_status":"closed","template":"","meta":{"_acf_changed":false},"product_brand":[],"product_cat":[328,415,450,457,449],"product_tag":[],"class_list":{"0":"post-8367","1":"product","2":"type-product","3":"status-publish","4":"has-post-thumbnail","6":"product_cat-supplies","7":"product_cat-clap","8":"product_cat-clap-classic","9":"product_cat-clap-luxury","10":"product_cat-clap-elite","12":"first","13":"instock","14":"taxable","15":"shipping-taxable","16":"purchasable","17":"product-type-variable"},"acf":[],"gallery_images":[8371,8372,8373],"_links":{"self":[{"href":"https:\/\/tremunpiercing.com\/fr\/wp-json\/wp\/v2\/product\/8367","targetHints":{"allow":["GET"]}}],"collection":[{"href":"https:\/\/tremunpiercing.com\/fr\/wp-json\/wp\/v2\/product"}],"about":[{"href":"https:\/\/tremunpiercing.com\/fr\/wp-json\/wp\/v2\/types\/product"}],"replies":[{"embeddable":true,"href":"https:\/\/tremunpiercing.com\/fr\/wp-json\/wp\/v2\/comments?post=8367"}],"version-history":[{"count":1,"href":"https:\/\/tremunpiercing.com\/fr\/wp-json\/wp\/v2\/product\/8367\/revisions"}],"predecessor-version":[{"id":29728,"href":"https:\/\/tremunpiercing.com\/fr\/wp-json\/wp\/v2\/product\/8367\/revisions\/29728"}],"wp:featuredmedia":[{"embeddable":true,"href":"https:\/\/tremunpiercing.com\/fr\/wp-json\/wp\/v2\/media\/8370"}],"wp:attachment":[{"href":"https:\/\/tremunpiercing.com\/fr\/wp-json\/wp\/v2\/media?parent=8367"}],"wp:term":[{"taxonomy":"product_brand","embeddable":true,"href":"https:\/\/tremunpiercing.com\/fr\/wp-json\/wp\/v2\/product_brand?post=8367"},{"taxonomy":"product_cat","embeddable":true,"href":"https:\/\/tremunpiercing.com\/fr\/wp-json\/wp\/v2\/product_cat?post=8367"},{"taxonomy":"product_tag","embeddable":true,"href":"https:\/\/tremunpiercing.com\/fr\/wp-json\/wp\/v2\/product_tag?post=8367"}],"curies":[{"name":"wp","href":"https:\/\/api.w.org\/{rel}","templated":true}]}}