{"id":8823,"date":"2024-01-16T20:39:57","date_gmt":"2024-01-16T19:39:57","guid":{"rendered":"https:\/\/tremunpiercing.com\/?post_type=product&#038;p=8823"},"modified":"2026-04-15T20:44:03","modified_gmt":"2026-04-15T19:44:03","slug":"clap-customizable-display-vertica-base","status":"publish","type":"product","link":"https:\/\/tremunpiercing.com\/fr\/product\/clap-customizable-display-vertica-base\/","title":{"rendered":"Clap ! Pr\u00e9sentoir personnalisable - Base verticale"},"content":{"rendered":"<p>\u00cates-vous frustr\u00e9 par l'encombrement de votre comptoir ? La r\u00e9ponse est ce pr\u00e9sentoir vertical qui est la base du syst\u00e8me Clap ! Vous voulez placer vos couvercles de pr\u00e9sentation Clap ! directement sur le dessus de la base. Vous pouvez empiler les couvercles sur deux hauteurs. Cela vous permet de pr\u00e9senter encore plus de bijoux sans utiliser plus d'espace sur le comptoir. C'est une fa\u00e7on intelligente de pr\u00e9senter vos extr\u00e9mit\u00e9s et bagues les plus vendues. Cr\u00e9ez une pr\u00e9sentation impressionnante pour vos clients avec un look frais, propre et moderne qui permet \u00e0 vos clients de tout voir clairement.<\/p>","protected":false},"excerpt":{"rendered":"<ul>\n<li>Clap ! Base verticale<\/li>\n<li>Pr\u00e9sentoir personnalisable pour les bijoux de piercing<\/li>\n<li>Base uniquement<\/li>\n<li>Le couvercle est vendu s\u00e9par\u00e9ment<\/li>\n<li>Jusqu'\u00e0 deux couvercles peuvent \u00eatre plac\u00e9s sur le dessus<\/li>\n<\/ul>","protected":false},"featured_media":8977,"comment_status":"closed","ping_status":"closed","template":"","meta":{"_acf_changed":false},"product_brand":[],"product_cat":[328,415,450],"product_tag":[],"class_list":{"0":"post-8823","1":"product","2":"type-product","3":"status-publish","4":"has-post-thumbnail","6":"product_cat-supplies","7":"product_cat-clap","8":"product_cat-clap-classic","10":"first","11":"instock","12":"taxable","13":"shipping-taxable","14":"purchasable","15":"product-type-simple"},"acf":[],"gallery_images":[8976,8973,8825,8829,8826,8827,8828,8972,8974,8975,9100,9101,9102],"_links":{"self":[{"href":"https:\/\/tremunpiercing.com\/fr\/wp-json\/wp\/v2\/product\/8823","targetHints":{"allow":["GET"]}}],"collection":[{"href":"https:\/\/tremunpiercing.com\/fr\/wp-json\/wp\/v2\/product"}],"about":[{"href":"https:\/\/tremunpiercing.com\/fr\/wp-json\/wp\/v2\/types\/product"}],"replies":[{"embeddable":true,"href":"https:\/\/tremunpiercing.com\/fr\/wp-json\/wp\/v2\/comments?post=8823"}],"version-history":[{"count":1,"href":"https:\/\/tremunpiercing.com\/fr\/wp-json\/wp\/v2\/product\/8823\/revisions"}],"predecessor-version":[{"id":28510,"href":"https:\/\/tremunpiercing.com\/fr\/wp-json\/wp\/v2\/product\/8823\/revisions\/28510"}],"wp:featuredmedia":[{"embeddable":true,"href":"https:\/\/tremunpiercing.com\/fr\/wp-json\/wp\/v2\/media\/8977"}],"wp:attachment":[{"href":"https:\/\/tremunpiercing.com\/fr\/wp-json\/wp\/v2\/media?parent=8823"}],"wp:term":[{"taxonomy":"product_brand","embeddable":true,"href":"https:\/\/tremunpiercing.com\/fr\/wp-json\/wp\/v2\/product_brand?post=8823"},{"taxonomy":"product_cat","embeddable":true,"href":"https:\/\/tremunpiercing.com\/fr\/wp-json\/wp\/v2\/product_cat?post=8823"},{"taxonomy":"product_tag","embeddable":true,"href":"https:\/\/tremunpiercing.com\/fr\/wp-json\/wp\/v2\/product_tag?post=8823"}],"curies":[{"name":"wp","href":"https:\/\/api.w.org\/{rel}","templated":true}]}}