{"id":9058,"date":"2024-03-12T14:11:17","date_gmt":"2024-03-12T13:11:17","guid":{"rendered":"https:\/\/tremunpiercing.com\/?post_type=product&#038;p=9058"},"modified":"2026-04-15T10:33:53","modified_gmt":"2026-04-15T09:33:53","slug":"alisea-2-yellow-gold","status":"publish","type":"product","link":"https:\/\/tremunpiercing.com\/fr\/product\/alisea-2-yellow-gold\/","title":{"rendered":"Alisea 2 Or jaune"},"content":{"rendered":"<p>L'Alisea 2 Yellow Gold de Shanga Jewellery incarne la sophistication minimale dans un design en or jaune 18 carats de bonne facture. Avec deux zirconias cubiques \u00e9tincelants, cette pi\u00e8ce a un scintillement subtil qui est parfait pour ceux qui aiment un accent l\u00e9ger et \u00e9l\u00e9gant. Con\u00e7ue pour les labrets non filet\u00e9s 16G et 14G, elle peut \u00eatre utilis\u00e9e pour un piercing \u00e0 l'h\u00e9lix, au lobe ou \u00e0 la conque. L'\u00e9pingle est dot\u00e9e d'un m\u00e9canisme de verrouillage s\u00fbr, qui vous permet d'avoir l'esprit tranquille avant et apr\u00e8s l'insertion professionnelle.<\/p>\n<p>La sym\u00e9trie de la double pierre est ravissante et illumine toute d\u00e9coration cr\u00e9ative de l'oreille. Les perceurs et les d\u00e9taillants adorent l'Alisea 2 pour sa qualit\u00e9 de fabrication, son confort et son style moderne. Il s'agit d'une tenue luxueuse et minimaliste id\u00e9ale pour vos clients.<\/p>","protected":false},"excerpt":{"rendered":"<ul>\n<li>Sans filetage - Dessus de goupille de pouss\u00e9e<\/li>\n<li>Mati\u00e8re : Or jaune 18k<\/li>\n<li>Gemmes : Zircone cubique<\/li>\n<li>Compatible avec les tenons de labret non filet\u00e9s 16G et 14G<\/li>\n<li>Taille : Grand - Petit<\/li>\n<li>Marque : Shanga Jewellery<\/li>\n<\/ul>","protected":false},"featured_media":13261,"comment_status":"closed","ping_status":"closed","template":"","meta":{"_acf_changed":false},"product_brand":[],"product_cat":[337,398],"product_tag":[187,188,189,205,206,212,190,183,213,184,207],"class_list":{"0":"post-9058","1":"product","2":"type-product","3":"status-publish","4":"has-post-thumbnail","6":"product_cat-gold-jewelry","7":"product_cat-shanga","8":"product_tag-conch","9":"product_tag-ear","10":"product_tag-helix","11":"product_tag-lobe","12":"product_tag-lobulo","13":"product_tag-medusa","14":"product_tag-oreja","15":"product_tag-perforacion","16":"product_tag-philtrum","17":"product_tag-piercing","18":"product_tag-tragus","20":"first","21":"instock","22":"taxable","23":"shipping-taxable","24":"purchasable","25":"product-type-variable"},"acf":[],"gallery_images":[29685,29686],"_links":{"self":[{"href":"https:\/\/tremunpiercing.com\/fr\/wp-json\/wp\/v2\/product\/9058","targetHints":{"allow":["GET"]}}],"collection":[{"href":"https:\/\/tremunpiercing.com\/fr\/wp-json\/wp\/v2\/product"}],"about":[{"href":"https:\/\/tremunpiercing.com\/fr\/wp-json\/wp\/v2\/types\/product"}],"replies":[{"embeddable":true,"href":"https:\/\/tremunpiercing.com\/fr\/wp-json\/wp\/v2\/comments?post=9058"}],"version-history":[{"count":1,"href":"https:\/\/tremunpiercing.com\/fr\/wp-json\/wp\/v2\/product\/9058\/revisions"}],"predecessor-version":[{"id":29687,"href":"https:\/\/tremunpiercing.com\/fr\/wp-json\/wp\/v2\/product\/9058\/revisions\/29687"}],"wp:featuredmedia":[{"embeddable":true,"href":"https:\/\/tremunpiercing.com\/fr\/wp-json\/wp\/v2\/media\/13261"}],"wp:attachment":[{"href":"https:\/\/tremunpiercing.com\/fr\/wp-json\/wp\/v2\/media?parent=9058"}],"wp:term":[{"taxonomy":"product_brand","embeddable":true,"href":"https:\/\/tremunpiercing.com\/fr\/wp-json\/wp\/v2\/product_brand?post=9058"},{"taxonomy":"product_cat","embeddable":true,"href":"https:\/\/tremunpiercing.com\/fr\/wp-json\/wp\/v2\/product_cat?post=9058"},{"taxonomy":"product_tag","embeddable":true,"href":"https:\/\/tremunpiercing.com\/fr\/wp-json\/wp\/v2\/product_tag?post=9058"}],"curies":[{"name":"wp","href":"https:\/\/api.w.org\/{rel}","templated":true}]}}