{"id":9119,"date":"2024-03-12T17:43:15","date_gmt":"2024-03-12T16:43:15","guid":{"rendered":"https:\/\/tremunpiercing.com\/?post_type=product&#038;p=9119"},"modified":"2026-04-14T14:12:55","modified_gmt":"2026-04-14T13:12:55","slug":"malena","status":"publish","type":"product","link":"https:\/\/tremunpiercing.com\/fr\/product\/malena\/","title":{"rendered":"Malena"},"content":{"rendered":"<p>\u00c9l\u00e9gant, brillant et poli, le top filet\u00e9 Malena de Shanga Jewellery est une option unique pour quelqu'un qui appr\u00e9cie l'\u00e9l\u00e9gance dans les moindres d\u00e9tails. Fabriqu\u00e9e en or jaune 18 carats, la pierre centrale en zircon cubique brille d'une clart\u00e9 et d'un \u00e9clat impressionnants. Mesurant approximativement 10 mm, le Malena est compatible avec des tenons de labret \u00e0 filetage interne 14G (1,6 mm) pour des connexions filet\u00e9es en toute s\u00e9curit\u00e9 et en douceur. Les proportions \u00e9l\u00e9gantes du Malena lui permettent de s'adapter \u00e0 une vari\u00e9t\u00e9 de piercings, y compris les lobes et le cartilage. Con\u00e7u pour le confort, le Malena est un excellent choix pour les studios haut de gamme qui cherchent \u00e0 ajouter des touches d'or sophistiqu\u00e9es \u00e0 leur s\u00e9lection de bijoux.<\/p>","protected":false},"excerpt":{"rendered":"<ul>\n<li>Dessus filet\u00e9<\/li>\n<li>Mati\u00e8re : Or jaune 18k<\/li>\n<li>Gemmes : Zircone cubique<\/li>\n<li>Jauge : 14G - 1,6mm<\/li>\n<li>Compatible avec les piliers de labret \u00e0 filetage interne 14G<\/li>\n<li>Taille : 10 mm environ.<\/li>\n<li>Marque : Shanga Jewellery<\/li>\n<\/ul>","protected":false},"featured_media":12788,"comment_status":"closed","ping_status":"closed","template":"","meta":{"_acf_changed":false},"product_brand":[],"product_cat":[337,398],"product_tag":[187,188,189,205,206,212,190,183,213,184,207],"class_list":{"0":"post-9119","1":"product","2":"type-product","3":"status-publish","4":"has-post-thumbnail","6":"product_cat-gold-jewelry","7":"product_cat-shanga","8":"product_tag-conch","9":"product_tag-ear","10":"product_tag-helix","11":"product_tag-lobe","12":"product_tag-lobulo","13":"product_tag-medusa","14":"product_tag-oreja","15":"product_tag-perforacion","16":"product_tag-philtrum","17":"product_tag-piercing","18":"product_tag-tragus","20":"first","21":"instock","22":"taxable","23":"shipping-taxable","24":"purchasable","25":"product-type-simple"},"acf":[],"gallery_images":[29659,29658],"_links":{"self":[{"href":"https:\/\/tremunpiercing.com\/fr\/wp-json\/wp\/v2\/product\/9119","targetHints":{"allow":["GET"]}}],"collection":[{"href":"https:\/\/tremunpiercing.com\/fr\/wp-json\/wp\/v2\/product"}],"about":[{"href":"https:\/\/tremunpiercing.com\/fr\/wp-json\/wp\/v2\/types\/product"}],"replies":[{"embeddable":true,"href":"https:\/\/tremunpiercing.com\/fr\/wp-json\/wp\/v2\/comments?post=9119"}],"version-history":[{"count":1,"href":"https:\/\/tremunpiercing.com\/fr\/wp-json\/wp\/v2\/product\/9119\/revisions"}],"predecessor-version":[{"id":29660,"href":"https:\/\/tremunpiercing.com\/fr\/wp-json\/wp\/v2\/product\/9119\/revisions\/29660"}],"wp:featuredmedia":[{"embeddable":true,"href":"https:\/\/tremunpiercing.com\/fr\/wp-json\/wp\/v2\/media\/12788"}],"wp:attachment":[{"href":"https:\/\/tremunpiercing.com\/fr\/wp-json\/wp\/v2\/media?parent=9119"}],"wp:term":[{"taxonomy":"product_brand","embeddable":true,"href":"https:\/\/tremunpiercing.com\/fr\/wp-json\/wp\/v2\/product_brand?post=9119"},{"taxonomy":"product_cat","embeddable":true,"href":"https:\/\/tremunpiercing.com\/fr\/wp-json\/wp\/v2\/product_cat?post=9119"},{"taxonomy":"product_tag","embeddable":true,"href":"https:\/\/tremunpiercing.com\/fr\/wp-json\/wp\/v2\/product_tag?post=9119"}],"curies":[{"name":"wp","href":"https:\/\/api.w.org\/{rel}","templated":true}]}}