{"id":9141,"date":"2024-03-13T15:32:46","date_gmt":"2024-03-13T14:32:46","guid":{"rendered":"https:\/\/tremunpiercing.com\/?post_type=product&#038;p=9141"},"modified":"2026-04-16T14:18:59","modified_gmt":"2026-04-16T13:18:59","slug":"serena-v2","status":"publish","type":"product","link":"https:\/\/tremunpiercing.com\/fr\/product\/serena-v2\/","title":{"rendered":"Serena V2"},"content":{"rendered":"<p>Serena V2 est l'embout filet\u00e9 de Shanga Jewellery, diplomatiquement fabriqu\u00e9 \u00e0 la main en or jaune massif 18 carats avec des zircons cubiques pour un \u00e9clat incroyable dans son design de 8,5 mm x 8,5 mm. Con\u00e7u pour un filetage interne de 14G, Serena V2 offre un ajustement s\u00e9curis\u00e9 de qualit\u00e9 professionnelle et le meilleur processus d'installation possible. Parfait pour les piercings de conque, d'h\u00e9lix ou de lobe, la forme sym\u00e9trique du Serena V2 permet d'ajouter de l'\u00e9quilibre et de l'\u00e9clat \u00e0 n'importe quelle configuration de bijoux de piercing. La perfection polie - vous pouvez dire que Shanga se soucie du luxe et de l'artisanat dans chaque pi\u00e8ce. Serena V2 est une belle option pour les studios de piercing qui recherchent des bijoux en or exclusifs, faits \u00e0 la main, distinctifs et haut de gamme.<\/p>","protected":false},"excerpt":{"rendered":"<ul>\n<li>Dessus filet\u00e9<\/li>\n<li>Mati\u00e8re : Or jaune 18k, tige en acier inoxydable<\/li>\n<li>Gemmes : Zircone cubique<\/li>\n<li>Jauge : 14G - 1,6mm<\/li>\n<li>Compatible avec les piliers de labret \u00e0 filetage interne 14G<\/li>\n<li>Taille : 8,5mm x 8,5mm environ.<\/li>\n<li>Marque : Shanga Jewellery<\/li>\n<\/ul>","protected":false},"featured_media":9142,"comment_status":"closed","ping_status":"closed","template":"","meta":{"_acf_changed":false},"product_brand":[],"product_cat":[337,398],"product_tag":[187,188,189,205,206,212,190,183,213,184,207],"class_list":{"0":"post-9141","1":"product","2":"type-product","3":"status-publish","4":"has-post-thumbnail","6":"product_cat-gold-jewelry","7":"product_cat-shanga","8":"product_tag-conch","9":"product_tag-ear","10":"product_tag-helix","11":"product_tag-lobe","12":"product_tag-lobulo","13":"product_tag-medusa","14":"product_tag-oreja","15":"product_tag-perforacion","16":"product_tag-philtrum","17":"product_tag-piercing","18":"product_tag-tragus","20":"first","21":"instock","22":"taxable","23":"shipping-taxable","24":"purchasable","25":"product-type-simple"},"acf":[],"gallery_images":[29647,29646],"_links":{"self":[{"href":"https:\/\/tremunpiercing.com\/fr\/wp-json\/wp\/v2\/product\/9141","targetHints":{"allow":["GET"]}}],"collection":[{"href":"https:\/\/tremunpiercing.com\/fr\/wp-json\/wp\/v2\/product"}],"about":[{"href":"https:\/\/tremunpiercing.com\/fr\/wp-json\/wp\/v2\/types\/product"}],"replies":[{"embeddable":true,"href":"https:\/\/tremunpiercing.com\/fr\/wp-json\/wp\/v2\/comments?post=9141"}],"version-history":[{"count":1,"href":"https:\/\/tremunpiercing.com\/fr\/wp-json\/wp\/v2\/product\/9141\/revisions"}],"predecessor-version":[{"id":29648,"href":"https:\/\/tremunpiercing.com\/fr\/wp-json\/wp\/v2\/product\/9141\/revisions\/29648"}],"wp:featuredmedia":[{"embeddable":true,"href":"https:\/\/tremunpiercing.com\/fr\/wp-json\/wp\/v2\/media\/9142"}],"wp:attachment":[{"href":"https:\/\/tremunpiercing.com\/fr\/wp-json\/wp\/v2\/media?parent=9141"}],"wp:term":[{"taxonomy":"product_brand","embeddable":true,"href":"https:\/\/tremunpiercing.com\/fr\/wp-json\/wp\/v2\/product_brand?post=9141"},{"taxonomy":"product_cat","embeddable":true,"href":"https:\/\/tremunpiercing.com\/fr\/wp-json\/wp\/v2\/product_cat?post=9141"},{"taxonomy":"product_tag","embeddable":true,"href":"https:\/\/tremunpiercing.com\/fr\/wp-json\/wp\/v2\/product_tag?post=9141"}],"curies":[{"name":"wp","href":"https:\/\/api.w.org\/{rel}","templated":true}]}}