{"id":9556,"date":"2024-06-04T14:43:40","date_gmt":"2024-06-04T13:43:40","guid":{"rendered":"https:\/\/tremunpiercing.com\/?post_type=product&#038;p=9556"},"modified":"2026-03-31T13:16:56","modified_gmt":"2026-03-31T12:16:56","slug":"clap-luxury-costumizable-display-horizontal-base","status":"publish","type":"product","link":"https:\/\/tremunpiercing.com\/fr\/product\/clap-luxury-costumizable-display-horizontal-base\/","title":{"rendered":"CLAP ! LUXE - Pr\u00e9sentoir personnalisable - Base horizontale"},"content":{"rendered":"<p>La base horizontale personnalisable CLAP ! Luxury Customizable Display Horizontal Base est la plateforme ultime pour construire un pr\u00e9sentoir \u00e0 bijoux professionnel facile \u00e0 adapter \u00e0 vos besoins. Cette base polyvalente est parfaite pour les studios de piercing, les grossistes et les d\u00e9taillants. Une fois l'\u00e9l\u00e9gante base achet\u00e9e, elle peut \u00eatre utilis\u00e9e pour accueillir jusqu'\u00e0 quatre couvercles interchangeables et les pr\u00e9senter de mani\u00e8re m\u00e9thodique. Fabriqu\u00e9e \u00e0 partir de mat\u00e9riaux de qualit\u00e9 et con\u00e7ue pour \u00eatre robuste et durable, cette base permet de conserver les bijoux en s\u00e9curit\u00e9 et de les pr\u00e9senter de la meilleure fa\u00e7on possible. Ce pr\u00e9sentoir horizontal permet de voir clairement les collections de bijoux tels que les bijoux de piercing et constitue le compl\u00e9ment id\u00e9al d'un comptoir, d'une exposition ou d'une boutique.<\/p>\n<p>M\u00eame si les couvercles sont achet\u00e9s s\u00e9par\u00e9ment de la base, vous aurez toute latitude pour cr\u00e9er la combinaison parfaite de pr\u00e9sentoirs correspondant le mieux \u00e0 votre stock (par exemple, halt\u00e8res, anneaux \u00e0 charni\u00e8re ou couvercles en pierre pr\u00e9cieuse). Pr\u00e9sentez une image de marque sophistiqu\u00e9e \u00e0 vos clients gr\u00e2ce \u00e0 un syst\u00e8me de pr\u00e9sentation qui reste fonctionnel tout au long de la croissance de votre entreprise. Ce syst\u00e8me de pr\u00e9sentation est pratique, amusant, \u00e9l\u00e9gant et polyvalent ; c'est le syst\u00e8me de pr\u00e9sentation unique id\u00e9al pour les professionnels du piercing \u00e0 la recherche d'options de pr\u00e9sentation \u00e9tonnantes.<\/p>","protected":false},"excerpt":{"rendered":"<ul>\n<li>Clap ! Base horizontale<\/li>\n<li>Pr\u00e9sentoir personnalisable pour les bijoux de piercing<\/li>\n<li>Base uniquement<\/li>\n<li>Les couvercles sont vendus s\u00e9par\u00e9ment<\/li>\n<li>Jusqu'\u00e0 quatre couvercles peuvent \u00eatre plac\u00e9s sur le dessus<\/li>\n<\/ul>","protected":false},"featured_media":9557,"comment_status":"closed","ping_status":"closed","template":"","meta":{"_acf_changed":false},"product_brand":[],"product_cat":[415,457,328],"product_tag":[],"class_list":{"0":"post-9556","1":"product","2":"type-product","3":"status-publish","4":"has-post-thumbnail","6":"product_cat-clap","7":"product_cat-clap-luxury","8":"product_cat-supplies","10":"first","11":"instock","12":"taxable","13":"shipping-taxable","14":"purchasable","15":"product-type-simple"},"acf":[],"gallery_images":[9558,9559,9560,9561,9562,9563,9564],"_links":{"self":[{"href":"https:\/\/tremunpiercing.com\/fr\/wp-json\/wp\/v2\/product\/9556","targetHints":{"allow":["GET"]}}],"collection":[{"href":"https:\/\/tremunpiercing.com\/fr\/wp-json\/wp\/v2\/product"}],"about":[{"href":"https:\/\/tremunpiercing.com\/fr\/wp-json\/wp\/v2\/types\/product"}],"replies":[{"embeddable":true,"href":"https:\/\/tremunpiercing.com\/fr\/wp-json\/wp\/v2\/comments?post=9556"}],"version-history":[{"count":1,"href":"https:\/\/tremunpiercing.com\/fr\/wp-json\/wp\/v2\/product\/9556\/revisions"}],"predecessor-version":[{"id":28501,"href":"https:\/\/tremunpiercing.com\/fr\/wp-json\/wp\/v2\/product\/9556\/revisions\/28501"}],"wp:featuredmedia":[{"embeddable":true,"href":"https:\/\/tremunpiercing.com\/fr\/wp-json\/wp\/v2\/media\/9557"}],"wp:attachment":[{"href":"https:\/\/tremunpiercing.com\/fr\/wp-json\/wp\/v2\/media?parent=9556"}],"wp:term":[{"taxonomy":"product_brand","embeddable":true,"href":"https:\/\/tremunpiercing.com\/fr\/wp-json\/wp\/v2\/product_brand?post=9556"},{"taxonomy":"product_cat","embeddable":true,"href":"https:\/\/tremunpiercing.com\/fr\/wp-json\/wp\/v2\/product_cat?post=9556"},{"taxonomy":"product_tag","embeddable":true,"href":"https:\/\/tremunpiercing.com\/fr\/wp-json\/wp\/v2\/product_tag?post=9556"}],"curies":[{"name":"wp","href":"https:\/\/api.w.org\/{rel}","templated":true}]}}