{"id":9870,"date":"2024-07-15T16:49:11","date_gmt":"2024-07-15T15:49:11","guid":{"rendered":"https:\/\/tremunpiercing.com\/?post_type=product&#038;p=9870"},"modified":"2026-04-10T14:23:33","modified_gmt":"2026-04-10T13:23:33","slug":"marion","status":"publish","type":"product","link":"https:\/\/tremunpiercing.com\/fr\/product\/marion\/","title":{"rendered":"Marion"},"content":{"rendered":"<p>Le bijou de piercing Marion est une combinaison parfaite de durabilit\u00e9 et de sophistication. Fabriqu\u00e9 en titane F-136 de qualit\u00e9 implantaire, cet embout 16G \u00e0 filetage interne permet un port s\u00fbr et hypoallerg\u00e9nique pour un usage professionnel. Con\u00e7u avec une pierre pr\u00e9cieuse en zircone cubique de 5,7 mm pour maximiser l'\u00e9clat et faire ressortir le meilleur de chaque piercing, la taille permet une grande polyvalence dans l'emplacement, les piercings du cartilage, de l'h\u00e9lix et du lobe \u00e9tant des options populaires.<\/p>\n<p>Le filetage interne permet une insertion professionnelle en douceur, avec un minimum d'inconfort et d'irritation pour votre client. Marion offre \u00e0 la fois style et fonction aux studios de piercing et aux fournisseurs de bijoux, ce qui en fait un article de stock haut de gamme tr\u00e8s recherch\u00e9. Les mat\u00e9riaux de qualit\u00e9 sup\u00e9rieure, ainsi que le design intemporel, permettent aux pierceurs et aux clients d'\u00eatre satisfaits. Il s'agit d'un excellent bijou pour les professionnels qui souhaitent offrir \u00e0 leur client\u00e8le des bijoux corporels \u00e9l\u00e9gants et fiables.<\/p>","protected":false},"excerpt":{"rendered":"<ul>\n<li>Filetage interne<\/li>\n<li>Mat\u00e9riau : Titane de qualit\u00e9 implantaire F-136<\/li>\n<li>Jauge : 16G<\/li>\n<li>Gemmes : Zircone cubique<\/li>\n<li>Taille : 5,7 mm<\/li>\n<\/ul>","protected":false},"featured_media":12404,"comment_status":"closed","ping_status":"closed","template":"","meta":{"_acf_changed":false},"product_brand":[],"product_cat":[340,343],"product_tag":[187,179,180,188,209,189,210,211,212,190,183,184,207],"class_list":{"0":"post-9870","1":"product","2":"type-product","3":"status-publish","4":"has-post-thumbnail","6":"product_cat-titanium-jewelry","7":"product_cat-tops-titanium-jewelry","8":"product_tag-conch","9":"product_tag-cristal","10":"product_tag-cz","11":"product_tag-ear","12":"product_tag-faux-rook","13":"product_tag-helix","14":"product_tag-labret","15":"product_tag-lip","16":"product_tag-medusa","17":"product_tag-oreja","18":"product_tag-perforacion","19":"product_tag-piercing","20":"product_tag-tragus","22":"first","23":"instock","24":"taxable","25":"shipping-taxable","26":"purchasable","27":"product-type-simple"},"acf":[],"gallery_images":[28223,28224],"_links":{"self":[{"href":"https:\/\/tremunpiercing.com\/fr\/wp-json\/wp\/v2\/product\/9870","targetHints":{"allow":["GET"]}}],"collection":[{"href":"https:\/\/tremunpiercing.com\/fr\/wp-json\/wp\/v2\/product"}],"about":[{"href":"https:\/\/tremunpiercing.com\/fr\/wp-json\/wp\/v2\/types\/product"}],"replies":[{"embeddable":true,"href":"https:\/\/tremunpiercing.com\/fr\/wp-json\/wp\/v2\/comments?post=9870"}],"version-history":[{"count":1,"href":"https:\/\/tremunpiercing.com\/fr\/wp-json\/wp\/v2\/product\/9870\/revisions"}],"predecessor-version":[{"id":28225,"href":"https:\/\/tremunpiercing.com\/fr\/wp-json\/wp\/v2\/product\/9870\/revisions\/28225"}],"wp:featuredmedia":[{"embeddable":true,"href":"https:\/\/tremunpiercing.com\/fr\/wp-json\/wp\/v2\/media\/12404"}],"wp:attachment":[{"href":"https:\/\/tremunpiercing.com\/fr\/wp-json\/wp\/v2\/media?parent=9870"}],"wp:term":[{"taxonomy":"product_brand","embeddable":true,"href":"https:\/\/tremunpiercing.com\/fr\/wp-json\/wp\/v2\/product_brand?post=9870"},{"taxonomy":"product_cat","embeddable":true,"href":"https:\/\/tremunpiercing.com\/fr\/wp-json\/wp\/v2\/product_cat?post=9870"},{"taxonomy":"product_tag","embeddable":true,"href":"https:\/\/tremunpiercing.com\/fr\/wp-json\/wp\/v2\/product_tag?post=9870"}],"curies":[{"name":"wp","href":"https:\/\/api.w.org\/{rel}","templated":true}]}}