{"id":10109,"date":"2024-08-21T18:47:30","date_gmt":"2024-08-21T17:47:30","guid":{"rendered":"https:\/\/tremunpiercing.com\/?post_type=product&#038;p=10109"},"modified":"2026-04-14T12:02:06","modified_gmt":"2026-04-14T11:02:06","slug":"alisea-1-with-bullets","status":"publish","type":"product","link":"https:\/\/tremunpiercing.com\/hr\/product\/alisea-1-with-bullets\/","title":{"rendered":"Alisea 1 s mecima"},"content":{"rendered":"<p>Alisea 1 s metacima prekrasan je dodatak kolekciji zlatnih piercinga Shanga Jewellery. Ova igla za piercing od 18-karatnog \u017eutog zlata bez navoja ima briljantne kubne cirkone dizajnirane u obliku metka, pru\u017eaju\u0107i dubinu i sjaj svakom piercingu. Alisea 1 kompatibilna je s 16G i 14G labret stupi\u0107ima bez navoja, \u0161to pierceru omogu\u0107uje sigurno i profesionalno pristajanje. Dostupan u velikim i malim veli\u010dinama, Alisea 1 mo\u017ee se nositi na vi\u0161e mjesta, kao \u0161to su heliks, tragus i re\u017eanj.<\/p>\n<p>I klijenti i oni koji se bave piercingom vole Alisea 1 zbog njegove smjelosti i elegancije, \u0161to ga \u010dini prikladnim za ljude zainteresirane za nakit koji ima karakter i luksuzan izgled. Napravljen za izdr\u017eljivost i izgra\u0111en za profesionalce, ovaj komad predstavlja Shanginu viziju kvalitetnog proizvoda s modernim dizajnerskim elementima. Alisea 1 je izvrstan izbor za veleprodajne dobavlja\u010de i trgovce piercingom koji tra\u017ee ne\u0161to \u010dime \u0107e pobolj\u0161ati svoju kolekciju vrhunskog nakita za piercing.<\/p>","protected":false},"excerpt":{"rendered":"<ul>\n<li>Bez navoja \u2013 Gornji dio s pritisnom iglom<\/li>\n<li>Materijal: \u017duto zlato 18k<\/li>\n<li>Dragulj: Kubni cirkonij<\/li>\n<li>Kompatibilno s 16G i 14G labret stupi\u0107ima bez navoja<\/li>\n<li>Veli\u010dina: Velika \u2013 Mala<\/li>\n<li>Marka: Shanga Jewellery<\/li>\n<\/ul>","protected":false},"featured_media":10112,"comment_status":"closed","ping_status":"closed","template":"","meta":{"_acf_changed":false},"product_brand":[],"product_cat":[337,398],"product_tag":[187,188,189,205,206,212,190,183,213,184,207],"class_list":{"0":"post-10109","1":"product","2":"type-product","3":"status-publish","4":"has-post-thumbnail","6":"product_cat-gold-jewelry","7":"product_cat-shanga","8":"product_tag-conch","9":"product_tag-ear","10":"product_tag-helix","11":"product_tag-lobe","12":"product_tag-lobulo","13":"product_tag-medusa","14":"product_tag-oreja","15":"product_tag-perforacion","16":"product_tag-philtrum","17":"product_tag-piercing","18":"product_tag-tragus","20":"first","21":"instock","22":"taxable","23":"shipping-taxable","24":"purchasable","25":"product-type-variable"},"acf":[],"gallery_images":[29628,29629],"_links":{"self":[{"href":"https:\/\/tremunpiercing.com\/hr\/wp-json\/wp\/v2\/product\/10109","targetHints":{"allow":["GET"]}}],"collection":[{"href":"https:\/\/tremunpiercing.com\/hr\/wp-json\/wp\/v2\/product"}],"about":[{"href":"https:\/\/tremunpiercing.com\/hr\/wp-json\/wp\/v2\/types\/product"}],"replies":[{"embeddable":true,"href":"https:\/\/tremunpiercing.com\/hr\/wp-json\/wp\/v2\/comments?post=10109"}],"version-history":[{"count":1,"href":"https:\/\/tremunpiercing.com\/hr\/wp-json\/wp\/v2\/product\/10109\/revisions"}],"predecessor-version":[{"id":29630,"href":"https:\/\/tremunpiercing.com\/hr\/wp-json\/wp\/v2\/product\/10109\/revisions\/29630"}],"wp:featuredmedia":[{"embeddable":true,"href":"https:\/\/tremunpiercing.com\/hr\/wp-json\/wp\/v2\/media\/10112"}],"wp:attachment":[{"href":"https:\/\/tremunpiercing.com\/hr\/wp-json\/wp\/v2\/media?parent=10109"}],"wp:term":[{"taxonomy":"product_brand","embeddable":true,"href":"https:\/\/tremunpiercing.com\/hr\/wp-json\/wp\/v2\/product_brand?post=10109"},{"taxonomy":"product_cat","embeddable":true,"href":"https:\/\/tremunpiercing.com\/hr\/wp-json\/wp\/v2\/product_cat?post=10109"},{"taxonomy":"product_tag","embeddable":true,"href":"https:\/\/tremunpiercing.com\/hr\/wp-json\/wp\/v2\/product_tag?post=10109"}],"curies":[{"name":"radni list","href":"https:\/\/api.w.org\/{rel}","templated":true}]}}