{"id":10119,"date":"2024-08-21T19:10:34","date_gmt":"2024-08-21T18:10:34","guid":{"rendered":"https:\/\/tremunpiercing.com\/?post_type=product&#038;p=10119"},"modified":"2025-12-04T14:10:24","modified_gmt":"2025-12-04T13:10:24","slug":"square-alisea-1","status":"publish","type":"product","link":"https:\/\/tremunpiercing.com\/hr\/product\/square-alisea-1\/","title":{"rendered":"Trg Alisea 1"},"content":{"rendered":"<p>Square Alisea 1 iz Shanga Jewellery savr\u0161ena je kombinacija luksuza i prakti\u010dnosti za va\u0161e omiljene profesionalce u piercingu. Izra\u0111ena od \u010distog 18-karatnog \u017eutog zlata, ova pribada\u010da bez navoja ukra\u0161ena je briljantnim kubnim cirkonom u sredi\u0161tu za \u010dist i decentan zavr\u0161etak. Kompatibilna s pribada\u010dama bez navoja 16G i 14G, Square Alisea 1 nudi korisnicima piercinga jednostavnu kompatibilnost i udobno pristajanje, a istovremeno pri\u010dvr\u0161\u0107uje nakit na mjestu.<\/p>\n<p>Kvadratni Alisea 1 dostupan je u velikim i malim varijacijama veli\u010dine za klijente koji vole decentan i upe\u010datljiv izgled. Ovaj nakit mo\u017ee se koristiti za po\u010detno piercing i za svakodnevno no\u0161enje. Ima prednosti kao nakit za piercing jer je lagan, ali i izdr\u017eljiv za dugotrajno no\u0161enje te je dizajniran s bezvremenskim \u010detvrtastim izgledom za klijente koji tra\u017ee minimalisti\u010dki luksuz.<\/p>\n<p>Square Alisea 1 je izvrstan komad nakita za piercing studio, salon za tetoviranje ili veleprodaju. Square Alisea 1 je odli\u010dan prikaz kvalitete i izrade, kao i modernog dizajna u liniji Shanga. Kupnjom Square Alisea 1, modernog nakita, jam\u010dite svojim klijentima pristup vrhunskom nakitu za piercing za svakodnevno no\u0161enje i povremeno dizajniranje prostora za u\u0161i.<\/p>","protected":false},"excerpt":{"rendered":"<ul>\n<li>Bez navoja \u2013 Gornji dio s pritisnom iglom<\/li>\n<li>Materijal: \u017duto zlato 18k, igla od nehr\u0111aju\u0107eg \u010delika<\/li>\n<li>Dragulj: Kubni cirkonij<\/li>\n<li>Kompatibilno s 16G i 14G labret stupi\u0107ima bez navoja<\/li>\n<li>Veli\u010dina: Velika \u2013 Mala<\/li>\n<li>Marka: Shanga Jewellery<\/li>\n<\/ul>","protected":false},"featured_media":10122,"comment_status":"closed","ping_status":"closed","template":"","meta":{"_acf_changed":false},"product_brand":[],"product_cat":[337,398],"product_tag":[187,188,189,205,206,212,190,183,213,184,207],"class_list":{"0":"post-10119","1":"product","2":"type-product","3":"status-publish","4":"has-post-thumbnail","6":"product_cat-gold-jewelry","7":"product_cat-shanga","8":"product_tag-conch","9":"product_tag-ear","10":"product_tag-helix","11":"product_tag-lobe","12":"product_tag-lobulo","13":"product_tag-medusa","14":"product_tag-oreja","15":"product_tag-perforacion","16":"product_tag-philtrum","17":"product_tag-piercing","18":"product_tag-tragus","20":"first","21":"instock","22":"taxable","23":"shipping-taxable","24":"product-type-variable"},"acf":[],"gallery_images":[],"_links":{"self":[{"href":"https:\/\/tremunpiercing.com\/hr\/wp-json\/wp\/v2\/product\/10119","targetHints":{"allow":["GET"]}}],"collection":[{"href":"https:\/\/tremunpiercing.com\/hr\/wp-json\/wp\/v2\/product"}],"about":[{"href":"https:\/\/tremunpiercing.com\/hr\/wp-json\/wp\/v2\/types\/product"}],"replies":[{"embeddable":true,"href":"https:\/\/tremunpiercing.com\/hr\/wp-json\/wp\/v2\/comments?post=10119"}],"version-history":[{"count":0,"href":"https:\/\/tremunpiercing.com\/hr\/wp-json\/wp\/v2\/product\/10119\/revisions"}],"wp:featuredmedia":[{"embeddable":true,"href":"https:\/\/tremunpiercing.com\/hr\/wp-json\/wp\/v2\/media\/10122"}],"wp:attachment":[{"href":"https:\/\/tremunpiercing.com\/hr\/wp-json\/wp\/v2\/media?parent=10119"}],"wp:term":[{"taxonomy":"product_brand","embeddable":true,"href":"https:\/\/tremunpiercing.com\/hr\/wp-json\/wp\/v2\/product_brand?post=10119"},{"taxonomy":"product_cat","embeddable":true,"href":"https:\/\/tremunpiercing.com\/hr\/wp-json\/wp\/v2\/product_cat?post=10119"},{"taxonomy":"product_tag","embeddable":true,"href":"https:\/\/tremunpiercing.com\/hr\/wp-json\/wp\/v2\/product_tag?post=10119"}],"curies":[{"name":"radni list","href":"https:\/\/api.w.org\/{rel}","templated":true}]}}