{"id":10123,"date":"2024-08-21T19:15:40","date_gmt":"2024-08-21T18:15:40","guid":{"rendered":"https:\/\/tremunpiercing.com\/?post_type=product&#038;p=10123"},"modified":"2025-12-04T14:14:35","modified_gmt":"2025-12-04T13:14:35","slug":"square-alisea-2","status":"publish","type":"product","link":"https:\/\/tremunpiercing.com\/hr\/product\/square-alisea-2\/","title":{"rendered":"Trg Alisea 2"},"content":{"rendered":"<p>Shanga Jewellery Square Alisea 2 elegantan je izbor za pro\u0161irenje va\u0161e profesionalne kolekcije piercinga. Ovaj vrh bez navoja izra\u0111en je od 18-karatnog \u017eutog zlata, tako da znate da koristite najbolju kvalitetu u vrhunskim studijima i trgovinama za piercing. Kubni cirkonij kvadratnog brusa dobro reflektira svjetlost, pru\u017eaju\u0107i bezvremenski sjaj kupcima koji \u017eele fini nakit. Ovaj Square Alisea 2 tako\u0111er odgovara 16G i 14G labret stupi\u0107ima bez navoja, \u0161to vam omogu\u0107uje kori\u0161tenje za \u0161irok raspon piercinga, kao \u0161to su helix, tragus i usne.<\/p>\n<p>Gornji dio se isporu\u010duje u velikim i malim veli\u010dinama, \u0161to omogu\u0107uje pierceru dodatnu prilagodbu pri stvaranju kona\u010dnog izgleda za klijenta. Shanga Jewellery je pouzdani brend u podru\u010dju nakita za tijelo i profesionalnog piercinga, a njihovi komadi nisu samo lijepi, ve\u0107 i sigurni u dizajnu i dovoljno udobni za svakodnevno no\u0161enje. Ovaj dizajn je savr\u0161en za piercing studije i dobavlja\u010de nakita za tijelo koji \u017eele pro\u0161iriti svoje premium zlatne linije pouzdanim i modernim zlatnim vrhom koji se lako postavlja.<\/p>","protected":false},"excerpt":{"rendered":"<ul>\n<li>Bez navoja \u2013 Gornji dio s pritisnom iglom<\/li>\n<li>Materijal: Gornji dio od 18-karatnog \u017eutog zlata, igla od nehr\u0111aju\u0107eg \u010delika<\/li>\n<li>Dragulj: Kubni cirkonij<\/li>\n<li>Kompatibilno s 16G i 14G labret stupi\u0107ima bez navoja<\/li>\n<li>Veli\u010dina: Velika \u2013 Mala<\/li>\n<li>Marka: Shanga Jewellery<\/li>\n<\/ul>","protected":false},"featured_media":10126,"comment_status":"closed","ping_status":"closed","template":"","meta":{"_acf_changed":false},"product_brand":[],"product_cat":[337,398],"product_tag":[187,188,189,205,206,212,190,183,213,184,207],"class_list":{"0":"post-10123","1":"product","2":"type-product","3":"status-publish","4":"has-post-thumbnail","6":"product_cat-gold-jewelry","7":"product_cat-shanga","8":"product_tag-conch","9":"product_tag-ear","10":"product_tag-helix","11":"product_tag-lobe","12":"product_tag-lobulo","13":"product_tag-medusa","14":"product_tag-oreja","15":"product_tag-perforacion","16":"product_tag-philtrum","17":"product_tag-piercing","18":"product_tag-tragus","20":"first","21":"instock","22":"taxable","23":"shipping-taxable","24":"product-type-variable"},"acf":[],"gallery_images":[],"_links":{"self":[{"href":"https:\/\/tremunpiercing.com\/hr\/wp-json\/wp\/v2\/product\/10123","targetHints":{"allow":["GET"]}}],"collection":[{"href":"https:\/\/tremunpiercing.com\/hr\/wp-json\/wp\/v2\/product"}],"about":[{"href":"https:\/\/tremunpiercing.com\/hr\/wp-json\/wp\/v2\/types\/product"}],"replies":[{"embeddable":true,"href":"https:\/\/tremunpiercing.com\/hr\/wp-json\/wp\/v2\/comments?post=10123"}],"version-history":[{"count":0,"href":"https:\/\/tremunpiercing.com\/hr\/wp-json\/wp\/v2\/product\/10123\/revisions"}],"wp:featuredmedia":[{"embeddable":true,"href":"https:\/\/tremunpiercing.com\/hr\/wp-json\/wp\/v2\/media\/10126"}],"wp:attachment":[{"href":"https:\/\/tremunpiercing.com\/hr\/wp-json\/wp\/v2\/media?parent=10123"}],"wp:term":[{"taxonomy":"product_brand","embeddable":true,"href":"https:\/\/tremunpiercing.com\/hr\/wp-json\/wp\/v2\/product_brand?post=10123"},{"taxonomy":"product_cat","embeddable":true,"href":"https:\/\/tremunpiercing.com\/hr\/wp-json\/wp\/v2\/product_cat?post=10123"},{"taxonomy":"product_tag","embeddable":true,"href":"https:\/\/tremunpiercing.com\/hr\/wp-json\/wp\/v2\/product_tag?post=10123"}],"curies":[{"name":"radni list","href":"https:\/\/api.w.org\/{rel}","templated":true}]}}