{"id":10127,"date":"2024-08-21T20:11:21","date_gmt":"2024-08-21T19:11:21","guid":{"rendered":"https:\/\/tremunpiercing.com\/?post_type=product&#038;p=10127"},"modified":"2026-04-14T11:27:28","modified_gmt":"2026-04-14T10:27:28","slug":"foresta-2-0","status":"publish","type":"product","link":"https:\/\/tremunpiercing.com\/hr\/product\/foresta-2-0\/","title":{"rendered":"\u0160uma 2.0"},"content":{"rendered":"<p>Shanga Jewellery&#039;s Foresta 2.0 je aerodinami\u010dni komad umjetni\u010dkog djela inspiriranog prirodom, izra\u0111en od \u010distog 18-karatnog \u017eutog zlata, dimenzija 2,5 mm x 8,7 mm. Ovo je vrh bez navoja s visokokvalitetnim kubnim cirkonima koji stvara delikatnu raznolikost visine kako bi pridonio izdu\u017eenju cjelokupnog izgleda. Mehanizam s pribada\u010dom namijenjen je za upotrebu s labret stupi\u0107ima od 16G i 14G, pru\u017eaju\u0107i svje\u017einu va\u0161im profesionalnim klijentima koji se bave piercingom.<\/p>\n<p>Ovaj poseban komad savr\u0161eno funkcionira za projekte ure\u0111enja u\u0161iju s drugim komadima nakita, dodaju\u0107i vertikalnu ravnote\u017eu, sjaj i karakteristike teme za razgovor svakom piercingu. Jednostavna, decentna ljepota omogu\u0107uje slaganje i stiliziranje s gotovo svime drugim bez da bude pretjerano ili previ\u0161e uo\u010dljiva. Kao i svaki komad iz Shanga kolekcije, Foresta 2.0 dizajniran je da bude hipoalergen, udoban za dugotrajno no\u0161enje i zadr\u017eat \u0107e svoj ugla\u0111eni sjaj. Za profesionalne studije za piercing i maloprodajne trgovine, Foresta 2.0 je solidna opcija za klijente koji tra\u017ee nakit s \u010distim linijama, luksuznim materijalima te profesionalnim dizajnom i izradom.<\/p>","protected":false},"excerpt":{"rendered":"<ul>\n<li>Vrh bez navoja, igla od nehr\u0111aju\u0107eg \u010delika 25ga<\/li>\n<li>Materijal: \u017duto zlato 18k<\/li>\n<li>Veli\u010dina: 2,5 mm x 8,7 mm<\/li>\n<li>Dragulj: Kubni cirkonij<\/li>\n<li>Kompatibilno s labret stupi\u0107ima s pribada\u010dama od 16G i 14G<\/li>\n<li>Marka: Shanga Jewellery<\/li>\n<\/ul>","protected":false},"featured_media":12787,"comment_status":"closed","ping_status":"closed","template":"","meta":{"_acf_changed":false},"product_brand":[],"product_cat":[337,398],"product_tag":[187,188,189,205,206,212,190,183,213,184,207],"class_list":{"0":"post-10127","1":"product","2":"type-product","3":"status-publish","4":"has-post-thumbnail","6":"product_cat-gold-jewelry","7":"product_cat-shanga","8":"product_tag-conch","9":"product_tag-ear","10":"product_tag-helix","11":"product_tag-lobe","12":"product_tag-lobulo","13":"product_tag-medusa","14":"product_tag-oreja","15":"product_tag-perforacion","16":"product_tag-philtrum","17":"product_tag-piercing","18":"product_tag-tragus","20":"first","21":"instock","22":"taxable","23":"shipping-taxable","24":"purchasable","25":"product-type-simple"},"acf":[],"gallery_images":[29622,29621],"_links":{"self":[{"href":"https:\/\/tremunpiercing.com\/hr\/wp-json\/wp\/v2\/product\/10127","targetHints":{"allow":["GET"]}}],"collection":[{"href":"https:\/\/tremunpiercing.com\/hr\/wp-json\/wp\/v2\/product"}],"about":[{"href":"https:\/\/tremunpiercing.com\/hr\/wp-json\/wp\/v2\/types\/product"}],"replies":[{"embeddable":true,"href":"https:\/\/tremunpiercing.com\/hr\/wp-json\/wp\/v2\/comments?post=10127"}],"version-history":[{"count":1,"href":"https:\/\/tremunpiercing.com\/hr\/wp-json\/wp\/v2\/product\/10127\/revisions"}],"predecessor-version":[{"id":29623,"href":"https:\/\/tremunpiercing.com\/hr\/wp-json\/wp\/v2\/product\/10127\/revisions\/29623"}],"wp:featuredmedia":[{"embeddable":true,"href":"https:\/\/tremunpiercing.com\/hr\/wp-json\/wp\/v2\/media\/12787"}],"wp:attachment":[{"href":"https:\/\/tremunpiercing.com\/hr\/wp-json\/wp\/v2\/media?parent=10127"}],"wp:term":[{"taxonomy":"product_brand","embeddable":true,"href":"https:\/\/tremunpiercing.com\/hr\/wp-json\/wp\/v2\/product_brand?post=10127"},{"taxonomy":"product_cat","embeddable":true,"href":"https:\/\/tremunpiercing.com\/hr\/wp-json\/wp\/v2\/product_cat?post=10127"},{"taxonomy":"product_tag","embeddable":true,"href":"https:\/\/tremunpiercing.com\/hr\/wp-json\/wp\/v2\/product_tag?post=10127"}],"curies":[{"name":"radni list","href":"https:\/\/api.w.org\/{rel}","templated":true}]}}