{"id":10139,"date":"2024-08-21T21:07:20","date_gmt":"2024-08-21T20:07:20","guid":{"rendered":"https:\/\/tremunpiercing.com\/?post_type=product&#038;p=10139"},"modified":"2026-04-14T13:11:28","modified_gmt":"2026-04-14T12:11:28","slug":"alisea-4-with-bullets-copy","status":"publish","type":"product","link":"https:\/\/tremunpiercing.com\/hr\/product\/alisea-4-with-bullets-copy\/","title":{"rendered":"Panareja"},"content":{"rendered":"<p>Unesite eleganciju inspiriranu talijanskom kuhinjom u svoju ponudu piercinga uz Panareu iz Shanga Jewellery! Ovaj navojni vrh izra\u0111en je od visokokvalitetnog 18-karatnog \u017eutog zlata i ima prekrasne kubne cirkone koji \u0107e blistati u bilo kojem svjetlu ili sceni! Dostupan u nekoliko veli\u010dina - Panarea pru\u017ea fleksibilnost za razli\u010dite mogu\u0107nosti postavljanja, od hrskavice uha do nosnica ili piercinga na usnama. Panarea je izra\u0111ena tako da sigurno pristaje s navojnim labret stupi\u0107ima u veli\u010dinama 16G i 14G, osiguravaju\u0107i profesionalno pristajanje i pouzdanost, a uz to je lagan i udoban za va\u0161e klijente. Stil bez navoja omogu\u0107uje vam prakti\u010dnost mijenjanja nakita uz odr\u017eavanje sigurnosti.<\/p>\n<p>Luksuzni materijali i elegantan dizajn Panaree \u010dine je va\u017enim dizajnerskim elementom u svakom studiju za piercing i\/ili trgovini nakitom koja svojim klijentima nudi na\u010din da dodaju eleganciju ili ne\u0161to posebno svom nakitu za tijelo. \u010cvrst, hipoalergen i elegantan, ovaj komad je jednako svestran koliko i jednostavan!<\/p>","protected":false},"excerpt":{"rendered":"<ul>\n<li>Navojni vrh<\/li>\n<li>Materijal: \u017duto zlato 18k<\/li>\n<li>Dragulj: Kubni cirkonij<\/li>\n<li>Kompatibilno s labret stupovima od 16G i 14G<\/li>\n<li>Veli\u010dina: Velika \u2013 Mala<\/li>\n<li>Marka: Shanga Jewellery<\/li>\n<\/ul>","protected":false},"featured_media":10142,"comment_status":"closed","ping_status":"closed","template":"","meta":{"_acf_changed":false},"product_brand":[],"product_cat":[337,398],"product_tag":[187,188,189,205,206,212,190,183,213,184,207],"class_list":{"0":"post-10139","1":"product","2":"type-product","3":"status-publish","4":"has-post-thumbnail","6":"product_cat-gold-jewelry","7":"product_cat-shanga","8":"product_tag-conch","9":"product_tag-ear","10":"product_tag-helix","11":"product_tag-lobe","12":"product_tag-lobulo","13":"product_tag-medusa","14":"product_tag-oreja","15":"product_tag-perforacion","16":"product_tag-philtrum","17":"product_tag-piercing","18":"product_tag-tragus","20":"first","21":"instock","22":"featured","23":"taxable","24":"shipping-taxable","25":"purchasable","26":"product-type-variable"},"acf":[],"gallery_images":[29636,29635],"_links":{"self":[{"href":"https:\/\/tremunpiercing.com\/hr\/wp-json\/wp\/v2\/product\/10139","targetHints":{"allow":["GET"]}}],"collection":[{"href":"https:\/\/tremunpiercing.com\/hr\/wp-json\/wp\/v2\/product"}],"about":[{"href":"https:\/\/tremunpiercing.com\/hr\/wp-json\/wp\/v2\/types\/product"}],"replies":[{"embeddable":true,"href":"https:\/\/tremunpiercing.com\/hr\/wp-json\/wp\/v2\/comments?post=10139"}],"version-history":[{"count":1,"href":"https:\/\/tremunpiercing.com\/hr\/wp-json\/wp\/v2\/product\/10139\/revisions"}],"predecessor-version":[{"id":29637,"href":"https:\/\/tremunpiercing.com\/hr\/wp-json\/wp\/v2\/product\/10139\/revisions\/29637"}],"wp:featuredmedia":[{"embeddable":true,"href":"https:\/\/tremunpiercing.com\/hr\/wp-json\/wp\/v2\/media\/10142"}],"wp:attachment":[{"href":"https:\/\/tremunpiercing.com\/hr\/wp-json\/wp\/v2\/media?parent=10139"}],"wp:term":[{"taxonomy":"product_brand","embeddable":true,"href":"https:\/\/tremunpiercing.com\/hr\/wp-json\/wp\/v2\/product_brand?post=10139"},{"taxonomy":"product_cat","embeddable":true,"href":"https:\/\/tremunpiercing.com\/hr\/wp-json\/wp\/v2\/product_cat?post=10139"},{"taxonomy":"product_tag","embeddable":true,"href":"https:\/\/tremunpiercing.com\/hr\/wp-json\/wp\/v2\/product_tag?post=10139"}],"curies":[{"name":"radni list","href":"https:\/\/api.w.org\/{rel}","templated":true}]}}