{"id":10146,"date":"2024-08-21T21:37:08","date_gmt":"2024-08-21T20:37:08","guid":{"rendered":"https:\/\/tremunpiercing.com\/?post_type=product&#038;p=10146"},"modified":"2026-02-18T00:55:36","modified_gmt":"2026-02-17T23:55:36","slug":"square-alisea-4-with-bullets","status":"publish","type":"product","link":"https:\/\/tremunpiercing.com\/hr\/product\/square-alisea-4-with-bullets\/","title":{"rendered":"Kvadratna Alisea 4 s metacima"},"content":{"rendered":"<p>Kombiniraju\u0107i suvremeni dizajn i bezvremenski luksuz, Square Alisea 4 With Bullets iz Shanga Jewellery izra\u0111en je od 18-karatnog \u017eutog zlata. Vrh pribada\u010de bez navoja ima svjetlucave kubne cirkone postavljene u kvadratnom obliku s detaljnim mecima. Prilo\u017eene veli\u010dine omogu\u0107uju individualnost piercerima u stiliziranju za osobnu estetiku i postavljanje na klijente. Sustav pristajanja bez navoja, koji je siguran i nudi dvije opcije za Jonesovu kompatibilnost s labret stupi\u0107ima bez navoja od 16G i 14G, prakti\u010dan je za kori\u0161tenje na stolu.<\/p>\n<p>Square Alisea 4 izvrstan je komad nakita za u\u0161i, usne i sve gdje je po\u017eeljan ve\u0107i, istaknutiji nakit. Hipoalergeni zlatni materijal omogu\u0107uje vam da uz udobnost uz estetiku uzmete u obzir u procesu dizajniranja. Izvrstan dodatak za piercing studije i trgovce, Square Alisea 4 predstavlja modernu, elegantnu opciju za kvalitetan nakit od kubnog cirkonija. Savr\u0161eno pristaje svakoj profesionalnoj kolekciji, mo\u017ee se nositi kao samostalni komad ili u slojevima s drugim nakitom.<\/p>","protected":false},"excerpt":{"rendered":"<ul>\n<li>Bez navoja \u2013 Gornji dio s pritisnom iglom<\/li>\n<li>Materijal: Gornji dio od 18-karatnog \u017eutog zlata, igla od nehr\u0111aju\u0107eg \u010delika<\/li>\n<li>Dragulj: Kubni cirkonij<\/li>\n<li>Kompatibilno s 16G i 14G labret stupi\u0107ima bez navoja<\/li>\n<li>Veli\u010dina: Velika \u2013 Mala<\/li>\n<li>Marka: Shanga Jewellery<\/li>\n<\/ul>","protected":false},"featured_media":10149,"comment_status":"closed","ping_status":"closed","template":"","meta":{"_acf_changed":false},"product_brand":[],"product_cat":[337,398],"product_tag":[187,188,189,205,206,212,190,183,213,184,207],"class_list":{"0":"post-10146","1":"product","2":"type-product","3":"status-publish","4":"has-post-thumbnail","6":"product_cat-gold-jewelry","7":"product_cat-shanga","8":"product_tag-conch","9":"product_tag-ear","10":"product_tag-helix","11":"product_tag-lobe","12":"product_tag-lobulo","13":"product_tag-medusa","14":"product_tag-oreja","15":"product_tag-perforacion","16":"product_tag-philtrum","17":"product_tag-piercing","18":"product_tag-tragus","20":"first","21":"instock","22":"taxable","23":"shipping-taxable","24":"product-type-variable"},"acf":[],"gallery_images":[],"_links":{"self":[{"href":"https:\/\/tremunpiercing.com\/hr\/wp-json\/wp\/v2\/product\/10146","targetHints":{"allow":["GET"]}}],"collection":[{"href":"https:\/\/tremunpiercing.com\/hr\/wp-json\/wp\/v2\/product"}],"about":[{"href":"https:\/\/tremunpiercing.com\/hr\/wp-json\/wp\/v2\/types\/product"}],"replies":[{"embeddable":true,"href":"https:\/\/tremunpiercing.com\/hr\/wp-json\/wp\/v2\/comments?post=10146"}],"version-history":[{"count":0,"href":"https:\/\/tremunpiercing.com\/hr\/wp-json\/wp\/v2\/product\/10146\/revisions"}],"wp:featuredmedia":[{"embeddable":true,"href":"https:\/\/tremunpiercing.com\/hr\/wp-json\/wp\/v2\/media\/10149"}],"wp:attachment":[{"href":"https:\/\/tremunpiercing.com\/hr\/wp-json\/wp\/v2\/media?parent=10146"}],"wp:term":[{"taxonomy":"product_brand","embeddable":true,"href":"https:\/\/tremunpiercing.com\/hr\/wp-json\/wp\/v2\/product_brand?post=10146"},{"taxonomy":"product_cat","embeddable":true,"href":"https:\/\/tremunpiercing.com\/hr\/wp-json\/wp\/v2\/product_cat?post=10146"},{"taxonomy":"product_tag","embeddable":true,"href":"https:\/\/tremunpiercing.com\/hr\/wp-json\/wp\/v2\/product_tag?post=10146"}],"curies":[{"name":"radni list","href":"https:\/\/api.w.org\/{rel}","templated":true}]}}